{"id":5941,"date":"2024-11-01T10:58:53","date_gmt":"2024-11-01T10:58:53","guid":{"rendered":"https:\/\/ruumistruumi.ee\/pood\/hall-pruun-kummut-avola-av1999-86-akatsiapuust\/"},"modified":"2025-03-19T07:12:51","modified_gmt":"2025-03-19T07:12:51","slug":"hall-kummut-avola-av1999-86-akaatsiapuidust","status":"publish","type":"product","link":"https:\/\/blankpage.ee\/_ruumist-ruumi\/pood\/hall-kummut-avola-av1999-86-akaatsiapuidust\/","title":{"rendered":"Hall kummut Avola AV1999-86, akaatsiapuidust"},"content":{"rendered":"<p>Avola AV1999-86 puhvetkapp elutuppa. See hallikaspruun puhvetkapp heleda pruuni pealispinnaga toob teie elutuppa nii stiili kui ka praktilisuse. Kapp on varustatud kuue klaasitud uksega, mis on kaunistatud dekoratiivsete liistudega, ja kolme praktilise sahtliga, pakkudes elegantset hoiuruumi.<\/p>\n<p>Omadused:<br \/>\n<strong>Materjal:<\/strong> Akaatsiapuit ja vineer.<br \/>\n<strong>V\u00e4rv:<\/strong> Hallikaspruun korpus heleda pruuni pealispinnaga.<br \/>\n<strong>M\u00f5\u00f5tmed:<\/strong> Laius 219 cm, s\u00fcgavus 43 cm, k\u00f5rgus 89 cm.<br \/>\n<strong>T\u00e4iendavad detailid:<\/strong> Kuus ust, kolm riiulit, reguleeritav sisemine riiul, 4 mm karastatud klaas ja dekoratiivsed liistud.<br \/>\n<strong>Kokkupanek:<\/strong> Osaliselt kokku pandud, s\u00e4\u00e4stes aega ja vaeva.<\/p>\n<p>See Avola kollektsiooni puhvetkapp sobib suurep\u00e4raselt neile, kes hindavad kvaliteetset k\u00e4sit\u00f6\u00f6d ja funktsionaalset disaini. Metallist k\u00e4epidemed lisavad modernset puudutust, samas kui akaatsiapuidust ja vineerist valmistatud konstruktsioon tagab vastupidavuse. Sobib ideaalselt nii kaasaegsetesse kui ka klassikalistesse interj\u00f6\u00f6ridesse.<\/p>\n<p>&nbsp;<\/p>\n","protected":false},"excerpt":{"rendered":"<p>Avola AV1999-86 puhvetkapp elutuppa. See hallikaspruun puhvetkapp heleda pruuni pealispinnaga toob teie elutuppa nii stiili kui ka praktilisuse. Kapp on varustatud kuue klaasitud uksega, mis on kaunistatud dekoratiivsete liistudega, ja kolme praktilise sahtliga, pakkudes elegantset hoiuruumi. Omadused: Materjal: Akaatsiapuit ja vineer. V\u00e4rv: Hallikaspruun korpus heleda pruuni pealispinnaga. M\u00f5\u00f5tmed: Laius 219 cm, s\u00fcgavus 43 cm, k\u00f5rgus [&hellip;]<\/p>\n","protected":false},"featured_media":5942,"comment_status":"open","ping_status":"closed","template":"","meta":[],"product_brand":[],"product_cat":[81],"product_tag":[],"class_list":{"0":"post-5941","1":"product","2":"type-product","3":"status-publish","4":"has-post-thumbnail","6":"product_cat-kapid-riiulid-ja-kummutid","7":"product_shipping_class-livin-hill","8":"pa_kaepidemed-metall","9":"pa_kollektsioon-avola","10":"pa_materjal-akaatsiapuit","11":"pa_riiulite-arv-89","12":"pa_sahtlite-arv-95","13":"pa_uste-arv-241","14":"pa_varv-tumepruun","16":"first","17":"outofstock","18":"sale","19":"taxable","20":"shipping-taxable","21":"purchasable","22":"product-type-simple"},"_links":{"self":[{"href":"https:\/\/blankpage.ee\/_ruumist-ruumi\/wp-json\/wp\/v2\/product\/5941","targetHints":{"allow":["GET"]}}],"collection":[{"href":"https:\/\/blankpage.ee\/_ruumist-ruumi\/wp-json\/wp\/v2\/product"}],"about":[{"href":"https:\/\/blankpage.ee\/_ruumist-ruumi\/wp-json\/wp\/v2\/types\/product"}],"replies":[{"embeddable":true,"href":"https:\/\/blankpage.ee\/_ruumist-ruumi\/wp-json\/wp\/v2\/comments?post=5941"}],"wp:featuredmedia":[{"embeddable":true,"href":"https:\/\/blankpage.ee\/_ruumist-ruumi\/wp-json\/wp\/v2\/media\/5942"}],"wp:attachment":[{"href":"https:\/\/blankpage.ee\/_ruumist-ruumi\/wp-json\/wp\/v2\/media?parent=5941"}],"wp:term":[{"taxonomy":"product_brand","embeddable":true,"href":"https:\/\/blankpage.ee\/_ruumist-ruumi\/wp-json\/wp\/v2\/product_brand?post=5941"},{"taxonomy":"product_cat","embeddable":true,"href":"https:\/\/blankpage.ee\/_ruumist-ruumi\/wp-json\/wp\/v2\/product_cat?post=5941"},{"taxonomy":"product_tag","embeddable":true,"href":"https:\/\/blankpage.ee\/_ruumist-ruumi\/wp-json\/wp\/v2\/product_tag?post=5941"}],"curies":[{"name":"wp","href":"https:\/\/api.w.org\/{rel}","templated":true}]}}