{"id":5964,"date":"2024-11-01T11:11:39","date_gmt":"2024-11-01T11:11:39","guid":{"rendered":"https:\/\/ruumistruumi.ee\/pood\/must-kohvilaud-seville-sev05-0-tamme-ja-poogipuidust-mdf\/"},"modified":"2025-04-10T11:57:28","modified_gmt":"2025-04-10T11:57:28","slug":"must-kohvilaud-seville-sev05-0-tamme-ja-poogipuidust-mdf","status":"publish","type":"product","link":"https:\/\/blankpage.ee\/_ruumist-ruumi\/pood\/must-kohvilaud-seville-sev05-0-tamme-ja-poogipuidust-mdf\/","title":{"rendered":"Must kohvilaud Seville SEV05-0, tamme- ja p\u00f6\u00f6gipuidust, MDF"},"content":{"rendered":"<p>Seville SEV05-0 kohvilaud elutuppa. See ainulaadne kohvilaud \u00fchendab endas moodsa, retro ja elegantse disaini, mis toob elutuppa isikup\u00e4ra ja stiili. \u00dcmmargune lauaplaat on kaetud musta l\u00e4ikiva herringbone mustriga, mis lisab lauale luksuslikku ilmet. Laua kuldsed poolmati viimistlusega jalad on valmistatud tugevast tammepuidust, pakkudes vastupidavust ja stabiilsust. Lisaks on laual praktiline riiul.<\/p>\n<p>Omadused:<br \/>\n<strong>Materjal:<\/strong> Tamm ja p\u00f6\u00f6k, MDF.<br \/>\n<strong>V\u00e4rv:<\/strong> Must lauaplaat ja kuldsed jalad.<br \/>\n<strong>M\u00f5\u00f5tmed:<\/strong> Laua laius 90 cm, s\u00fcgavus 90 cm, k\u00f5rgus 40 cm.<br \/>\n<strong>T\u00e4iendavad detailid:<\/strong> Elegantne must herringbone mustriga lauaplaat.<br \/>\n<strong>Kokkupanek:<\/strong> Osaliselt kokku pandud, ei vaja paigaldust. S\u00e4\u00e4stab aega ja vaeva.<\/p>\n<p>&nbsp;<\/p>\n","protected":false},"excerpt":{"rendered":"<p>Seville SEV05-0 kohvilaud elutuppa. See ainulaadne kohvilaud \u00fchendab endas moodsa, retro ja elegantse disaini, mis toob elutuppa isikup\u00e4ra ja stiili. \u00dcmmargune lauaplaat on kaetud musta l\u00e4ikiva herringbone mustriga, mis lisab lauale luksuslikku ilmet. Laua kuldsed poolmati viimistlusega jalad on valmistatud tugevast tammepuidust, pakkudes vastupidavust ja stabiilsust. Lisaks on laual praktiline riiul. Omadused: Materjal: Tamm ja [&hellip;]<\/p>\n","protected":false},"featured_media":5965,"comment_status":"open","ping_status":"closed","template":"","meta":[],"product_brand":[],"product_cat":[118],"product_tag":[],"class_list":{"0":"post-5964","1":"product","2":"type-product","3":"status-publish","4":"has-post-thumbnail","6":"product_cat-diivanilauad","7":"product_shipping_class-livin-hill","8":"pa_kollektsioon-seville","9":"pa_materjal-tammepuit","10":"pa_varv-must","12":"first","13":"instock","14":"sale","15":"taxable","16":"shipping-taxable","17":"purchasable","18":"product-type-simple"},"_links":{"self":[{"href":"https:\/\/blankpage.ee\/_ruumist-ruumi\/wp-json\/wp\/v2\/product\/5964","targetHints":{"allow":["GET"]}}],"collection":[{"href":"https:\/\/blankpage.ee\/_ruumist-ruumi\/wp-json\/wp\/v2\/product"}],"about":[{"href":"https:\/\/blankpage.ee\/_ruumist-ruumi\/wp-json\/wp\/v2\/types\/product"}],"replies":[{"embeddable":true,"href":"https:\/\/blankpage.ee\/_ruumist-ruumi\/wp-json\/wp\/v2\/comments?post=5964"}],"wp:featuredmedia":[{"embeddable":true,"href":"https:\/\/blankpage.ee\/_ruumist-ruumi\/wp-json\/wp\/v2\/media\/5965"}],"wp:attachment":[{"href":"https:\/\/blankpage.ee\/_ruumist-ruumi\/wp-json\/wp\/v2\/media?parent=5964"}],"wp:term":[{"taxonomy":"product_brand","embeddable":true,"href":"https:\/\/blankpage.ee\/_ruumist-ruumi\/wp-json\/wp\/v2\/product_brand?post=5964"},{"taxonomy":"product_cat","embeddable":true,"href":"https:\/\/blankpage.ee\/_ruumist-ruumi\/wp-json\/wp\/v2\/product_cat?post=5964"},{"taxonomy":"product_tag","embeddable":true,"href":"https:\/\/blankpage.ee\/_ruumist-ruumi\/wp-json\/wp\/v2\/product_tag?post=5964"}],"curies":[{"name":"wp","href":"https:\/\/api.w.org\/{rel}","templated":true}]}}