{"id":5978,"date":"2024-11-01T11:12:34","date_gmt":"2024-11-01T11:12:34","guid":{"rendered":"https:\/\/ruumistruumi.ee\/pood\/must-kohvilaud-seville-sev05-1-tamme-ja-poogipuidust-mdf-st\/"},"modified":"2025-04-10T11:57:28","modified_gmt":"2025-04-10T11:57:28","slug":"must-kohvilaud-seville-sev05-1-tamme-ja-poogipuidust-mdf-st","status":"publish","type":"product","link":"https:\/\/blankpage.ee\/_ruumist-ruumi\/pood\/must-kohvilaud-seville-sev05-1-tamme-ja-poogipuidust-mdf-st\/","title":{"rendered":"Must kohvilaud Seville SEV05-1, tamme- ja p\u00f6\u00f6gipuidust, MDF"},"content":{"rendered":"<p>Seville SEV05-1 kohvilaud elutuppa. See unikaalne kohvilaud on valmistatud p\u00f6\u00f6gipuidust ning \u00fchendab endas modernse, retro ja elegantse stiili. Ristk\u00fclikukujuline lauaplaat on kaunistatud kalasabamustrilise intarsiaga, mis on l\u00e4ikivmust. U-kujulised jalad on poolmatti kuldset tooni ning valmistatud tugevast tammepuidust, lisades lauale stabiilsust ja visuaalset huvi. <\/p>\n<p>Seville kollektsiooni kohvilaud on ideaalne valik neile, kes hindavad kvaliteetset disaini ja praktilisust. Laua all on \u00fcks riiul, mis pakub lisaruumi raamatute v\u00f5i ajakirjade hoidmiseks. Osaliselt kokkupandud konstruktsioon s\u00e4\u00e4stab aega ja vaeva, muutes paigaldamise lihtsaks.<\/p>\n<p>Omadused:<br \/>\n<strong>Materjal:<\/strong> P\u00f6\u00f6gipuit, tammepuit ja MDF.<br \/>\n<strong>V\u00e4rv:<\/strong> Must lauaplaat ja kuldsed jalad.<br \/>\n<strong>M\u00f5\u00f5tmed:<\/strong> Laius 120 cm, s\u00fcgavus 60 cm, k\u00f5rgus 42 cm.<br \/>\n<strong>T\u00e4iendavad detailid:<\/strong> Kalasabamustriline intarsia ja \u00fcks hoiuriiul.<br \/>\n<strong>Kokkupanek:<\/strong> Osaliselt kokkupandud, ei vaja paigaldust. S\u00e4\u00e4stab aega ja vaeva.<\/p>\n<p>&nbsp;<\/p>\n","protected":false},"excerpt":{"rendered":"<p>Seville SEV05-1 kohvilaud elutuppa. See unikaalne kohvilaud on valmistatud p\u00f6\u00f6gipuidust ning \u00fchendab endas modernse, retro ja elegantse stiili. Ristk\u00fclikukujuline lauaplaat on kaunistatud kalasabamustrilise intarsiaga, mis on l\u00e4ikivmust. U-kujulised jalad on poolmatti kuldset tooni ning valmistatud tugevast tammepuidust, lisades lauale stabiilsust ja visuaalset huvi. Seville kollektsiooni kohvilaud on ideaalne valik neile, kes hindavad kvaliteetset disaini ja [&hellip;]<\/p>\n","protected":false},"featured_media":5979,"comment_status":"open","ping_status":"closed","template":"","meta":[],"product_brand":[],"product_cat":[118],"product_tag":[],"class_list":{"0":"post-5978","1":"product","2":"type-product","3":"status-publish","4":"has-post-thumbnail","6":"product_cat-diivanilauad","7":"product_shipping_class-livin-hill","8":"pa_kollektsioon-seville","9":"pa_materjal-tammepuit","10":"pa_riiulite-arv-99","11":"pa_varv-must","13":"first","14":"instock","15":"sale","16":"taxable","17":"shipping-taxable","18":"purchasable","19":"product-type-simple"},"_links":{"self":[{"href":"https:\/\/blankpage.ee\/_ruumist-ruumi\/wp-json\/wp\/v2\/product\/5978","targetHints":{"allow":["GET"]}}],"collection":[{"href":"https:\/\/blankpage.ee\/_ruumist-ruumi\/wp-json\/wp\/v2\/product"}],"about":[{"href":"https:\/\/blankpage.ee\/_ruumist-ruumi\/wp-json\/wp\/v2\/types\/product"}],"replies":[{"embeddable":true,"href":"https:\/\/blankpage.ee\/_ruumist-ruumi\/wp-json\/wp\/v2\/comments?post=5978"}],"wp:featuredmedia":[{"embeddable":true,"href":"https:\/\/blankpage.ee\/_ruumist-ruumi\/wp-json\/wp\/v2\/media\/5979"}],"wp:attachment":[{"href":"https:\/\/blankpage.ee\/_ruumist-ruumi\/wp-json\/wp\/v2\/media?parent=5978"}],"wp:term":[{"taxonomy":"product_brand","embeddable":true,"href":"https:\/\/blankpage.ee\/_ruumist-ruumi\/wp-json\/wp\/v2\/product_brand?post=5978"},{"taxonomy":"product_cat","embeddable":true,"href":"https:\/\/blankpage.ee\/_ruumist-ruumi\/wp-json\/wp\/v2\/product_cat?post=5978"},{"taxonomy":"product_tag","embeddable":true,"href":"https:\/\/blankpage.ee\/_ruumist-ruumi\/wp-json\/wp\/v2\/product_tag?post=5978"}],"curies":[{"name":"wp","href":"https:\/\/api.w.org\/{rel}","templated":true}]}}