{"id":5989,"date":"2024-11-01T11:13:23","date_gmt":"2024-11-01T11:13:23","guid":{"rendered":"https:\/\/ruumistruumi.ee\/pood\/must-konsoollaud-seville-sev06-1-tamme-ja-poogipuidust-mdf\/"},"modified":"2025-06-17T08:57:27","modified_gmt":"2025-06-17T08:57:27","slug":"must-konsoollaud-seville-sev06-1-tamme-ja-poogipuidust-mdf","status":"publish","type":"product","link":"https:\/\/blankpage.ee\/_ruumist-ruumi\/pood\/must-konsoollaud-seville-sev06-1-tamme-ja-poogipuidust-mdf\/","title":{"rendered":"Must konsoollaud Seville SEV06-1, tamme- ja p\u00f6\u00f6gipuidust, MDF"},"content":{"rendered":"<p>Seville SEV06-1 konsoollaud esikusse. See ainulaadne konsoollaud \u00fchendab endas modernse, retro ja elegantse disaini, olles valmistatud p\u00f6\u00f6gipuidust. Laua ristk\u00fclikukujuline pealispind on kaunistatud kalasabamustriga, mis on l\u00e4ikivmust. U-kujulised jalad on poolmatti kuldset tooni ning valmistatud tugevast tammepuidust, lisades lauale luksusliku ja ajatu v\u00e4limuse.<\/p>\n<p>Omadused:<br \/>\n<strong>Materjal:<\/strong> P\u00f6\u00f6gipuit, tammepuit ja MDF.<br \/>\n<strong>V\u00e4rv:<\/strong> Must pealispind ja messingist jalad.<br \/>\n<strong>M\u00f5\u00f5tmed:<\/strong> Laius 110 cm, s\u00fcgavus 40 cm, k\u00f5rgus 78 cm.<br \/>\n<strong>T\u00e4iendavad detailid:<\/strong> Osaliselt kokku pandud, s\u00e4\u00e4stes aega ja vaeva paigaldamisel.<\/p>\n<p>&nbsp;<\/p>\n","protected":false},"excerpt":{"rendered":"<p>Seville SEV06-1 konsoollaud esikusse. See ainulaadne konsoollaud \u00fchendab endas modernse, retro ja elegantse disaini, olles valmistatud p\u00f6\u00f6gipuidust. Laua ristk\u00fclikukujuline pealispind on kaunistatud kalasabamustriga, mis on l\u00e4ikivmust. U-kujulised jalad on poolmatti kuldset tooni ning valmistatud tugevast tammepuidust, lisades lauale luksusliku ja ajatu v\u00e4limuse. Omadused: Materjal: P\u00f6\u00f6gipuit, tammepuit ja MDF. V\u00e4rv: Must pealispind ja messingist jalad. M\u00f5\u00f5tmed: [&hellip;]<\/p>\n","protected":false},"featured_media":5990,"comment_status":"open","ping_status":"closed","template":"","meta":[],"product_brand":[],"product_cat":[83],"product_tag":[],"class_list":{"0":"post-5989","1":"product","2":"type-product","3":"status-publish","4":"has-post-thumbnail","6":"product_cat-konsoollauad","7":"product_shipping_class-livin-hill","8":"pa_kollektsioon-seville","9":"pa_materjal-tamme-ja-poogipuit","10":"pa_varv-must","12":"first","13":"instock","14":"sale","15":"taxable","16":"shipping-taxable","17":"purchasable","18":"product-type-simple"},"_links":{"self":[{"href":"https:\/\/blankpage.ee\/_ruumist-ruumi\/wp-json\/wp\/v2\/product\/5989","targetHints":{"allow":["GET"]}}],"collection":[{"href":"https:\/\/blankpage.ee\/_ruumist-ruumi\/wp-json\/wp\/v2\/product"}],"about":[{"href":"https:\/\/blankpage.ee\/_ruumist-ruumi\/wp-json\/wp\/v2\/types\/product"}],"replies":[{"embeddable":true,"href":"https:\/\/blankpage.ee\/_ruumist-ruumi\/wp-json\/wp\/v2\/comments?post=5989"}],"wp:featuredmedia":[{"embeddable":true,"href":"https:\/\/blankpage.ee\/_ruumist-ruumi\/wp-json\/wp\/v2\/media\/5990"}],"wp:attachment":[{"href":"https:\/\/blankpage.ee\/_ruumist-ruumi\/wp-json\/wp\/v2\/media?parent=5989"}],"wp:term":[{"taxonomy":"product_brand","embeddable":true,"href":"https:\/\/blankpage.ee\/_ruumist-ruumi\/wp-json\/wp\/v2\/product_brand?post=5989"},{"taxonomy":"product_cat","embeddable":true,"href":"https:\/\/blankpage.ee\/_ruumist-ruumi\/wp-json\/wp\/v2\/product_cat?post=5989"},{"taxonomy":"product_tag","embeddable":true,"href":"https:\/\/blankpage.ee\/_ruumist-ruumi\/wp-json\/wp\/v2\/product_tag?post=5989"}],"curies":[{"name":"wp","href":"https:\/\/api.w.org\/{rel}","templated":true}]}}