{"id":6003,"date":"2024-11-01T11:14:17","date_gmt":"2024-11-01T11:14:17","guid":{"rendered":"https:\/\/ruumistruumi.ee\/pood\/must-seville-sev07-0-lauaneste-tamme-ja-pookpuidust-mdf\/"},"modified":"2025-04-10T11:57:28","modified_gmt":"2025-04-10T11:57:28","slug":"must-seville-sev07-0-lauaneste-tamme-ja-pookpuidust-mdf","status":"publish","type":"product","link":"https:\/\/blankpage.ee\/_ruumist-ruumi\/pood\/must-seville-sev07-0-lauaneste-tamme-ja-pookpuidust-mdf\/","title":{"rendered":"Must kohvilaudade komplekt Seville SEV07-0, tamme- ja p\u00f6\u00f6gipuidust, MDF"},"content":{"rendered":"<p>Seville SEV07-0 kohvilaudade komplekt elutuppa. See elegantne komplekt koosneb kahest laualt, mis lisavad teie elutuppa stiili ja praktilisust. Lauad on valmistatud p\u00f6\u00f6gipuidust ning nende disain \u00fchendab endas modernse, retro ja glamuuri stiili. \u00dcmarate lauaplaatide mustriline pealispind on l\u00e4ikivmust, mis loob ruumis pilkup\u00fc\u00fcdva fookuspunkti. Lauajalgade kuldne poolmatt viimistlus on valmistatud tugevast tammepuidust, lisades komplektile vastupidavust ja luksuslikkust.<\/p>\n<p>Seville kollektsiooni kohvilauad on suurep\u00e4rane valik, kui soovite oma elutuppa lisada nutikalt paigutatavaid ja mitmek\u00fclgseid m\u00f6\u00f6bliesemeid. Lauad on osaliselt kokkupandud, mis t\u00e4hendab, et need ei vaja paigaldust, s\u00e4\u00e4stes teie aega ja vaeva.<\/p>\n<p>Omadused:<br \/>\n<strong>Materjal:<\/strong> P\u00f6\u00f6k- ja tammepuit, MDF.<br \/>\n<strong>V\u00e4rv:<\/strong> Mustad lauaplaadid ja kuldsed jalad.<br \/>\n<strong>M\u00f5\u00f5tmed:<\/strong> Laius 90\/76 cm, s\u00fcgavus 90\/76 cm, k\u00f5rgus 42\/38 cm.<br \/>\n<strong>T\u00e4iendavad detailid:<\/strong> Herringbone mustriga pealispind.<br \/>\n<strong>Kokkupanek:<\/strong> Osaliselt kokkupandud, ei vaja paigaldust. S\u00e4\u00e4stab aega ja vaeva.<\/p>\n<p>&nbsp;<\/p>\n","protected":false},"excerpt":{"rendered":"<p>Seville SEV07-0 kohvilaudade komplekt elutuppa. See elegantne komplekt koosneb kahest laualt, mis lisavad teie elutuppa stiili ja praktilisust. Lauad on valmistatud p\u00f6\u00f6gipuidust ning nende disain \u00fchendab endas modernse, retro ja glamuuri stiili. \u00dcmarate lauaplaatide mustriline pealispind on l\u00e4ikivmust, mis loob ruumis pilkup\u00fc\u00fcdva fookuspunkti. Lauajalgade kuldne poolmatt viimistlus on valmistatud tugevast tammepuidust, lisades komplektile vastupidavust ja [&hellip;]<\/p>\n","protected":false},"featured_media":6004,"comment_status":"open","ping_status":"closed","template":"","meta":[],"product_brand":[],"product_cat":[118],"product_tag":[],"class_list":{"0":"post-6003","1":"product","2":"type-product","3":"status-publish","4":"has-post-thumbnail","6":"product_cat-diivanilauad","7":"product_shipping_class-livin-hill","8":"pa_kollektsioon-seville","9":"pa_materjal-puit","10":"pa_varv-must","12":"first","13":"instock","14":"sale","15":"taxable","16":"shipping-taxable","17":"purchasable","18":"product-type-simple"},"_links":{"self":[{"href":"https:\/\/blankpage.ee\/_ruumist-ruumi\/wp-json\/wp\/v2\/product\/6003","targetHints":{"allow":["GET"]}}],"collection":[{"href":"https:\/\/blankpage.ee\/_ruumist-ruumi\/wp-json\/wp\/v2\/product"}],"about":[{"href":"https:\/\/blankpage.ee\/_ruumist-ruumi\/wp-json\/wp\/v2\/types\/product"}],"replies":[{"embeddable":true,"href":"https:\/\/blankpage.ee\/_ruumist-ruumi\/wp-json\/wp\/v2\/comments?post=6003"}],"wp:featuredmedia":[{"embeddable":true,"href":"https:\/\/blankpage.ee\/_ruumist-ruumi\/wp-json\/wp\/v2\/media\/6004"}],"wp:attachment":[{"href":"https:\/\/blankpage.ee\/_ruumist-ruumi\/wp-json\/wp\/v2\/media?parent=6003"}],"wp:term":[{"taxonomy":"product_brand","embeddable":true,"href":"https:\/\/blankpage.ee\/_ruumist-ruumi\/wp-json\/wp\/v2\/product_brand?post=6003"},{"taxonomy":"product_cat","embeddable":true,"href":"https:\/\/blankpage.ee\/_ruumist-ruumi\/wp-json\/wp\/v2\/product_cat?post=6003"},{"taxonomy":"product_tag","embeddable":true,"href":"https:\/\/blankpage.ee\/_ruumist-ruumi\/wp-json\/wp\/v2\/product_tag?post=6003"}],"curies":[{"name":"wp","href":"https:\/\/api.w.org\/{rel}","templated":true}]}}