{"id":6019,"date":"2024-11-01T11:15:21","date_gmt":"2024-11-01T11:15:21","guid":{"rendered":"https:\/\/ruumistruumi.ee\/pood\/must-tv-alus-seville-sev25-2-tamme-ja-pookpuust-mdf\/"},"modified":"2025-06-17T08:57:28","modified_gmt":"2025-06-17T08:57:28","slug":"must-tv-alus-seville-sev25-2-tamme-ja-pookpuust-mdf","status":"publish","type":"product","link":"https:\/\/blankpage.ee\/_ruumist-ruumi\/pood\/must-tv-alus-seville-sev25-2-tamme-ja-pookpuust-mdf\/","title":{"rendered":"Must TV-alus Seville SEV25-2, tamme- ja p\u00f6\u00f6gipuidust"},"content":{"rendered":"<p>Seville SEV25-2 TV-alus elutuppa. See ainulaadne vitriinkapp on valmistatud p\u00f6\u00f6gipuidust, kombineerides modernse, retro ja elegantse disaini. Kapi korpusel on n\u00e4htav puidustruktuur ning esipaneelidel on kalasabamustriga intarsia, mis on kaetud l\u00e4ikiva musta viimistlusega. K\u00e4epidemed ja sokkel on poolmati kuldse tooniga, lisades luksuslikku aktsenti.<\/p>\n<p>Omadused:<br \/>\n<strong>Materjal:<\/strong> Tamm ja p\u00f6\u00f6gipuit, MDF.<br \/>\n<strong>V\u00e4rv:<\/strong> Must, messingist jalad ja k\u00e4epidemed.<br \/>\n<strong>M\u00f5\u00f5tmed:<\/strong> Laius 180 cm, s\u00fcgavus 38 cm, k\u00f5rgus 50 cm.<br \/>\n<strong>T\u00e4iendavad detailid:<\/strong> 2 ust, 1 riiul.<br \/>\n<strong>Kokkupanek:<\/strong> Kokkupandud, ei vaja paigaldust. S\u00e4\u00e4stab aega ja vaeva.<\/p>\n<p>&nbsp;<\/p>\n","protected":false},"excerpt":{"rendered":"<p>Seville SEV25-2 TV-alus elutuppa. See ainulaadne vitriinkapp on valmistatud p\u00f6\u00f6gipuidust, kombineerides modernse, retro ja elegantse disaini. Kapi korpusel on n\u00e4htav puidustruktuur ning esipaneelidel on kalasabamustriga intarsia, mis on kaetud l\u00e4ikiva musta viimistlusega. K\u00e4epidemed ja sokkel on poolmati kuldse tooniga, lisades luksuslikku aktsenti. Omadused: Materjal: Tamm ja p\u00f6\u00f6gipuit, MDF. V\u00e4rv: Must, messingist jalad ja k\u00e4epidemed. M\u00f5\u00f5tmed: [&hellip;]<\/p>\n","protected":false},"featured_media":6020,"comment_status":"open","ping_status":"open","template":"","meta":[],"product_brand":[],"product_cat":[85],"product_tag":[],"class_list":{"0":"post-6019","1":"product","2":"type-product","3":"status-publish","4":"has-post-thumbnail","6":"product_cat-tv-alused","7":"product_shipping_class-livin-hill","8":"pa_kollektsioon-seville","9":"pa_materjal-puit","10":"pa_riiulite-arv-99","11":"pa_uste-arv-94","12":"pa_varv-must","14":"first","15":"instock","16":"sale","17":"taxable","18":"shipping-taxable","19":"purchasable","20":"product-type-simple"},"_links":{"self":[{"href":"https:\/\/blankpage.ee\/_ruumist-ruumi\/wp-json\/wp\/v2\/product\/6019","targetHints":{"allow":["GET"]}}],"collection":[{"href":"https:\/\/blankpage.ee\/_ruumist-ruumi\/wp-json\/wp\/v2\/product"}],"about":[{"href":"https:\/\/blankpage.ee\/_ruumist-ruumi\/wp-json\/wp\/v2\/types\/product"}],"replies":[{"embeddable":true,"href":"https:\/\/blankpage.ee\/_ruumist-ruumi\/wp-json\/wp\/v2\/comments?post=6019"}],"wp:featuredmedia":[{"embeddable":true,"href":"https:\/\/blankpage.ee\/_ruumist-ruumi\/wp-json\/wp\/v2\/media\/6020"}],"wp:attachment":[{"href":"https:\/\/blankpage.ee\/_ruumist-ruumi\/wp-json\/wp\/v2\/media?parent=6019"}],"wp:term":[{"taxonomy":"product_brand","embeddable":true,"href":"https:\/\/blankpage.ee\/_ruumist-ruumi\/wp-json\/wp\/v2\/product_brand?post=6019"},{"taxonomy":"product_cat","embeddable":true,"href":"https:\/\/blankpage.ee\/_ruumist-ruumi\/wp-json\/wp\/v2\/product_cat?post=6019"},{"taxonomy":"product_tag","embeddable":true,"href":"https:\/\/blankpage.ee\/_ruumist-ruumi\/wp-json\/wp\/v2\/product_tag?post=6019"}],"curies":[{"name":"wp","href":"https:\/\/api.w.org\/{rel}","templated":true}]}}