{"id":6034,"date":"2024-11-01T11:16:14","date_gmt":"2024-11-01T11:16:14","guid":{"rendered":"https:\/\/ruumistruumi.ee\/pood\/must-vitriinkapp-seville-sev26-2-tamme-ja-poogipuidust-mdf\/"},"modified":"2025-04-10T11:57:29","modified_gmt":"2025-04-10T11:57:29","slug":"must-vitriinkapp-seville-sev26-2-tamme-ja-poogipuidust-mdf","status":"publish","type":"product","link":"https:\/\/blankpage.ee\/_ruumist-ruumi\/pood\/must-vitriinkapp-seville-sev26-2-tamme-ja-poogipuidust-mdf\/","title":{"rendered":"Must vitriinkapp Seville SEV26-2, tamme- ja p\u00f6\u00f6gipuidust"},"content":{"rendered":"<p>Seville SEV26-2 vitriinkapp elutuppa. See ainulaadne vitriinkapp on valmistatud p\u00f6\u00f6gipuidust, kombineerides modernset, retro ja glamuurset disaini. Kapi korpusel on n\u00e4htav puidustruktuur, samas kui esipaneelid on kaunistatud musta l\u00e4ikiva kalasabamustriga. Kuldsetes poolmattides toonides baarik\u00e4epidemed ja sokkel lisavad elegantset aktsenti.<\/p>\n<p>See vitriinkapp toob elutuppa stiili ja praktilisuse, olles ideaalne lahendus nii raamatute kui ka dekoratiivesemete eksponeerimiseks. Kolm riiulit ja kaks ust pakuvad piisavalt hoiuruumi, et hoida k\u00f5ik vajalik k\u00e4ep\u00e4rast ja korras. Kapi must ja kuldne v\u00e4rvikombinatsioon loob luksusliku ja ajatu ilme, mis sobib suurep\u00e4raselt erinevatesse sisekujundusstiilidesse.<\/p>\n<p>Omadused:<br \/>\n<strong>Materjal:<\/strong> Tamm ja p\u00f6\u00f6gipuit, MDF.<br \/>\n<strong>V\u00e4rv:<\/strong> Must, kuldsed jalad ja k\u00e4epidemed.<br \/>\n<strong>M\u00f5\u00f5tmed:<\/strong> Laius 100 cm, s\u00fcgavus 41 cm, k\u00f5rgus 200 cm.<br \/>\n<strong>T\u00e4iendavad detailid:<\/strong> Kaks ust, kolm riiulit.<br \/>\n<strong>Kokkupanek:<\/strong> Kokkupandud, ei vaja paigaldust. S\u00e4\u00e4stab aega ja vaeva.<\/p>\n<p>&nbsp;<\/p>\n","protected":false},"excerpt":{"rendered":"<p>Seville SEV26-2 vitriinkapp elutuppa. See ainulaadne vitriinkapp on valmistatud p\u00f6\u00f6gipuidust, kombineerides modernset, retro ja glamuurset disaini. Kapi korpusel on n\u00e4htav puidustruktuur, samas kui esipaneelid on kaunistatud musta l\u00e4ikiva kalasabamustriga. Kuldsetes poolmattides toonides baarik\u00e4epidemed ja sokkel lisavad elegantset aktsenti. See vitriinkapp toob elutuppa stiili ja praktilisuse, olles ideaalne lahendus nii raamatute kui ka dekoratiivesemete eksponeerimiseks. Kolm [&hellip;]<\/p>\n","protected":false},"featured_media":6035,"comment_status":"open","ping_status":"closed","template":"","meta":[],"product_brand":[],"product_cat":[73],"product_tag":[],"class_list":{"0":"post-6034","1":"product","2":"type-product","3":"status-publish","4":"has-post-thumbnail","6":"product_cat-vitriinkapid","7":"product_shipping_class-livin-hill","8":"pa_kollektsioon-seville","9":"pa_materjal-puit","10":"pa_riiulite-arv-89","11":"pa_uste-arv-94","12":"pa_varv-must","14":"first","15":"instock","16":"sale","17":"taxable","18":"shipping-taxable","19":"purchasable","20":"product-type-simple"},"_links":{"self":[{"href":"https:\/\/blankpage.ee\/_ruumist-ruumi\/wp-json\/wp\/v2\/product\/6034","targetHints":{"allow":["GET"]}}],"collection":[{"href":"https:\/\/blankpage.ee\/_ruumist-ruumi\/wp-json\/wp\/v2\/product"}],"about":[{"href":"https:\/\/blankpage.ee\/_ruumist-ruumi\/wp-json\/wp\/v2\/types\/product"}],"replies":[{"embeddable":true,"href":"https:\/\/blankpage.ee\/_ruumist-ruumi\/wp-json\/wp\/v2\/comments?post=6034"}],"wp:featuredmedia":[{"embeddable":true,"href":"https:\/\/blankpage.ee\/_ruumist-ruumi\/wp-json\/wp\/v2\/media\/6035"}],"wp:attachment":[{"href":"https:\/\/blankpage.ee\/_ruumist-ruumi\/wp-json\/wp\/v2\/media?parent=6034"}],"wp:term":[{"taxonomy":"product_brand","embeddable":true,"href":"https:\/\/blankpage.ee\/_ruumist-ruumi\/wp-json\/wp\/v2\/product_brand?post=6034"},{"taxonomy":"product_cat","embeddable":true,"href":"https:\/\/blankpage.ee\/_ruumist-ruumi\/wp-json\/wp\/v2\/product_cat?post=6034"},{"taxonomy":"product_tag","embeddable":true,"href":"https:\/\/blankpage.ee\/_ruumist-ruumi\/wp-json\/wp\/v2\/product_tag?post=6034"}],"curies":[{"name":"wp","href":"https:\/\/api.w.org\/{rel}","templated":true}]}}