{"id":6051,"date":"2024-12-05T12:35:05","date_gmt":"2024-12-05T12:35:05","guid":{"rendered":"https:\/\/ruumistruumi.ee\/pood\/must-raamatukapp-seville-sev27-4-tamme-ja-poogipuidust-mdf-st\/"},"modified":"2025-04-10T11:57:29","modified_gmt":"2025-04-10T11:57:29","slug":"must-raamaturiiul-seville-sev27-4-tamme-ja-poogipuidust-mdf","status":"publish","type":"product","link":"https:\/\/blankpage.ee\/_ruumist-ruumi\/pood\/must-raamaturiiul-seville-sev27-4-tamme-ja-poogipuidust-mdf\/","title":{"rendered":"Must raamaturiiul Seville SEV27-4, tamme- ja p\u00f6\u00f6gipuidust, MDF"},"content":{"rendered":"<p>Seville SEV27-4 raamaturiiul kodukontorisse. See ainulaadne vitriinkapp \u00fchendab endas modernse, retro ja glamuurse stiili, tuues teie ruumi elegantsi ja funktsionaalsust. Vitriinkapi korpus ja riiulid on l\u00e4ikivmustad, millel on n\u00e4htav puidustruktuur, lisades s\u00fcgavust ja iseloomu. Vertikaalsed elemendid on valmistatud tugevast tamme- ja p\u00f6\u00f6gipuidust ning kaetud poolmati kuldse viimistlusega, tuues esile luksusliku v\u00e4limuse.<\/p>\n<p>Seville SEV27-4 raamaturiiul pakub viit avarat riiulit, mis on ideaalne lahendus raamatute, dekoratiivesemete v\u00f5i t\u00f6\u00f6vahendite korraldamiseks. Selle m\u00f5\u00f5tmed &#8211; laius 90 cm, s\u00fcgavus 35 cm ja k\u00f5rgus 188 cm &#8211; teevad sellest praktilise valiku igasse kodukontorisse, pakkudes piisavalt hoiuruumi ilma ruumi \u00fcle koormamata.<\/p>\n<p>Omadused:<br \/>\n<strong>Materjal:<\/strong> Tammepuit, p\u00f6\u00f6gipuit ja MDF.<br \/>\n<strong>V\u00e4rv:<\/strong> Must messingist raam, pealis-\/\u00e4\u00e4risv\u00e4rv.<br \/>\n<strong>M\u00f5\u00f5tmed:<\/strong> Laius 90 cm, s\u00fcgavus 35 cm, k\u00f5rgus 188 cm.<br \/>\n<strong>T\u00e4iendavad detailid:<\/strong> Viis riiulit, osaliselt kokku pandud, s\u00e4\u00e4stab aega ja vaeva.<\/p>\n<p>&nbsp;<\/p>\n","protected":false},"excerpt":{"rendered":"<p>Seville SEV27-4 raamaturiiul kodukontorisse. See ainulaadne vitriinkapp \u00fchendab endas modernse, retro ja glamuurse stiili, tuues teie ruumi elegantsi ja funktsionaalsust. Vitriinkapi korpus ja riiulid on l\u00e4ikivmustad, millel on n\u00e4htav puidustruktuur, lisades s\u00fcgavust ja iseloomu. Vertikaalsed elemendid on valmistatud tugevast tamme- ja p\u00f6\u00f6gipuidust ning kaetud poolmati kuldse viimistlusega, tuues esile luksusliku v\u00e4limuse. Seville SEV27-4 raamaturiiul pakub [&hellip;]<\/p>\n","protected":false},"featured_media":6052,"comment_status":"open","ping_status":"closed","template":"","meta":[],"product_brand":[],"product_cat":[97],"product_tag":[],"class_list":{"0":"post-6051","1":"product","2":"type-product","3":"status-publish","4":"has-post-thumbnail","6":"product_cat-raamaturiiulid","7":"product_shipping_class-livin-hill","8":"pa_kollektsioon-seville","9":"pa_materjal-tammepuit","10":"pa_riiulite-arv-261","11":"pa_varv-must","13":"first","14":"instock","15":"sale","16":"taxable","17":"shipping-taxable","18":"purchasable","19":"product-type-simple"},"_links":{"self":[{"href":"https:\/\/blankpage.ee\/_ruumist-ruumi\/wp-json\/wp\/v2\/product\/6051","targetHints":{"allow":["GET"]}}],"collection":[{"href":"https:\/\/blankpage.ee\/_ruumist-ruumi\/wp-json\/wp\/v2\/product"}],"about":[{"href":"https:\/\/blankpage.ee\/_ruumist-ruumi\/wp-json\/wp\/v2\/types\/product"}],"replies":[{"embeddable":true,"href":"https:\/\/blankpage.ee\/_ruumist-ruumi\/wp-json\/wp\/v2\/comments?post=6051"}],"wp:featuredmedia":[{"embeddable":true,"href":"https:\/\/blankpage.ee\/_ruumist-ruumi\/wp-json\/wp\/v2\/media\/6052"}],"wp:attachment":[{"href":"https:\/\/blankpage.ee\/_ruumist-ruumi\/wp-json\/wp\/v2\/media?parent=6051"}],"wp:term":[{"taxonomy":"product_brand","embeddable":true,"href":"https:\/\/blankpage.ee\/_ruumist-ruumi\/wp-json\/wp\/v2\/product_brand?post=6051"},{"taxonomy":"product_cat","embeddable":true,"href":"https:\/\/blankpage.ee\/_ruumist-ruumi\/wp-json\/wp\/v2\/product_cat?post=6051"},{"taxonomy":"product_tag","embeddable":true,"href":"https:\/\/blankpage.ee\/_ruumist-ruumi\/wp-json\/wp\/v2\/product_tag?post=6051"}],"curies":[{"name":"wp","href":"https:\/\/api.w.org\/{rel}","templated":true}]}}