{"id":6068,"date":"2024-11-01T11:17:59","date_gmt":"2024-11-01T11:17:59","guid":{"rendered":"https:\/\/ruumistruumi.ee\/pood\/pahklipuu-soogilaud-avola-av1781-79-akatsiapuust\/"},"modified":"2025-04-10T11:57:29","modified_gmt":"2025-04-10T11:57:29","slug":"pahklipruun-soogilaud-avola-av1781-79-akatsiapuust","status":"publish","type":"product","link":"https:\/\/blankpage.ee\/_ruumist-ruumi\/pood\/pahklipruun-soogilaud-avola-av1781-79-akatsiapuust\/","title":{"rendered":"P\u00e4hklitooni s\u00f6\u00f6gilaud Avola AV1781-79, akaatsiapuidust"},"content":{"rendered":"<p>Avola AV1781-79 s\u00f6\u00f6gilaud on ideaalne t\u00e4iendus teie s\u00f6\u00f6gituppa, pakkudes t\u00f6\u00f6stuslikku stiili ja unikaalset disaini. Selle laua tugev akaatsiapuidust lauaplaat koos mustade metallist juukseklambrijalgadega loob muljetavaldava kontrasti, mis t\u00f5stab esile ruumi iseloomu. Lauaplaadi ebatavaline kuju, mis tuleneb naturaalse puidu omadustest, annab igale lauale kordumatu v\u00e4limuse.<\/p>\n<p>Avola kollektsiooni kuuluv s\u00f6\u00f6gilaud on loodud r\u00f5hutama looduslikku ilu ja vastupidavust. Akaatsiapuit on tuntud oma tugevuse ja kauni tekstuuri poolest, samas kui metallist jalad tagavad stabiilsuse ja vastupidavuse. Laua m\u00f5\u00f5tmed \u2013 laius 99 cm, s\u00fcgavus 201 cm ja k\u00f5rgus 73 cm \u2013 teevad sellest suurep\u00e4rase valiku nii igap\u00e4evaseks kasutamiseks kui ka erilisteks s\u00fcndmusteks.<\/p>\n<p>Omadused:<br \/>\n<strong>Materjal:<\/strong> Akaatsiapuidust lauaplaat ja metallist jalad.<br \/>\n<strong>V\u00e4rv:<\/strong> P\u00e4hklipuu toonis lauaplaat ja mustad jalad.<br \/>\n<strong>M\u00f5\u00f5tmed:<\/strong> Laua laius 99 cm, s\u00fcgavus 201 cm, k\u00f5rgus 73 cm.<br \/>\n<strong>T\u00e4iendavad detailid:<\/strong> Naturaalne puidu variatsioon ja ainulaadne lauaplaadi kuju.<br \/>\n<strong>Kokkupanek:<\/strong> Osaliselt kokku pandud, h\u00f5lbustades paigaldamist.<\/p>\n<p>&nbsp;<\/p>\n","protected":false},"excerpt":{"rendered":"<p>Avola AV1781-79 s\u00f6\u00f6gilaud on ideaalne t\u00e4iendus teie s\u00f6\u00f6gituppa, pakkudes t\u00f6\u00f6stuslikku stiili ja unikaalset disaini. Selle laua tugev akaatsiapuidust lauaplaat koos mustade metallist juukseklambrijalgadega loob muljetavaldava kontrasti, mis t\u00f5stab esile ruumi iseloomu. Lauaplaadi ebatavaline kuju, mis tuleneb naturaalse puidu omadustest, annab igale lauale kordumatu v\u00e4limuse. Avola kollektsiooni kuuluv s\u00f6\u00f6gilaud on loodud r\u00f5hutama looduslikku ilu ja vastupidavust. [&hellip;]<\/p>\n","protected":false},"featured_media":6069,"comment_status":"open","ping_status":"closed","template":"","meta":[],"product_brand":[],"product_cat":[93],"product_tag":[],"class_list":{"0":"post-6068","1":"product","2":"type-product","3":"status-publish","4":"has-post-thumbnail","6":"product_cat-soogilauad","7":"product_shipping_class-livin-hill","8":"pa_kollektsioon-avola","9":"pa_materjal-akaatsiapuit","10":"pa_varv-tumepruun","12":"first","13":"instock","14":"sale","15":"taxable","16":"shipping-taxable","17":"purchasable","18":"product-type-simple"},"_links":{"self":[{"href":"https:\/\/blankpage.ee\/_ruumist-ruumi\/wp-json\/wp\/v2\/product\/6068","targetHints":{"allow":["GET"]}}],"collection":[{"href":"https:\/\/blankpage.ee\/_ruumist-ruumi\/wp-json\/wp\/v2\/product"}],"about":[{"href":"https:\/\/blankpage.ee\/_ruumist-ruumi\/wp-json\/wp\/v2\/types\/product"}],"replies":[{"embeddable":true,"href":"https:\/\/blankpage.ee\/_ruumist-ruumi\/wp-json\/wp\/v2\/comments?post=6068"}],"wp:featuredmedia":[{"embeddable":true,"href":"https:\/\/blankpage.ee\/_ruumist-ruumi\/wp-json\/wp\/v2\/media\/6069"}],"wp:attachment":[{"href":"https:\/\/blankpage.ee\/_ruumist-ruumi\/wp-json\/wp\/v2\/media?parent=6068"}],"wp:term":[{"taxonomy":"product_brand","embeddable":true,"href":"https:\/\/blankpage.ee\/_ruumist-ruumi\/wp-json\/wp\/v2\/product_brand?post=6068"},{"taxonomy":"product_cat","embeddable":true,"href":"https:\/\/blankpage.ee\/_ruumist-ruumi\/wp-json\/wp\/v2\/product_cat?post=6068"},{"taxonomy":"product_tag","embeddable":true,"href":"https:\/\/blankpage.ee\/_ruumist-ruumi\/wp-json\/wp\/v2\/product_tag?post=6068"}],"curies":[{"name":"wp","href":"https:\/\/api.w.org\/{rel}","templated":true}]}}