{"id":6093,"date":"2024-11-01T11:19:24","date_gmt":"2024-11-01T11:19:24","guid":{"rendered":"https:\/\/ruumistruumi.ee\/pood\/pahklipuidust-kummut-avola-av1781-54-akaatsiapuidust\/"},"modified":"2025-04-10T11:57:29","modified_gmt":"2025-04-10T11:57:29","slug":"pahklitooni-avola-av1781-54-kummut-akaatsiapuidust","status":"publish","type":"product","link":"https:\/\/blankpage.ee\/_ruumist-ruumi\/pood\/pahklitooni-avola-av1781-54-kummut-akaatsiapuidust\/","title":{"rendered":"P\u00e4hklitooni kummut Avola AV1781-54, akaatsiapuidust"},"content":{"rendered":"<p>Avola AV1781-54 kummut elutuppa. See industriaalstiilis kummut on valmistatud tugevast akaatsiapuidust ja metallist juuksen\u00f5ela jalgadega, mis lisavad sellele stabiilsust ja kaasaegset h\u00f5ngu. Kapi uste ebakorrap\u00e4rane kuju ja naturaalse puidu omadustest tulenevad n\u00e4htavad r\u00f5ngad annavad sellele ainulaadse v\u00e4limuse, mis t\u00f5mbab pilku igas ruumis.<\/p>\n<p>Kummutil on neli ust ja kaks riiulit, pakkudes piisavalt hoiuruumi teie elutoa tarvikutele. Milled k\u00e4epidemed lisavad disainile peenet detaili, samas kui naturaalse puidu variatsioon ja ainulaadne esipaneeli kuju muudavad iga kummuti t\u00f5eliselt eriliseks. Osaliselt kokku pandud kujul on selle paigaldamine lihtne ja vaevatu.<\/p>\n<p>Omadused:<br \/>\n<strong>Materjal:<\/strong> Akaatsiapuit ja metallist jalad.<br \/>\n<strong>V\u00e4rv:<\/strong> P\u00e4hklipuu toonis kapi korpus ja mustad jalad.<br \/>\n<strong>M\u00f5\u00f5tmed:<\/strong> Laius 137 cm, s\u00fcgavus 46 cm, k\u00f5rgus 82 cm.<br \/>\n<strong>T\u00e4iendavad detailid:<\/strong> Naturaalne puidu variatsioon ja ainulaadne esipaneeli kuju.<br \/>\n<strong>Kokkupanek:<\/strong> Osaliselt kokku pandud, ei vaja paigaldust. S\u00e4\u00e4stab aega ja vaeva.<\/p>\n<p>&nbsp;<\/p>\n","protected":false},"excerpt":{"rendered":"<p>Avola AV1781-54 kummut elutuppa. See industriaalstiilis kummut on valmistatud tugevast akaatsiapuidust ja metallist juuksen\u00f5ela jalgadega, mis lisavad sellele stabiilsust ja kaasaegset h\u00f5ngu. Kapi uste ebakorrap\u00e4rane kuju ja naturaalse puidu omadustest tulenevad n\u00e4htavad r\u00f5ngad annavad sellele ainulaadse v\u00e4limuse, mis t\u00f5mbab pilku igas ruumis. Kummutil on neli ust ja kaks riiulit, pakkudes piisavalt hoiuruumi teie elutoa tarvikutele. [&hellip;]<\/p>\n","protected":false},"featured_media":6094,"comment_status":"open","ping_status":"closed","template":"","meta":[],"product_brand":[],"product_cat":[81],"product_tag":[],"class_list":{"0":"post-6093","1":"product","2":"type-product","3":"status-publish","4":"has-post-thumbnail","6":"product_cat-kapid-riiulid-ja-kummutid","7":"product_shipping_class-livin-hill","8":"pa_kaepidemed-freesitud-kaepidemed","9":"pa_kollektsioon-avola","10":"pa_materjal-akaatsiapuit","11":"pa_riiulite-arv-76","12":"pa_uste-arv-75","13":"pa_varv-tumepruun","15":"first","16":"instock","17":"sale","18":"taxable","19":"shipping-taxable","20":"purchasable","21":"product-type-simple"},"_links":{"self":[{"href":"https:\/\/blankpage.ee\/_ruumist-ruumi\/wp-json\/wp\/v2\/product\/6093","targetHints":{"allow":["GET"]}}],"collection":[{"href":"https:\/\/blankpage.ee\/_ruumist-ruumi\/wp-json\/wp\/v2\/product"}],"about":[{"href":"https:\/\/blankpage.ee\/_ruumist-ruumi\/wp-json\/wp\/v2\/types\/product"}],"replies":[{"embeddable":true,"href":"https:\/\/blankpage.ee\/_ruumist-ruumi\/wp-json\/wp\/v2\/comments?post=6093"}],"wp:featuredmedia":[{"embeddable":true,"href":"https:\/\/blankpage.ee\/_ruumist-ruumi\/wp-json\/wp\/v2\/media\/6094"}],"wp:attachment":[{"href":"https:\/\/blankpage.ee\/_ruumist-ruumi\/wp-json\/wp\/v2\/media?parent=6093"}],"wp:term":[{"taxonomy":"product_brand","embeddable":true,"href":"https:\/\/blankpage.ee\/_ruumist-ruumi\/wp-json\/wp\/v2\/product_brand?post=6093"},{"taxonomy":"product_cat","embeddable":true,"href":"https:\/\/blankpage.ee\/_ruumist-ruumi\/wp-json\/wp\/v2\/product_cat?post=6093"},{"taxonomy":"product_tag","embeddable":true,"href":"https:\/\/blankpage.ee\/_ruumist-ruumi\/wp-json\/wp\/v2\/product_tag?post=6093"}],"curies":[{"name":"wp","href":"https:\/\/api.w.org\/{rel}","templated":true}]}}