{"id":6109,"date":"2024-11-21T11:20:15","date_gmt":"2024-11-21T11:20:15","guid":{"rendered":"https:\/\/ruumistruumi.ee\/pood\/pahklipuu-baaritool-avola-av1781-160kd-akatsiapuust\/"},"modified":"2025-06-17T08:57:28","modified_gmt":"2025-06-17T08:57:28","slug":"pahklitooni-baaritool-avola-av1781-160kd-akaatsiapuidust","status":"publish","type":"product","link":"https:\/\/blankpage.ee\/_ruumist-ruumi\/pood\/pahklitooni-baaritool-avola-av1781-160kd-akaatsiapuidust\/","title":{"rendered":"P\u00e4hklitooni baaritool Avola AV1781-160KD, akaatsiapuidust"},"content":{"rendered":"<p>Avola AV1781-160KD baaritool on suurep\u00e4rane valik s\u00f6\u00f6gituppa, kus soovite luua sooja ja kutsuva \u00f5hkkonna. Selle baaritooli istmeosa on valmistatud kvaliteetsest akaatsiapuidust, mis toob ruumi loodusl\u00e4hedase tunde. Tootel on metallist raam, mis tagab stabiilsuse ja vastupidavuse, muutes selle igap\u00e4evaseks kasutamiseks ideaalseks.<\/p>\n<p>Omadused:<br \/>\n<strong>Materjal:<\/strong> Tugev akaatsiapuit ja metallist jalad, mis pakuvad kindlat tuge.<br \/>\n<strong>V\u00e4rv:<\/strong> P\u00e4hklitooni istmeosa koos mustade metallist jalgadega loob elegantse kontrasti.<br \/>\n<strong>M\u00f5\u00f5tmed:<\/strong> Laius 41 cm, s\u00fcgavus 41 cm, k\u00f5rgus 61 cm, mis sobib ideaalselt baarile v\u00f5i k\u00f5rgele lauale.<br \/>\n<strong>T\u00e4iendavad detailid:<\/strong> Istme ainulaadne kuju lisab toolile isikup\u00e4ra ja muudab selle silmapaistvaks.<br \/>\n<strong>Kokkupanek:<\/strong> Kokkupandud, ei vaja paigaldust. S\u00e4\u00e4stab aega ja vaeva.<\/p>\n<p>Avola baaritool on suurep\u00e4rane valik, et t\u00e4iendada teie s\u00f6\u00f6gituba v\u00f5i k\u00f6\u00f6ki, luues samas mugava ja stiilse istumisv\u00f5imaluse.<\/p>\n<p>&nbsp;<\/p>\n","protected":false},"excerpt":{"rendered":"<p>Avola AV1781-160KD baaritool on suurep\u00e4rane valik s\u00f6\u00f6gituppa, kus soovite luua sooja ja kutsuva \u00f5hkkonna. Selle baaritooli istmeosa on valmistatud kvaliteetsest akaatsiapuidust, mis toob ruumi loodusl\u00e4hedase tunde. Tootel on metallist raam, mis tagab stabiilsuse ja vastupidavuse, muutes selle igap\u00e4evaseks kasutamiseks ideaalseks. Omadused: Materjal: Tugev akaatsiapuit ja metallist jalad, mis pakuvad kindlat tuge. V\u00e4rv: P\u00e4hklitooni istmeosa koos [&hellip;]<\/p>\n","protected":false},"featured_media":6110,"comment_status":"open","ping_status":"closed","template":"","meta":[],"product_brand":[],"product_cat":[327],"product_tag":[],"class_list":{"0":"post-6109","1":"product","2":"type-product","3":"status-publish","4":"has-post-thumbnail","6":"product_cat-baaritoolid","7":"product_shipping_class-livin-hill","8":"pa_kollektsioon-avola","9":"pa_materjal-akaatsiapuit","10":"pa_varv-tumepruun","12":"first","13":"instock","14":"sale","15":"taxable","16":"shipping-taxable","17":"purchasable","18":"product-type-simple"},"_links":{"self":[{"href":"https:\/\/blankpage.ee\/_ruumist-ruumi\/wp-json\/wp\/v2\/product\/6109","targetHints":{"allow":["GET"]}}],"collection":[{"href":"https:\/\/blankpage.ee\/_ruumist-ruumi\/wp-json\/wp\/v2\/product"}],"about":[{"href":"https:\/\/blankpage.ee\/_ruumist-ruumi\/wp-json\/wp\/v2\/types\/product"}],"replies":[{"embeddable":true,"href":"https:\/\/blankpage.ee\/_ruumist-ruumi\/wp-json\/wp\/v2\/comments?post=6109"}],"wp:featuredmedia":[{"embeddable":true,"href":"https:\/\/blankpage.ee\/_ruumist-ruumi\/wp-json\/wp\/v2\/media\/6110"}],"wp:attachment":[{"href":"https:\/\/blankpage.ee\/_ruumist-ruumi\/wp-json\/wp\/v2\/media?parent=6109"}],"wp:term":[{"taxonomy":"product_brand","embeddable":true,"href":"https:\/\/blankpage.ee\/_ruumist-ruumi\/wp-json\/wp\/v2\/product_brand?post=6109"},{"taxonomy":"product_cat","embeddable":true,"href":"https:\/\/blankpage.ee\/_ruumist-ruumi\/wp-json\/wp\/v2\/product_cat?post=6109"},{"taxonomy":"product_tag","embeddable":true,"href":"https:\/\/blankpage.ee\/_ruumist-ruumi\/wp-json\/wp\/v2\/product_tag?post=6109"}],"curies":[{"name":"wp","href":"https:\/\/api.w.org\/{rel}","templated":true}]}}