{"id":6162,"date":"2024-11-01T11:23:09","date_gmt":"2024-11-01T11:23:09","guid":{"rendered":"https:\/\/ruumistruumi.ee\/pood\/beez-avola-av1998-31-vitriinkapp-akatsiapuust\/"},"modified":"2025-07-22T17:46:54","modified_gmt":"2025-07-22T17:46:54","slug":"beez-kummut-avola-av1998-31-akaatsiapuidust","status":"publish","type":"product","link":"https:\/\/blankpage.ee\/_ruumist-ruumi\/pood\/beez-kummut-avola-av1998-31-akaatsiapuidust\/","title":{"rendered":"Bee\u017e kummut Avola AV1998-31, akaatsiapuidust"},"content":{"rendered":"<p>Avola AV1998-31 k\u00f5rge kapp elutuppa. Elegantne hele kreemjas k\u00f5rge kapp, millel on helepruun pealisplaat, lisab teie elutuppa soojust ja stiili. Kapi kaks klaasiga ust koos dekoratiivsete liistudega ning praktiline sahtel muudavad selle nii funktsionaalseks kui ka visuaalselt k\u00f6itvaks.<\/p>\n<p>Avola kollektsiooni kuuluv kapp on valmistatud kvaliteetsest akaatsiapuidust ja vineerist, pakkudes vastupidavust ja ajatut ilu. Metallist k\u00e4epidemed lisavad sellele modernset h\u00f5ngu. Kapi sees on reguleeritav riiul, mis v\u00f5imaldab teil hoiustada esemeid vastavalt oma vajadustele. Klaasuste taga on 4 mm karastatud klaas, mis tagab turvalisuse ja vastupidavuse.<\/p>\n<p>Omadused:<br \/>\n<strong>Materjal:<\/strong> Akaatsiapuit ja vineer.<br \/>\n<strong>V\u00e4rv:<\/strong> Hele kreemjas kapp helepruuni pealisplaadiga.<br \/>\n<strong>M\u00f5\u00f5tmed:<\/strong> Laius 79 cm, s\u00fcgavus 38 cm, k\u00f5rgus 86 cm.<br \/>\n<strong>T\u00e4iendavad detailid:<\/strong> Sahtli m\u00f5\u00f5tmed 59,5 x 33,5 x 11 cm; ukse m\u00f5\u00f5tmed 63,5 x 53,5 cm; riiuli m\u00f5\u00f5tmed 70 x 32 cm. Reguleeritav sisemine riiul ja dekoratiivsed liistud.<br \/>\n<strong>Kokkupanek:<\/strong> Osaliselt kokku pandud, ei vaja paigaldust. S\u00e4\u00e4stab aega ja vaeva.<\/p>\n<p>&nbsp;<\/p>\n","protected":false},"excerpt":{"rendered":"<p>Avola AV1998-31 k\u00f5rge kapp elutuppa. Elegantne hele kreemjas k\u00f5rge kapp, millel on helepruun pealisplaat, lisab teie elutuppa soojust ja stiili. Kapi kaks klaasiga ust koos dekoratiivsete liistudega ning praktiline sahtel muudavad selle nii funktsionaalseks kui ka visuaalselt k\u00f6itvaks. Avola kollektsiooni kuuluv kapp on valmistatud kvaliteetsest akaatsiapuidust ja vineerist, pakkudes vastupidavust ja ajatut ilu. Metallist k\u00e4epidemed [&hellip;]<\/p>\n","protected":false},"featured_media":6163,"comment_status":"open","ping_status":"closed","template":"","meta":[],"product_brand":[],"product_cat":[81],"product_tag":[],"class_list":{"0":"post-6162","1":"product","2":"type-product","3":"status-publish","4":"has-post-thumbnail","6":"product_cat-kapid-riiulid-ja-kummutid","7":"product_shipping_class-livin-hill","8":"pa_kaepidemed-metall","9":"pa_kollektsioon-avola","10":"pa_materjal-akaatsiapuit","11":"pa_riiulite-arv-99","12":"pa_sahtlite-arv-87","13":"pa_uste-arv-94","14":"pa_varv-beez","16":"first","17":"outofstock","18":"sale","19":"taxable","20":"shipping-taxable","21":"purchasable","22":"product-type-simple"},"_links":{"self":[{"href":"https:\/\/blankpage.ee\/_ruumist-ruumi\/wp-json\/wp\/v2\/product\/6162","targetHints":{"allow":["GET"]}}],"collection":[{"href":"https:\/\/blankpage.ee\/_ruumist-ruumi\/wp-json\/wp\/v2\/product"}],"about":[{"href":"https:\/\/blankpage.ee\/_ruumist-ruumi\/wp-json\/wp\/v2\/types\/product"}],"replies":[{"embeddable":true,"href":"https:\/\/blankpage.ee\/_ruumist-ruumi\/wp-json\/wp\/v2\/comments?post=6162"}],"wp:featuredmedia":[{"embeddable":true,"href":"https:\/\/blankpage.ee\/_ruumist-ruumi\/wp-json\/wp\/v2\/media\/6163"}],"wp:attachment":[{"href":"https:\/\/blankpage.ee\/_ruumist-ruumi\/wp-json\/wp\/v2\/media?parent=6162"}],"wp:term":[{"taxonomy":"product_brand","embeddable":true,"href":"https:\/\/blankpage.ee\/_ruumist-ruumi\/wp-json\/wp\/v2\/product_brand?post=6162"},{"taxonomy":"product_cat","embeddable":true,"href":"https:\/\/blankpage.ee\/_ruumist-ruumi\/wp-json\/wp\/v2\/product_cat?post=6162"},{"taxonomy":"product_tag","embeddable":true,"href":"https:\/\/blankpage.ee\/_ruumist-ruumi\/wp-json\/wp\/v2\/product_tag?post=6162"}],"curies":[{"name":"wp","href":"https:\/\/api.w.org\/{rel}","templated":true}]}}