{"id":6172,"date":"2024-11-01T11:23:47","date_gmt":"2024-11-01T11:23:47","guid":{"rendered":"https:\/\/ruumistruumi.ee\/pood\/helehall-korge-kummut-avola-av1997-31-akatsiapuust-ja-vineerist\/"},"modified":"2025-01-11T10:51:42","modified_gmt":"2025-01-11T10:51:42","slug":"helesinine-kummut-avola-av1997-31-akaatsiapuidust","status":"publish","type":"product","link":"https:\/\/blankpage.ee\/_ruumist-ruumi\/pood\/helesinine-kummut-avola-av1997-31-akaatsiapuidust\/","title":{"rendered":"Helesinine kummut Avola AV1997-31, akaatsiapuidust"},"content":{"rendered":"<p>Avola AV1997-31 k\u00f5rge kapp elutuppa. See elegantne hele sinine vitriinkapp koos hele pruuni pealisplaadiga lisab teie elutuppa stiili ja praktilisust. Kaks klaasiga ust ja dekoratiivsed liistud annavad kapile ainulaadse v\u00e4limuse, samas kui \u00fcks praktiline sahtel pakub t\u00e4iendavat hoiustamisv\u00f5imalust.<\/p>\n<p>Omadused:<br \/>\n<strong>Materjal:<\/strong> Akaatsiapuit ja vineer.<br \/>\n<strong>V\u00e4rv:<\/strong> Hele sinine kapi korpus, hele pruun pealisplaat ja viimistlus.<br \/>\n<strong>M\u00f5\u00f5tmed:<\/strong> Laius 79 cm, s\u00fcgavus 38 cm, k\u00f5rgus 86 cm.<br \/>\n<strong>T\u00e4iendavad detailid:<\/strong> Kaks ust, \u00fcks reguleeritav sisemine riiul, karastatud klaas (4mm), metallist k\u00e4epidemed, sahtli m\u00f5\u00f5tmed 59,5 x 28,5 x 9 cm, ukse m\u00f5\u00f5tmed 63,5 x 53,5 cm, riiuli m\u00f5\u00f5tmed 71 x 28 cm.<br \/>\n<strong>Kokkupanek:<\/strong> Osaliselt kokkupandud, ei vaja paigaldust. S\u00e4\u00e4stab aega ja vaeva.<\/p>\n<p>Avola kollektsiooni kuuluv k\u00f5rge kapp on ideaalne valik neile, kes hindavad kvaliteetset materjali ja funktsionaalset disaini.<\/p>\n<p>&nbsp;<\/p>\n","protected":false},"excerpt":{"rendered":"<p>Avola AV1997-31 k\u00f5rge kapp elutuppa. See elegantne hele sinine vitriinkapp koos hele pruuni pealisplaadiga lisab teie elutuppa stiili ja praktilisust. Kaks klaasiga ust ja dekoratiivsed liistud annavad kapile ainulaadse v\u00e4limuse, samas kui \u00fcks praktiline sahtel pakub t\u00e4iendavat hoiustamisv\u00f5imalust. Omadused: Materjal: Akaatsiapuit ja vineer. V\u00e4rv: Hele sinine kapi korpus, hele pruun pealisplaat ja viimistlus. M\u00f5\u00f5tmed: Laius [&hellip;]<\/p>\n","protected":false},"featured_media":6173,"comment_status":"open","ping_status":"closed","template":"","meta":[],"product_brand":[],"product_cat":[81],"product_tag":[],"class_list":{"0":"post-6172","1":"product","2":"type-product","3":"status-publish","4":"has-post-thumbnail","6":"product_cat-kapid-riiulid-ja-kummutid","7":"product_shipping_class-livin-hill","8":"pa_kaepidemed-metall","9":"pa_kollektsioon-avola","10":"pa_materjal-akaatsiapuit","11":"pa_riiulite-arv-99","12":"pa_sahtlite-arv-87","13":"pa_uste-arv-94","14":"pa_varv-sinine","16":"first","17":"outofstock","18":"sale","19":"taxable","20":"shipping-taxable","21":"purchasable","22":"product-type-simple"},"_links":{"self":[{"href":"https:\/\/blankpage.ee\/_ruumist-ruumi\/wp-json\/wp\/v2\/product\/6172","targetHints":{"allow":["GET"]}}],"collection":[{"href":"https:\/\/blankpage.ee\/_ruumist-ruumi\/wp-json\/wp\/v2\/product"}],"about":[{"href":"https:\/\/blankpage.ee\/_ruumist-ruumi\/wp-json\/wp\/v2\/types\/product"}],"replies":[{"embeddable":true,"href":"https:\/\/blankpage.ee\/_ruumist-ruumi\/wp-json\/wp\/v2\/comments?post=6172"}],"wp:featuredmedia":[{"embeddable":true,"href":"https:\/\/blankpage.ee\/_ruumist-ruumi\/wp-json\/wp\/v2\/media\/6173"}],"wp:attachment":[{"href":"https:\/\/blankpage.ee\/_ruumist-ruumi\/wp-json\/wp\/v2\/media?parent=6172"}],"wp:term":[{"taxonomy":"product_brand","embeddable":true,"href":"https:\/\/blankpage.ee\/_ruumist-ruumi\/wp-json\/wp\/v2\/product_brand?post=6172"},{"taxonomy":"product_cat","embeddable":true,"href":"https:\/\/blankpage.ee\/_ruumist-ruumi\/wp-json\/wp\/v2\/product_cat?post=6172"},{"taxonomy":"product_tag","embeddable":true,"href":"https:\/\/blankpage.ee\/_ruumist-ruumi\/wp-json\/wp\/v2\/product_tag?post=6172"}],"curies":[{"name":"wp","href":"https:\/\/api.w.org\/{rel}","templated":true}]}}