{"id":6197,"date":"2024-11-01T11:25:39","date_gmt":"2024-11-01T11:25:39","guid":{"rendered":"https:\/\/ruumistruumi.ee\/pood\/helepruun-konsoollaud-maze-mazl07-50-akatsiapuust-vineerist-metallist-jalad\/"},"modified":"2025-06-17T08:57:32","modified_gmt":"2025-06-17T08:57:32","slug":"helepruun-konsoollaud-maze-mazl07-50-akaatsiapuidust","status":"publish","type":"product","link":"https:\/\/blankpage.ee\/_ruumist-ruumi\/pood\/helepruun-konsoollaud-maze-mazl07-50-akaatsiapuidust\/","title":{"rendered":"Helepruun konsoollaud Maze MAZL07-50, akaatsiapuidust"},"content":{"rendered":"<p>Maze MAZL07-50 diivanilaud elutuppa. See retrostiilis diivanilaud on valmistatud kvaliteetsest harjatud eksootilisest akaatsiapuidust ja kaetud spooniga. Laua sirged metallist k\u00e4epidemed ja poolmatt mustad jalad kuldsete aktsentidega lisavad sellele ainulaadset iseloomu. Toode sisaldab \u00fchte riiulit, mis pakub t\u00e4iendavat hoiuruumi.<\/p>\n<p>Maze kollektsiooni kuuluv MAZL07-50 diivanilaud on ideaalne lisa igasse elutuppa, tuues ruumi soojust ja stiili. Akaatsiapuidu loomulik ilu koos metallist jalgade vastupidavusega loob harmoonilise kombinatsiooni, mis sobib nii kaasaegsesse kui ka retrostiilis interj\u00f6\u00f6ri. Kuldsed aktsendid jalgadel lisavad elegantsi ja aitavad luua muljetavaldava fookuspunkti.<\/p>\n<p>Omadused:<br \/>\n<strong>Materjal:<\/strong> Akaatsiapuit, spoon, metallist jalad.<br \/>\n<strong>V\u00e4rv:<\/strong> Hele pruun, mustad jalad kuldsete aktsentidega.<br \/>\n<strong>M\u00f5\u00f5tmed:<\/strong> Laius 50 cm, s\u00fcgavus 50 cm, k\u00f5rgus 50 cm.<br \/>\n<strong>T\u00e4iendavad detailid:<\/strong> \u00dcks riiul, mis lisab praktilisust.<br \/>\n<strong>Kokkupanek:<\/strong> Kokkupandud, ei vaja paigaldust. S\u00e4\u00e4stab aega ja vaeva.<\/p>\n<p>&nbsp;<\/p>\n","protected":false},"excerpt":{"rendered":"<p>Maze MAZL07-50 diivanilaud elutuppa. See retrostiilis diivanilaud on valmistatud kvaliteetsest harjatud eksootilisest akaatsiapuidust ja kaetud spooniga. Laua sirged metallist k\u00e4epidemed ja poolmatt mustad jalad kuldsete aktsentidega lisavad sellele ainulaadset iseloomu. Toode sisaldab \u00fchte riiulit, mis pakub t\u00e4iendavat hoiuruumi. Maze kollektsiooni kuuluv MAZL07-50 diivanilaud on ideaalne lisa igasse elutuppa, tuues ruumi soojust ja stiili. Akaatsiapuidu loomulik [&hellip;]<\/p>\n","protected":false},"featured_media":6198,"comment_status":"open","ping_status":"closed","template":"","meta":[],"product_brand":[],"product_cat":[145],"product_tag":[],"class_list":{"0":"post-6197","1":"product","2":"type-product","3":"status-publish","4":"has-post-thumbnail","6":"product_cat-lisalauad","7":"product_shipping_class-livin-hill","8":"pa_kollektsioon-maze","9":"pa_materjal-akaatsiapuit","10":"pa_riiulite-arv-99","11":"pa_varv-helepruun","13":"first","14":"instock","15":"sale","16":"taxable","17":"shipping-taxable","18":"purchasable","19":"product-type-simple"},"_links":{"self":[{"href":"https:\/\/blankpage.ee\/_ruumist-ruumi\/wp-json\/wp\/v2\/product\/6197","targetHints":{"allow":["GET"]}}],"collection":[{"href":"https:\/\/blankpage.ee\/_ruumist-ruumi\/wp-json\/wp\/v2\/product"}],"about":[{"href":"https:\/\/blankpage.ee\/_ruumist-ruumi\/wp-json\/wp\/v2\/types\/product"}],"replies":[{"embeddable":true,"href":"https:\/\/blankpage.ee\/_ruumist-ruumi\/wp-json\/wp\/v2\/comments?post=6197"}],"wp:featuredmedia":[{"embeddable":true,"href":"https:\/\/blankpage.ee\/_ruumist-ruumi\/wp-json\/wp\/v2\/media\/6198"}],"wp:attachment":[{"href":"https:\/\/blankpage.ee\/_ruumist-ruumi\/wp-json\/wp\/v2\/media?parent=6197"}],"wp:term":[{"taxonomy":"product_brand","embeddable":true,"href":"https:\/\/blankpage.ee\/_ruumist-ruumi\/wp-json\/wp\/v2\/product_brand?post=6197"},{"taxonomy":"product_cat","embeddable":true,"href":"https:\/\/blankpage.ee\/_ruumist-ruumi\/wp-json\/wp\/v2\/product_cat?post=6197"},{"taxonomy":"product_tag","embeddable":true,"href":"https:\/\/blankpage.ee\/_ruumist-ruumi\/wp-json\/wp\/v2\/product_tag?post=6197"}],"curies":[{"name":"wp","href":"https:\/\/api.w.org\/{rel}","templated":true}]}}