{"id":6202,"date":"2024-11-01T11:26:05","date_gmt":"2024-11-01T11:26:05","guid":{"rendered":"https:\/\/ruumistruumi.ee\/pood\/helepruun-konsoollaud-maze-mazl07-60-akatsiapuidust-vineerist-ja-metallist-jalgadega\/"},"modified":"2025-04-10T11:57:32","modified_gmt":"2025-04-10T11:57:32","slug":"helepruun-konsoollaud-maze-mazl07-60-akaatsiapuidust","status":"publish","type":"product","link":"https:\/\/blankpage.ee\/_ruumist-ruumi\/pood\/helepruun-konsoollaud-maze-mazl07-60-akaatsiapuidust\/","title":{"rendered":"Helepruun konsoollaud Maze MAZL07-60, akaatsiapuidust"},"content":{"rendered":"<p>Maze MAZL07-60 abilaua lisamine elutuppa toob ruumi retroh\u00f5ngu ja elegantset funktsionaalsust. See ainulaadne abilaud on valmistatud kvaliteetsest harjatud eksootilisest akaatsiapuidust, millele lisavad iseloomu mustad metallist sirged jalad kuldsete aktsentidega. \u00dcks riiul pakub praktilist hoiuv\u00f5imalust, et hoida vajalikud esemed k\u00e4eulatuses.<\/p>\n<p>Maze kollektsiooni kuuluv MAZL07-60 abilaud \u00fchendab endas kaasaegse ja ajatu stiili, mis sobib ideaalselt igasse elutuppa. Akaatsiapuit ja vineer annavad lauaplaadile sooja ja loodusliku helepruuni tooni, mis t\u00e4iendab erinevaid sisekujundusi. Metallist jalad lisavad stabiilsust ja vastupidavust, samas kui kuldsed aktsendid toovad esile luksuslikkuse.<\/p>\n<p>Omadused:<br \/>\n<strong>Materjal:<\/strong> Akaatsiapuit, vineer, metallist jalad.<br \/>\n<strong>V\u00e4rv:<\/strong> Hele pruun.<br \/>\n<strong>M\u00f5\u00f5tmed:<\/strong> Laius 60 cm, s\u00fcgavus 30 cm, k\u00f5rgus 60 cm.<br \/>\n<strong>T\u00e4iendavad detailid:<\/strong> \u00dcks riiul praktiliseks hoiuks.<br \/>\n<strong>Kokkupanek:<\/strong> Kokkupandud, ei vaja paigaldust. S\u00e4\u00e4stab aega ja vaeva.<\/p>\n<p>&nbsp;<\/p>\n","protected":false},"excerpt":{"rendered":"<p>Maze MAZL07-60 abilaua lisamine elutuppa toob ruumi retroh\u00f5ngu ja elegantset funktsionaalsust. See ainulaadne abilaud on valmistatud kvaliteetsest harjatud eksootilisest akaatsiapuidust, millele lisavad iseloomu mustad metallist sirged jalad kuldsete aktsentidega. \u00dcks riiul pakub praktilist hoiuv\u00f5imalust, et hoida vajalikud esemed k\u00e4eulatuses. Maze kollektsiooni kuuluv MAZL07-60 abilaud \u00fchendab endas kaasaegse ja ajatu stiili, mis sobib ideaalselt igasse elutuppa. [&hellip;]<\/p>\n","protected":false},"featured_media":6203,"comment_status":"open","ping_status":"closed","template":"","meta":[],"product_brand":[],"product_cat":[145],"product_tag":[],"class_list":{"0":"post-6202","1":"product","2":"type-product","3":"status-publish","4":"has-post-thumbnail","6":"product_cat-lisalauad","7":"product_shipping_class-livin-hill","8":"pa_kollektsioon-maze","9":"pa_materjal-akaatsiapuit","10":"pa_riiulite-arv-99","11":"pa_varv-helepruun","13":"first","14":"instock","15":"sale","16":"taxable","17":"shipping-taxable","18":"purchasable","19":"product-type-simple"},"_links":{"self":[{"href":"https:\/\/blankpage.ee\/_ruumist-ruumi\/wp-json\/wp\/v2\/product\/6202","targetHints":{"allow":["GET"]}}],"collection":[{"href":"https:\/\/blankpage.ee\/_ruumist-ruumi\/wp-json\/wp\/v2\/product"}],"about":[{"href":"https:\/\/blankpage.ee\/_ruumist-ruumi\/wp-json\/wp\/v2\/types\/product"}],"replies":[{"embeddable":true,"href":"https:\/\/blankpage.ee\/_ruumist-ruumi\/wp-json\/wp\/v2\/comments?post=6202"}],"wp:featuredmedia":[{"embeddable":true,"href":"https:\/\/blankpage.ee\/_ruumist-ruumi\/wp-json\/wp\/v2\/media\/6203"}],"wp:attachment":[{"href":"https:\/\/blankpage.ee\/_ruumist-ruumi\/wp-json\/wp\/v2\/media?parent=6202"}],"wp:term":[{"taxonomy":"product_brand","embeddable":true,"href":"https:\/\/blankpage.ee\/_ruumist-ruumi\/wp-json\/wp\/v2\/product_brand?post=6202"},{"taxonomy":"product_cat","embeddable":true,"href":"https:\/\/blankpage.ee\/_ruumist-ruumi\/wp-json\/wp\/v2\/product_cat?post=6202"},{"taxonomy":"product_tag","embeddable":true,"href":"https:\/\/blankpage.ee\/_ruumist-ruumi\/wp-json\/wp\/v2\/product_tag?post=6202"}],"curies":[{"name":"wp","href":"https:\/\/api.w.org\/{rel}","templated":true}]}}