{"id":6212,"date":"2024-11-01T11:27:01","date_gmt":"2024-11-01T11:27:01","guid":{"rendered":"https:\/\/ruumistruumi.ee\/pood\/helepruun-voodi-raam-maze-mazk01-akatsiapuust-vineer-metallist-jalad\/"},"modified":"2025-04-10T11:57:33","modified_gmt":"2025-04-10T11:57:33","slug":"helepruun-voodiraam-maze-mazk01-akaatsiapuidust","status":"publish","type":"product","link":"https:\/\/blankpage.ee\/_ruumist-ruumi\/pood\/helepruun-voodiraam-maze-mazk01-akaatsiapuidust\/","title":{"rendered":"Helepruun voodiraam Maze MAZK01, akaatsiapuidust"},"content":{"rendered":"<p>Maze MAZK01 voodiraam magamistuppa. See voodiraam toob teie magamistoas esile retrostiili, olles valmistatud kvaliteetsest harjatud eksootilisest akaatsiapuidust. Voodi peatsil on ainulaadne 3D struktuur, millel on as\u00fcmmeetriline nikerdatud ruuduline muster. Mustad metallist jalad poolmati viimistlusega ja kuldsete aktsentidega lisavad elegantsi ja vastupidavust. <\/p>\n<p>Maze MAZK01 voodiraam on ideaalne valik neile, kes hindavad looduslikku ilu ja ajatut disaini. Akaatsiapuidu tugevus ja vastupidavus tagavad pikaajalise kasutuse, samas kui voodi peatsi detailne t\u00f6\u00f6tlus lisab ruumile isikup\u00e4ra. Voodiraam ei sisalda madratsit, mis annab teile vabaduse valida just teie vajadustele vastav madrats.<\/p>\n<p>Omadused:<br \/>\n<strong>Materjal:<\/strong> Akaatsiapuit, spoon, metallist jalad.<br \/>\n<strong>V\u00e4rv:<\/strong> Hele pruun.<br \/>\n<strong>M\u00f5\u00f5tmed:<\/strong> Laius 189 cm, s\u00fcgavus 217 cm, k\u00f5rgus 125 cm.<br \/>\n<strong>T\u00e4iendavad detailid:<\/strong> Kokkupandud, ei vaja paigaldust. S\u00e4\u00e4stab aega ja vaeva.<\/p>\n<p>&nbsp;<\/p>\n","protected":false},"excerpt":{"rendered":"<p>Maze MAZK01 voodiraam magamistuppa. See voodiraam toob teie magamistoas esile retrostiili, olles valmistatud kvaliteetsest harjatud eksootilisest akaatsiapuidust. Voodi peatsil on ainulaadne 3D struktuur, millel on as\u00fcmmeetriline nikerdatud ruuduline muster. Mustad metallist jalad poolmati viimistlusega ja kuldsete aktsentidega lisavad elegantsi ja vastupidavust. Maze MAZK01 voodiraam on ideaalne valik neile, kes hindavad looduslikku ilu ja ajatut disaini. [&hellip;]<\/p>\n","protected":false},"featured_media":6213,"comment_status":"open","ping_status":"closed","template":"","meta":[],"product_brand":[],"product_cat":[156],"product_tag":[],"class_list":{"0":"post-6212","1":"product","2":"type-product","3":"status-publish","4":"has-post-thumbnail","6":"product_cat-voodid","7":"product_shipping_class-livin-hill","8":"pa_kollektsioon-maze","9":"pa_materjal-akaatsiapuit","10":"pa_varv-helepruun","12":"first","13":"instock","14":"sale","15":"taxable","16":"shipping-taxable","17":"purchasable","18":"product-type-simple"},"_links":{"self":[{"href":"https:\/\/blankpage.ee\/_ruumist-ruumi\/wp-json\/wp\/v2\/product\/6212","targetHints":{"allow":["GET"]}}],"collection":[{"href":"https:\/\/blankpage.ee\/_ruumist-ruumi\/wp-json\/wp\/v2\/product"}],"about":[{"href":"https:\/\/blankpage.ee\/_ruumist-ruumi\/wp-json\/wp\/v2\/types\/product"}],"replies":[{"embeddable":true,"href":"https:\/\/blankpage.ee\/_ruumist-ruumi\/wp-json\/wp\/v2\/comments?post=6212"}],"wp:featuredmedia":[{"embeddable":true,"href":"https:\/\/blankpage.ee\/_ruumist-ruumi\/wp-json\/wp\/v2\/media\/6213"}],"wp:attachment":[{"href":"https:\/\/blankpage.ee\/_ruumist-ruumi\/wp-json\/wp\/v2\/media?parent=6212"}],"wp:term":[{"taxonomy":"product_brand","embeddable":true,"href":"https:\/\/blankpage.ee\/_ruumist-ruumi\/wp-json\/wp\/v2\/product_brand?post=6212"},{"taxonomy":"product_cat","embeddable":true,"href":"https:\/\/blankpage.ee\/_ruumist-ruumi\/wp-json\/wp\/v2\/product_cat?post=6212"},{"taxonomy":"product_tag","embeddable":true,"href":"https:\/\/blankpage.ee\/_ruumist-ruumi\/wp-json\/wp\/v2\/product_tag?post=6212"}],"curies":[{"name":"wp","href":"https:\/\/api.w.org\/{rel}","templated":true}]}}