{"id":6231,"date":"2024-11-01T11:28:16","date_gmt":"2024-11-01T11:28:16","guid":{"rendered":"https:\/\/ruumistruumi.ee\/pood\/helepruun-kummut-maze-mazb03-akatsiapuust-vineerist-metallist-jalad\/"},"modified":"2025-04-10T11:57:33","modified_gmt":"2025-04-10T11:57:33","slug":"helepruun-kummut-maze-mazb03-akatsiapuust-vineerist-metallist-jalad","status":"publish","type":"product","link":"https:\/\/blankpage.ee\/_ruumist-ruumi\/pood\/helepruun-kummut-maze-mazb03-akatsiapuust-vineerist-metallist-jalad\/","title":{"rendered":"Helepruun kummut Maze MAZB03, akaatsiapuidust"},"content":{"rendered":"<p>Maze MAZB03 kummut elutuppa. See retrostiilis kummut on valmistatud kvaliteetsest harjatud eksootilisest akaatsiapuidust, millel on metallist sirged k\u00e4epidemed. Kummuti esipaneelidel on 3D struktuur, millel on as\u00fcmmeetriline ruudumustriga graveering. Metallist poolmati musta v\u00e4rvi sirged jalad kuldsete detailidega lisavad elegantsi ja stabiilsust.<\/p>\n<p>Maze kollektsiooni kuuluv MAZB03 kummut on ideaalne valik, kui soovite oma elutuppa lisada stiilset ja funktsionaalset m\u00f6\u00f6blieset. Akaatsiapuidu ja spooni kombinatsioon annab kummutile vastupidavuse ja unikaalse v\u00e4limuse, samas kui metallist jalad toovad kaasaegse puudutuse. Pehme sulgumise mehhanism tagab sujuva ja vaikse sahtlite kasutamise.<\/p>\n<p>Omadused:<br \/>\n<strong>Materjal:<\/strong> Akaatsiapuit, spoon, metallist jalad.<br \/>\n<strong>V\u00e4rv:<\/strong> Hele pruun.<br \/>\n<strong>M\u00f5\u00f5tmed:<\/strong> Laius 100 cm, s\u00fcgavus 45 cm, k\u00f5rgus 105 cm.<br \/>\n<strong>T\u00e4iendavad detailid:<\/strong> Osaliselt kokkupandud, ei vaja paigaldust. S\u00e4\u00e4stab aega ja vaeva.<\/p>\n<p>&nbsp;<\/p>\n","protected":false},"excerpt":{"rendered":"<p>Maze MAZB03 kummut elutuppa. See retrostiilis kummut on valmistatud kvaliteetsest harjatud eksootilisest akaatsiapuidust, millel on metallist sirged k\u00e4epidemed. Kummuti esipaneelidel on 3D struktuur, millel on as\u00fcmmeetriline ruudumustriga graveering. Metallist poolmati musta v\u00e4rvi sirged jalad kuldsete detailidega lisavad elegantsi ja stabiilsust. Maze kollektsiooni kuuluv MAZB03 kummut on ideaalne valik, kui soovite oma elutuppa lisada stiilset ja [&hellip;]<\/p>\n","protected":false},"featured_media":6232,"comment_status":"open","ping_status":"closed","template":"","meta":[],"product_brand":[],"product_cat":[81],"product_tag":[],"class_list":{"0":"post-6231","1":"product","2":"type-product","3":"status-publish","4":"has-post-thumbnail","6":"product_cat-kapid-riiulid-ja-kummutid","7":"product_shipping_class-livin-hill","8":"pa_kollektsioon-maze","9":"pa_materjal-akaatsiapuit","10":"pa_sahtlite-arv-79","11":"pa_varv-helepruun","13":"first","14":"instock","15":"sale","16":"taxable","17":"shipping-taxable","18":"purchasable","19":"product-type-simple"},"_links":{"self":[{"href":"https:\/\/blankpage.ee\/_ruumist-ruumi\/wp-json\/wp\/v2\/product\/6231","targetHints":{"allow":["GET"]}}],"collection":[{"href":"https:\/\/blankpage.ee\/_ruumist-ruumi\/wp-json\/wp\/v2\/product"}],"about":[{"href":"https:\/\/blankpage.ee\/_ruumist-ruumi\/wp-json\/wp\/v2\/types\/product"}],"replies":[{"embeddable":true,"href":"https:\/\/blankpage.ee\/_ruumist-ruumi\/wp-json\/wp\/v2\/comments?post=6231"}],"wp:featuredmedia":[{"embeddable":true,"href":"https:\/\/blankpage.ee\/_ruumist-ruumi\/wp-json\/wp\/v2\/media\/6232"}],"wp:attachment":[{"href":"https:\/\/blankpage.ee\/_ruumist-ruumi\/wp-json\/wp\/v2\/media?parent=6231"}],"wp:term":[{"taxonomy":"product_brand","embeddable":true,"href":"https:\/\/blankpage.ee\/_ruumist-ruumi\/wp-json\/wp\/v2\/product_brand?post=6231"},{"taxonomy":"product_cat","embeddable":true,"href":"https:\/\/blankpage.ee\/_ruumist-ruumi\/wp-json\/wp\/v2\/product_cat?post=6231"},{"taxonomy":"product_tag","embeddable":true,"href":"https:\/\/blankpage.ee\/_ruumist-ruumi\/wp-json\/wp\/v2\/product_tag?post=6231"}],"curies":[{"name":"wp","href":"https:\/\/api.w.org\/{rel}","templated":true}]}}