{"id":6273,"date":"2024-11-01T11:32:05","date_gmt":"2024-11-01T11:32:05","guid":{"rendered":"https:\/\/ruumistruumi.ee\/pood\/helepruun-korge-kummut-maze-mazl04-akatsiapuust-vineerist-metallist-jalad\/"},"modified":"2025-04-10T11:57:34","modified_gmt":"2025-04-10T11:57:34","slug":"helepruun-korge-kummut-maze-mazl04-akatsiapuust-vineerist-metallist-jalad","status":"publish","type":"product","link":"https:\/\/blankpage.ee\/_ruumist-ruumi\/pood\/helepruun-korge-kummut-maze-mazl04-akatsiapuust-vineerist-metallist-jalad\/","title":{"rendered":"Helepruun k\u00f5rge kummut Maze MAZL04, akaatsiapuidust"},"content":{"rendered":"<p>Maze MAZL04 k\u00f5rge kapp elutuppa. See ainulaadne m\u00f6\u00f6bliese toob teie elutuppa retroh\u00f5ngu, \u00fchendades endas kvaliteetse harjatud eksootilise akaatsiapuidu ja modernse disaini. Kapil on kaks ust ning neli riiulit, pakkudes avarat hoiuruumi teie esemetele. Esipaneelide 3D struktuur koos as\u00fcmmeetrilise ruudustikuga lisab visuaalset s\u00fcgavust ja iseloomu. Mustad metallist jalad, millel on kuldsed aktsendid, annavad kapile stabiilsuse ja elegantsi.<\/p>\n<p>Maze MAZL04 k\u00f5rge kapp on valmistatud akaatsiapuidust ja viimistletud spooniga, mis tagab vastupidavuse ja kauni v\u00e4limuse. Kapi hele pruun toon sobib suurep\u00e4raselt erinevatesse interj\u00f6\u00f6ridesse, lisades soojust ja stiili. Pehme sulgumise mehhanism ustele tagab vaikse ja sujuva kasutuse.<\/p>\n<p>Omadused:<br \/>\n<strong>Materjal:<\/strong> Akaatsiapuit, spoon, metallist jalad.<br \/>\n<strong>V\u00e4rv:<\/strong> Hele pruun.<br \/>\n<strong>M\u00f5\u00f5tmed:<\/strong> Laius 85 cm, s\u00fcgavus 40 cm, k\u00f5rgus 130 cm.<br \/>\n<strong>T\u00e4iendavad detailid:<\/strong> 3D struktuur, as\u00fcmmeetriline ruudustik, pehme sulgumine.<br \/>\n<strong>Kokkupanek:<\/strong> Osaliselt kokku pandud, ei vaja paigaldust. S\u00e4\u00e4stab aega ja vaeva.<\/p>\n<p>&nbsp;<\/p>\n","protected":false},"excerpt":{"rendered":"<p>Maze MAZL04 k\u00f5rge kapp elutuppa. See ainulaadne m\u00f6\u00f6bliese toob teie elutuppa retroh\u00f5ngu, \u00fchendades endas kvaliteetse harjatud eksootilise akaatsiapuidu ja modernse disaini. Kapil on kaks ust ning neli riiulit, pakkudes avarat hoiuruumi teie esemetele. Esipaneelide 3D struktuur koos as\u00fcmmeetrilise ruudustikuga lisab visuaalset s\u00fcgavust ja iseloomu. Mustad metallist jalad, millel on kuldsed aktsendid, annavad kapile stabiilsuse ja [&hellip;]<\/p>\n","protected":false},"featured_media":6274,"comment_status":"open","ping_status":"closed","template":"","meta":[],"product_brand":[],"product_cat":[81],"product_tag":[],"class_list":{"0":"post-6273","1":"product","2":"type-product","3":"status-publish","4":"has-post-thumbnail","6":"product_cat-kapid-riiulid-ja-kummutid","7":"product_shipping_class-livin-hill","8":"pa_kollektsioon-maze","9":"pa_materjal-akaatsiapuit","10":"pa_riiulite-arv-110","11":"pa_uste-arv-94","12":"pa_varv-helepruun","14":"first","15":"instock","16":"sale","17":"taxable","18":"shipping-taxable","19":"purchasable","20":"product-type-simple"},"_links":{"self":[{"href":"https:\/\/blankpage.ee\/_ruumist-ruumi\/wp-json\/wp\/v2\/product\/6273","targetHints":{"allow":["GET"]}}],"collection":[{"href":"https:\/\/blankpage.ee\/_ruumist-ruumi\/wp-json\/wp\/v2\/product"}],"about":[{"href":"https:\/\/blankpage.ee\/_ruumist-ruumi\/wp-json\/wp\/v2\/types\/product"}],"replies":[{"embeddable":true,"href":"https:\/\/blankpage.ee\/_ruumist-ruumi\/wp-json\/wp\/v2\/comments?post=6273"}],"wp:featuredmedia":[{"embeddable":true,"href":"https:\/\/blankpage.ee\/_ruumist-ruumi\/wp-json\/wp\/v2\/media\/6274"}],"wp:attachment":[{"href":"https:\/\/blankpage.ee\/_ruumist-ruumi\/wp-json\/wp\/v2\/media?parent=6273"}],"wp:term":[{"taxonomy":"product_brand","embeddable":true,"href":"https:\/\/blankpage.ee\/_ruumist-ruumi\/wp-json\/wp\/v2\/product_brand?post=6273"},{"taxonomy":"product_cat","embeddable":true,"href":"https:\/\/blankpage.ee\/_ruumist-ruumi\/wp-json\/wp\/v2\/product_cat?post=6273"},{"taxonomy":"product_tag","embeddable":true,"href":"https:\/\/blankpage.ee\/_ruumist-ruumi\/wp-json\/wp\/v2\/product_tag?post=6273"}],"curies":[{"name":"wp","href":"https:\/\/api.w.org\/{rel}","templated":true}]}}