{"id":6325,"date":"2024-11-01T11:35:59","date_gmt":"2024-11-01T11:35:59","guid":{"rendered":"https:\/\/ruumistruumi.ee\/pood\/tumesinine-ookapp-avola-av775-22-akatsiapuidust\/"},"modified":"2025-04-10T11:57:37","modified_gmt":"2025-04-10T11:57:37","slug":"tumesinine-ookapp-avola-av775-22-akatsiapuidust","status":"publish","type":"product","link":"https:\/\/blankpage.ee\/_ruumist-ruumi\/pood\/tumesinine-ookapp-avola-av775-22-akatsiapuidust\/","title":{"rendered":"Tumesinine \u00f6\u00f6kapp Avola AV775-22, akaatsiapuidust"},"content":{"rendered":"<p>Avola AV775-22 \u00f6\u00f6kapp magamistuppa. See elegantne \u00f6\u00f6kapp, mis kuulub Avola kollektsiooni, on valmistatud kvaliteetsest akaatsiapuidust ja MDF-ist, millel on n\u00e4htav puidustruktuur. Tumesinine v\u00e4rv koos peene viimistlusega lisab magamistoale stiili ja s\u00fcgavust. Kapi klaasuks koos dekoratiivsete liistudega ning \u00fcks sahtel pakuvad piisavalt hoiuruumi, et hoida vajalikud esemed k\u00e4ep\u00e4rast. Pealmise osa freesitud servad lisavad viimistletud v\u00e4limust.<\/p>\n<p>Omadused:<br \/>\n<strong>Materjal:<\/strong> Akaatsiapuit ja MDF.<br \/>\n<strong>V\u00e4rv:<\/strong> Tumesinine.<br \/>\n<strong>M\u00f5\u00f5tmed:<\/strong> Laius 41 cm, s\u00fcgavus 56 cm, k\u00f5rgus 64 cm.<br \/>\n<strong>T\u00e4iendavad detailid:<\/strong> Dekoratiivsed liistud, \u00fcks klaasuks, \u00fcks sahtel, metallist k\u00e4epidemed. Sahtli m\u00f5\u00f5tmed: 24,5 x 28,5 x 5,5 cm; ukse m\u00f5\u00f5tmed: 30,5 x 39,5 cm; kapi m\u00f5\u00f5tmed: 30,5 x 49,5 x 39,5 cm; tahke pind ilma klapita: 40,5 x 44,5 cm. Sisseehitatud toiteplokk kahe pistikupesa ja kahe USB-pordiga.<br \/>\n<strong>Kokkupanek:<\/strong> Kokkupandud, ei vaja paigaldust. S\u00e4\u00e4stab aega ja vaeva.<\/p>\n<p>&nbsp;<\/p>\n","protected":false},"excerpt":{"rendered":"<p>Avola AV775-22 \u00f6\u00f6kapp magamistuppa. See elegantne \u00f6\u00f6kapp, mis kuulub Avola kollektsiooni, on valmistatud kvaliteetsest akaatsiapuidust ja MDF-ist, millel on n\u00e4htav puidustruktuur. Tumesinine v\u00e4rv koos peene viimistlusega lisab magamistoale stiili ja s\u00fcgavust. Kapi klaasuks koos dekoratiivsete liistudega ning \u00fcks sahtel pakuvad piisavalt hoiuruumi, et hoida vajalikud esemed k\u00e4ep\u00e4rast. Pealmise osa freesitud servad lisavad viimistletud v\u00e4limust. Omadused: [&hellip;]<\/p>\n","protected":false},"featured_media":6326,"comment_status":"open","ping_status":"open","template":"","meta":[],"product_brand":[],"product_cat":[92],"product_tag":[],"class_list":{"0":"post-6325","1":"product","2":"type-product","3":"status-publish","4":"has-post-thumbnail","6":"product_cat-ookapid","7":"product_shipping_class-livin-hill","8":"pa_kaepidemed-metall","9":"pa_kollektsioon-avola","10":"pa_materjal-akaatsiapuit","11":"pa_sahtlite-arv-87","12":"pa_uste-arv-88","13":"pa_varv-tumesinine","15":"first","16":"instock","17":"sale","18":"taxable","19":"shipping-taxable","20":"purchasable","21":"product-type-simple"},"_links":{"self":[{"href":"https:\/\/blankpage.ee\/_ruumist-ruumi\/wp-json\/wp\/v2\/product\/6325","targetHints":{"allow":["GET"]}}],"collection":[{"href":"https:\/\/blankpage.ee\/_ruumist-ruumi\/wp-json\/wp\/v2\/product"}],"about":[{"href":"https:\/\/blankpage.ee\/_ruumist-ruumi\/wp-json\/wp\/v2\/types\/product"}],"replies":[{"embeddable":true,"href":"https:\/\/blankpage.ee\/_ruumist-ruumi\/wp-json\/wp\/v2\/comments?post=6325"}],"wp:featuredmedia":[{"embeddable":true,"href":"https:\/\/blankpage.ee\/_ruumist-ruumi\/wp-json\/wp\/v2\/media\/6326"}],"wp:attachment":[{"href":"https:\/\/blankpage.ee\/_ruumist-ruumi\/wp-json\/wp\/v2\/media?parent=6325"}],"wp:term":[{"taxonomy":"product_brand","embeddable":true,"href":"https:\/\/blankpage.ee\/_ruumist-ruumi\/wp-json\/wp\/v2\/product_brand?post=6325"},{"taxonomy":"product_cat","embeddable":true,"href":"https:\/\/blankpage.ee\/_ruumist-ruumi\/wp-json\/wp\/v2\/product_cat?post=6325"},{"taxonomy":"product_tag","embeddable":true,"href":"https:\/\/blankpage.ee\/_ruumist-ruumi\/wp-json\/wp\/v2\/product_tag?post=6325"}],"curies":[{"name":"wp","href":"https:\/\/api.w.org\/{rel}","templated":true}]}}