{"id":6382,"date":"2024-11-01T11:38:39","date_gmt":"2024-11-01T11:38:39","guid":{"rendered":"https:\/\/ruumistruumi.ee\/pood\/valge-kummut-avola-av2069-60-akaatsiapuidust\/"},"modified":"2025-04-10T11:57:38","modified_gmt":"2025-04-10T11:57:38","slug":"valge-kummut-avola-av2069-60-akaatsiapuidust","status":"publish","type":"product","link":"https:\/\/blankpage.ee\/_ruumist-ruumi\/pood\/valge-kummut-avola-av2069-60-akaatsiapuidust\/","title":{"rendered":"Valge kummut Avola AV2069-60, akaatsiapuidust"},"content":{"rendered":"<p>Avola AV2069-60 kummut elutuppa. See elegantne m\u00f6\u00f6bliese \u00fchendab glamuurse ja Hamptonsi stiili, pakkudes valget v\u00e4rvi viimistlust koos kuldsete jalgade ja k\u00e4epidemetega. Akaatsiapuidust valmistatud korpusel on n\u00e4htav puidustruktuur, mis lisab iseloomu ja soojuse igasse ruumi. Metallist raamjalad tagavad kummuti stabiilsuse, samal ajal kui metallist k\u00e4epidemed annavad sellele luksusliku ilme.<\/p>\n<p>Avola AV2069-60 kummut on praktiline ja stiilne valik, kus on neli ust ja kaks reguleeritavat riiulit, pakkudes piisavalt hoiuruumi. Dekoratiivsed muntinid lisavad kummutile visuaalset huvi, samas kui ukse m\u00f5\u00f5tmed 70 x 57 cm ja p\u00f5randast p\u00f5hjani 14,5 cm annavad sellele proportsionaalse ja tasakaalustatud v\u00e4limuse. Kummut on kokkupandud, ei vaja paigaldust, s\u00e4\u00e4stab aega ja vaeva.<\/p>\n<p>Omadused:<br \/>\n<strong>Materjal:<\/strong> Akaatsiapuit, MDF, metallist jalad.<br \/>\n<strong>V\u00e4rv:<\/strong> Valge, kuldsed jalad ja k\u00e4epidemed.<br \/>\n<strong>M\u00f5\u00f5tmed:<\/strong> Laius 152,5 cm, s\u00fcgavus 41 cm, k\u00f5rgus 81,5 cm.<br \/>\n<strong>T\u00e4iendavad detailid:<\/strong> Dekoratiivsed muntinid, reguleeritav sisemine riiul.<br \/>\n<strong>Kokkupanek:<\/strong> Kokkupandud, ei vaja paigaldust. S\u00e4\u00e4stab aega ja vaeva.<\/p>\n<p>&nbsp;<\/p>\n","protected":false},"excerpt":{"rendered":"<p>Avola AV2069-60 kummut elutuppa. See elegantne m\u00f6\u00f6bliese \u00fchendab glamuurse ja Hamptonsi stiili, pakkudes valget v\u00e4rvi viimistlust koos kuldsete jalgade ja k\u00e4epidemetega. Akaatsiapuidust valmistatud korpusel on n\u00e4htav puidustruktuur, mis lisab iseloomu ja soojuse igasse ruumi. Metallist raamjalad tagavad kummuti stabiilsuse, samal ajal kui metallist k\u00e4epidemed annavad sellele luksusliku ilme. Avola AV2069-60 kummut on praktiline ja stiilne [&hellip;]<\/p>\n","protected":false},"featured_media":6383,"comment_status":"open","ping_status":"closed","template":"","meta":[],"product_brand":[],"product_cat":[81],"product_tag":[],"class_list":{"0":"post-6382","1":"product","2":"type-product","3":"status-publish","4":"has-post-thumbnail","6":"product_cat-kapid-riiulid-ja-kummutid","7":"product_shipping_class-livin-hill","8":"pa_kaepidemed-metall","9":"pa_kollektsioon-avola","10":"pa_materjal-akaatsiapuit","11":"pa_riiulite-arv-76","12":"pa_uste-arv-75","13":"pa_varv-valge","15":"first","16":"instock","17":"sale","18":"taxable","19":"shipping-taxable","20":"purchasable","21":"product-type-simple"},"_links":{"self":[{"href":"https:\/\/blankpage.ee\/_ruumist-ruumi\/wp-json\/wp\/v2\/product\/6382","targetHints":{"allow":["GET"]}}],"collection":[{"href":"https:\/\/blankpage.ee\/_ruumist-ruumi\/wp-json\/wp\/v2\/product"}],"about":[{"href":"https:\/\/blankpage.ee\/_ruumist-ruumi\/wp-json\/wp\/v2\/types\/product"}],"replies":[{"embeddable":true,"href":"https:\/\/blankpage.ee\/_ruumist-ruumi\/wp-json\/wp\/v2\/comments?post=6382"}],"wp:featuredmedia":[{"embeddable":true,"href":"https:\/\/blankpage.ee\/_ruumist-ruumi\/wp-json\/wp\/v2\/media\/6383"}],"wp:attachment":[{"href":"https:\/\/blankpage.ee\/_ruumist-ruumi\/wp-json\/wp\/v2\/media?parent=6382"}],"wp:term":[{"taxonomy":"product_brand","embeddable":true,"href":"https:\/\/blankpage.ee\/_ruumist-ruumi\/wp-json\/wp\/v2\/product_brand?post=6382"},{"taxonomy":"product_cat","embeddable":true,"href":"https:\/\/blankpage.ee\/_ruumist-ruumi\/wp-json\/wp\/v2\/product_cat?post=6382"},{"taxonomy":"product_tag","embeddable":true,"href":"https:\/\/blankpage.ee\/_ruumist-ruumi\/wp-json\/wp\/v2\/product_tag?post=6382"}],"curies":[{"name":"wp","href":"https:\/\/api.w.org\/{rel}","templated":true}]}}