{"id":6391,"date":"2024-11-01T11:39:12","date_gmt":"2024-11-01T11:39:12","guid":{"rendered":"https:\/\/ruumistruumi.ee\/pood\/beez-avola-av675-50-kummut-akatsiapuidust-mdf-st\/"},"modified":"2025-01-11T10:51:47","modified_gmt":"2025-01-11T10:51:47","slug":"beez-kummut-avola-av675-50-akaatsiapuidust","status":"publish","type":"product","link":"https:\/\/blankpage.ee\/_ruumist-ruumi\/pood\/beez-kummut-avola-av675-50-akaatsiapuidust\/","title":{"rendered":"Bee\u017e kummut Avola AV675-50, akaatsiapuidust"},"content":{"rendered":"<p>Avola AV675-50 kummut elutuppa. See klassikaline kreemjas kummut on valmistatud akaatsiapuidust, millel on n\u00e4htav struktuur, lisades ruumi soojust ja elegantsi. Kummutil on kolm klaasust dekoratiivsete liistudega ja kaks sahtlit, millel on peenelt freesitud servad ning esik\u00fcljel dekoratiivne v\u00e4ljal\u00f5ige. See kummut on suurep\u00e4rane valik, et hoida teie elutuba korras ja stiilne.<\/p>\n<p>Kummuti erip\u00e4radeks on kolm klaasust, mis v\u00f5imaldavad teil esitleda oma lemmikesemeid v\u00f5i raamatuid, ning kaks riiulit, mis pakuvad praktilist hoiuruumi. Akaatsiapuit ja MDF tagavad vastupidavuse ja pikaealisuse, samas kui kreemjas toon lisab interj\u00f6\u00f6rile pehmust ja harmooniat. Kummut on kokkupandud, mis s\u00e4\u00e4stab teie aega ja vaeva, muutes selle koheselt kasutusvalmis.<\/p>\n<p>Omadused:<br \/>\n<strong>Materjal:<\/strong> Akaatsiapuit ja MDF.<br \/>\n<strong>V\u00e4rv:<\/strong> Kreemjas.<br \/>\n<strong>M\u00f5\u00f5tmed:<\/strong> Laius 127 cm, s\u00fcgavus 49 cm, k\u00f5rgus 82 cm.<br \/>\n<strong>T\u00e4iendavad detailid:<\/strong> Dekoratiivsed liistud ja freesitud servad.<br \/>\n<strong>Kokkupanek:<\/strong> Kokkupandud, ei vaja paigaldust. S\u00e4\u00e4stab aega ja vaeva.<\/p>\n<p>&nbsp;<\/p>\n","protected":false},"excerpt":{"rendered":"<p>Avola AV675-50 kummut elutuppa. See klassikaline kreemjas kummut on valmistatud akaatsiapuidust, millel on n\u00e4htav struktuur, lisades ruumi soojust ja elegantsi. Kummutil on kolm klaasust dekoratiivsete liistudega ja kaks sahtlit, millel on peenelt freesitud servad ning esik\u00fcljel dekoratiivne v\u00e4ljal\u00f5ige. See kummut on suurep\u00e4rane valik, et hoida teie elutuba korras ja stiilne. Kummuti erip\u00e4radeks on kolm klaasust, [&hellip;]<\/p>\n","protected":false},"featured_media":6392,"comment_status":"open","ping_status":"closed","template":"","meta":[],"product_brand":[],"product_cat":[81],"product_tag":[],"class_list":{"0":"post-6391","1":"product","2":"type-product","3":"status-publish","4":"has-post-thumbnail","6":"product_cat-kapid-riiulid-ja-kummutid","7":"product_shipping_class-livin-hill","8":"pa_kollektsioon-avola","9":"pa_materjal-akaatsiapuit","10":"pa_riiulite-arv-76","11":"pa_sahtlite-arv-74","12":"pa_uste-arv-84","13":"pa_varv-beez","15":"first","16":"outofstock","17":"sale","18":"taxable","19":"shipping-taxable","20":"purchasable","21":"product-type-simple"},"_links":{"self":[{"href":"https:\/\/blankpage.ee\/_ruumist-ruumi\/wp-json\/wp\/v2\/product\/6391","targetHints":{"allow":["GET"]}}],"collection":[{"href":"https:\/\/blankpage.ee\/_ruumist-ruumi\/wp-json\/wp\/v2\/product"}],"about":[{"href":"https:\/\/blankpage.ee\/_ruumist-ruumi\/wp-json\/wp\/v2\/types\/product"}],"replies":[{"embeddable":true,"href":"https:\/\/blankpage.ee\/_ruumist-ruumi\/wp-json\/wp\/v2\/comments?post=6391"}],"wp:featuredmedia":[{"embeddable":true,"href":"https:\/\/blankpage.ee\/_ruumist-ruumi\/wp-json\/wp\/v2\/media\/6392"}],"wp:attachment":[{"href":"https:\/\/blankpage.ee\/_ruumist-ruumi\/wp-json\/wp\/v2\/media?parent=6391"}],"wp:term":[{"taxonomy":"product_brand","embeddable":true,"href":"https:\/\/blankpage.ee\/_ruumist-ruumi\/wp-json\/wp\/v2\/product_brand?post=6391"},{"taxonomy":"product_cat","embeddable":true,"href":"https:\/\/blankpage.ee\/_ruumist-ruumi\/wp-json\/wp\/v2\/product_cat?post=6391"},{"taxonomy":"product_tag","embeddable":true,"href":"https:\/\/blankpage.ee\/_ruumist-ruumi\/wp-json\/wp\/v2\/product_tag?post=6391"}],"curies":[{"name":"wp","href":"https:\/\/api.w.org\/{rel}","templated":true}]}}