{"id":6412,"date":"2024-11-01T11:40:10","date_gmt":"2024-11-01T11:40:10","guid":{"rendered":"https:\/\/ruumistruumi.ee\/pood\/tumepruun-kummut-massa-masd01-akaatsiapuidust\/"},"modified":"2025-04-10T11:57:38","modified_gmt":"2025-04-10T11:57:38","slug":"tumepruun-kummut-massa-masd01-akaatsiapuidust","status":"publish","type":"product","link":"https:\/\/blankpage.ee\/_ruumist-ruumi\/pood\/tumepruun-kummut-massa-masd01-akaatsiapuidust\/","title":{"rendered":"Tumepruun kummut Massa MASD01, akaatsiapuidust"},"content":{"rendered":"<p>Massa MASD01 kummut elutuppa. See kummut \u00fchendab endas modernse vintage-stiili ja praktilisuse, tuues teie elutuppa unikaalse ja stiilse ilme. Valmistatud kvaliteetsest harjatud eksootilisest akaatsiapuidust, millele lisavad iseloomu metallsed ergonoomilised k\u00e4epidemed, mis on osa lamellide disainist. Kapi esipaneelidel on 3D struktuur, millel on kerge lamelli aktsent, lisades s\u00fcgavust ja tekstuuri.<\/p>\n<p>Massa MASD01 kummut on praktiline valik, pakkudes piisavalt hoiuruumi kolme ukse ja \u00fche riiuliga. Tumeda grafiitv\u00e4rvi metallist jalad annavad kummutile stabiilsuse ja kaasaegse ilme, mis harmoneerub h\u00e4sti pruuni akaatsiapuiduga. See kummut on suurep\u00e4rane t\u00e4iendus igasse elutuppa, kus on oluline nii stiil kui ka funktsionaalsus.<\/p>\n<p>Omadused:<br \/>\n<strong>Materjal:<\/strong> Akaatsiapuit, spoon, metallist jalad.<br \/>\n<strong>V\u00e4rv:<\/strong> Pruun, tumedad grafiitv\u00e4rvi jalad.<br \/>\n<strong>M\u00f5\u00f5tmed:<\/strong> Laius 160 cm, s\u00fcgavus 45 cm, k\u00f5rgus 80 cm.<br \/>\n<strong>T\u00e4iendavad detailid:<\/strong> Kolm ust, \u00fcks riiul.<br \/>\n<strong>Kokkupanek:<\/strong> Osaliselt kokku pandud, ei vaja paigaldust. S\u00e4\u00e4stab aega ja vaeva.<\/p>\n<p>&nbsp;<\/p>\n","protected":false},"excerpt":{"rendered":"<p>Massa MASD01 kummut elutuppa. See kummut \u00fchendab endas modernse vintage-stiili ja praktilisuse, tuues teie elutuppa unikaalse ja stiilse ilme. Valmistatud kvaliteetsest harjatud eksootilisest akaatsiapuidust, millele lisavad iseloomu metallsed ergonoomilised k\u00e4epidemed, mis on osa lamellide disainist. Kapi esipaneelidel on 3D struktuur, millel on kerge lamelli aktsent, lisades s\u00fcgavust ja tekstuuri. Massa MASD01 kummut on praktiline valik, [&hellip;]<\/p>\n","protected":false},"featured_media":6413,"comment_status":"open","ping_status":"closed","template":"","meta":[],"product_brand":[],"product_cat":[81],"product_tag":[],"class_list":{"0":"post-6412","1":"product","2":"type-product","3":"status-publish","4":"has-post-thumbnail","6":"product_cat-kapid-riiulid-ja-kummutid","7":"product_shipping_class-livin-hill","8":"pa_kollektsioon-massa","9":"pa_materjal-akaatsiapuit","10":"pa_riiulite-arv-99","11":"pa_uste-arv-84","12":"pa_varv-tumepruun","14":"first","15":"instock","16":"sale","17":"taxable","18":"shipping-taxable","19":"purchasable","20":"product-type-simple"},"_links":{"self":[{"href":"https:\/\/blankpage.ee\/_ruumist-ruumi\/wp-json\/wp\/v2\/product\/6412","targetHints":{"allow":["GET"]}}],"collection":[{"href":"https:\/\/blankpage.ee\/_ruumist-ruumi\/wp-json\/wp\/v2\/product"}],"about":[{"href":"https:\/\/blankpage.ee\/_ruumist-ruumi\/wp-json\/wp\/v2\/types\/product"}],"replies":[{"embeddable":true,"href":"https:\/\/blankpage.ee\/_ruumist-ruumi\/wp-json\/wp\/v2\/comments?post=6412"}],"wp:featuredmedia":[{"embeddable":true,"href":"https:\/\/blankpage.ee\/_ruumist-ruumi\/wp-json\/wp\/v2\/media\/6413"}],"wp:attachment":[{"href":"https:\/\/blankpage.ee\/_ruumist-ruumi\/wp-json\/wp\/v2\/media?parent=6412"}],"wp:term":[{"taxonomy":"product_brand","embeddable":true,"href":"https:\/\/blankpage.ee\/_ruumist-ruumi\/wp-json\/wp\/v2\/product_brand?post=6412"},{"taxonomy":"product_cat","embeddable":true,"href":"https:\/\/blankpage.ee\/_ruumist-ruumi\/wp-json\/wp\/v2\/product_cat?post=6412"},{"taxonomy":"product_tag","embeddable":true,"href":"https:\/\/blankpage.ee\/_ruumist-ruumi\/wp-json\/wp\/v2\/product_tag?post=6412"}],"curies":[{"name":"wp","href":"https:\/\/api.w.org\/{rel}","templated":true}]}}