{"id":6428,"date":"2024-11-01T11:41:10","date_gmt":"2024-11-01T11:41:10","guid":{"rendered":"https:\/\/ruumistruumi.ee\/pood\/tumepruun-tv-alus-massa-masl01-akatsiapuust\/"},"modified":"2025-04-10T11:57:39","modified_gmt":"2025-04-10T11:57:39","slug":"tumepruun-tv-alus-massa-masl01-akaatsiapuust","status":"publish","type":"product","link":"https:\/\/blankpage.ee\/_ruumist-ruumi\/pood\/tumepruun-tv-alus-massa-masl01-akaatsiapuust\/","title":{"rendered":"Tumepruun TV-alus Massa MASL01, akaatsiapuidust"},"content":{"rendered":"<p>Massa MASL01 TV-alus elutuppa. See originaalne ja soliidne vitriinkapp on loodud kaasaegse vintage-stiili austajatele. Valmistatud k\u00f5rgekvaliteedilisest harjatud eksootilisest akaatsiapuidust, millele annavad iseloomu metallist ergonoomilised k\u00e4epidemed, mis on osa lamellide disainist. Kapi esipaneelidel on 3D struktuur koos kerge lamelli aktsendiga, mis lisab s\u00fcgavust ja visuaalset huvi.<\/p>\n<p>Massa MASL01 TV-alus on mitte ainult stiilne, vaid ka praktiline. Sellel on kaks ust, mis peidavad endas avarat hoiuruumi, ja \u00fcks riiul, mis pakub lisaruumi meelelahutusseadmete paigutamiseks. Tume grafiitv\u00e4rvi metallist jalad lisavad m\u00f6\u00f6bliesemele modernset kontrasti ja stabiilsust.<\/p>\n<p>Omadused:<br \/>\n<strong>Materjal:<\/strong> Akaatsiapuit, spoon, metallist jalad.<br \/>\n<strong>V\u00e4rv:<\/strong> Pruun, tumedad grafiitv\u00e4rvi jalad.<br \/>\n<strong>M\u00f5\u00f5tmed:<\/strong> Laius 160 cm, s\u00fcgavus 45 cm, k\u00f5rgus 55 cm.<br \/>\n<strong>T\u00e4iendavad detailid:<\/strong> 2 ust, 1 riiul.<br \/>\n<strong>Kokkupanek:<\/strong> Osaliselt kokku pandud, ei vaja paigaldust. S\u00e4\u00e4stab aega ja vaeva.<\/p>\n<p>&nbsp;<\/p>\n","protected":false},"excerpt":{"rendered":"<p>Massa MASL01 TV-alus elutuppa. See originaalne ja soliidne vitriinkapp on loodud kaasaegse vintage-stiili austajatele. Valmistatud k\u00f5rgekvaliteedilisest harjatud eksootilisest akaatsiapuidust, millele annavad iseloomu metallist ergonoomilised k\u00e4epidemed, mis on osa lamellide disainist. Kapi esipaneelidel on 3D struktuur koos kerge lamelli aktsendiga, mis lisab s\u00fcgavust ja visuaalset huvi. Massa MASL01 TV-alus on mitte ainult stiilne, vaid ka praktiline. [&hellip;]<\/p>\n","protected":false},"featured_media":6429,"comment_status":"open","ping_status":"closed","template":"","meta":[],"product_brand":[],"product_cat":[85],"product_tag":[],"class_list":{"0":"post-6428","1":"product","2":"type-product","3":"status-publish","4":"has-post-thumbnail","6":"product_cat-tv-alused","7":"product_shipping_class-livin-hill","8":"pa_kollektsioon-massa","9":"pa_materjal-akaatsiapuit","10":"pa_riiulite-arv-99","11":"pa_uste-arv-94","12":"pa_varv-tumepruun","14":"first","15":"instock","16":"sale","17":"taxable","18":"shipping-taxable","19":"purchasable","20":"product-type-simple"},"_links":{"self":[{"href":"https:\/\/blankpage.ee\/_ruumist-ruumi\/wp-json\/wp\/v2\/product\/6428","targetHints":{"allow":["GET"]}}],"collection":[{"href":"https:\/\/blankpage.ee\/_ruumist-ruumi\/wp-json\/wp\/v2\/product"}],"about":[{"href":"https:\/\/blankpage.ee\/_ruumist-ruumi\/wp-json\/wp\/v2\/types\/product"}],"replies":[{"embeddable":true,"href":"https:\/\/blankpage.ee\/_ruumist-ruumi\/wp-json\/wp\/v2\/comments?post=6428"}],"wp:featuredmedia":[{"embeddable":true,"href":"https:\/\/blankpage.ee\/_ruumist-ruumi\/wp-json\/wp\/v2\/media\/6429"}],"wp:attachment":[{"href":"https:\/\/blankpage.ee\/_ruumist-ruumi\/wp-json\/wp\/v2\/media?parent=6428"}],"wp:term":[{"taxonomy":"product_brand","embeddable":true,"href":"https:\/\/blankpage.ee\/_ruumist-ruumi\/wp-json\/wp\/v2\/product_brand?post=6428"},{"taxonomy":"product_cat","embeddable":true,"href":"https:\/\/blankpage.ee\/_ruumist-ruumi\/wp-json\/wp\/v2\/product_cat?post=6428"},{"taxonomy":"product_tag","embeddable":true,"href":"https:\/\/blankpage.ee\/_ruumist-ruumi\/wp-json\/wp\/v2\/product_tag?post=6428"}],"curies":[{"name":"wp","href":"https:\/\/api.w.org\/{rel}","templated":true}]}}