{"id":6436,"date":"2024-11-01T11:41:43","date_gmt":"2024-11-01T11:41:43","guid":{"rendered":"https:\/\/ruumistruumi.ee\/pood\/tumepruun-raamaturiiul-massa-masl02-akatsiapuust\/"},"modified":"2025-04-10T11:57:39","modified_gmt":"2025-04-10T11:57:39","slug":"tumepruun-raamaturiuul-massa-masl02-akaatsiapuidust","status":"publish","type":"product","link":"https:\/\/blankpage.ee\/_ruumist-ruumi\/pood\/tumepruun-raamaturiuul-massa-masl02-akaatsiapuidust\/","title":{"rendered":"Tumepruun raamaturiuul Massa MASL02, akaatsiapuidust"},"content":{"rendered":"<p>Massa MASL02 raamaturiiul kodukontorisse. See originaalne ja soliidne raamaturiiul on valmistatud kvaliteetsest harjatud eksootilisest akaatsiapuidust, millel on metallist ergonoomilised k\u00e4epidemed, mis on osa lamellide disainist. Riiuli esipaneelidel on 3D struktuur, millel on kerge lamelli aktsent, mis lisab ruumile modernset vintage stiili.<\/p>\n<p>Massa MASL02 raamaturiiul pakub kuut avarat riiulit, mis v\u00f5imaldavad hoida raamatuid, dokumente ja dekoratiivesemeid korrastatult ning k\u00e4ep\u00e4raselt. Akaatsiapuitu iseloomustab vastupidavus ja ajatu ilu, mis koos tumedate grafiitv\u00e4rvi jalgadega loob stiilse ja harmoonilise ilme. Riiuli m\u00f5\u00f5tmed on 90 cm laius, 35 cm s\u00fcgavus ja 180 cm k\u00f5rgus, mis v\u00f5imaldab seda paigutada erinevatesse ruumidesse, pakkudes samal ajal piisavalt hoiuruumi.<\/p>\n<p>Omadused:<br \/>\n<strong>Materjal:<\/strong> Akaatsiapuit, spoon, metallist jalad.<br \/>\n<strong>V\u00e4rv:<\/strong> Pruun, tumedad grafiitv\u00e4rvi jalad.<br \/>\n<strong>M\u00f5\u00f5tmed:<\/strong> Laius 90 cm, s\u00fcgavus 35 cm, k\u00f5rgus 180 cm.<br \/>\n<strong>T\u00e4iendavad detailid:<\/strong> 6 riiulit.<br \/>\n<strong>Kokkupanek:<\/strong> Osaliselt kokku pandud, s\u00e4\u00e4stab aega ja vaeva.<\/p>\n<p>&nbsp;<\/p>\n","protected":false},"excerpt":{"rendered":"<p>Massa MASL02 raamaturiiul kodukontorisse. See originaalne ja soliidne raamaturiiul on valmistatud kvaliteetsest harjatud eksootilisest akaatsiapuidust, millel on metallist ergonoomilised k\u00e4epidemed, mis on osa lamellide disainist. Riiuli esipaneelidel on 3D struktuur, millel on kerge lamelli aktsent, mis lisab ruumile modernset vintage stiili. Massa MASL02 raamaturiiul pakub kuut avarat riiulit, mis v\u00f5imaldavad hoida raamatuid, dokumente ja dekoratiivesemeid [&hellip;]<\/p>\n","protected":false},"featured_media":6437,"comment_status":"open","ping_status":"closed","template":"","meta":[],"product_brand":[],"product_cat":[97],"product_tag":[],"class_list":{"0":"post-6436","1":"product","2":"type-product","3":"status-publish","4":"has-post-thumbnail","6":"product_cat-raamaturiiulid","7":"product_shipping_class-livin-hill","8":"pa_kollektsioon-massa","9":"pa_materjal-akaatsiapuit","10":"pa_riiulite-arv-106","11":"pa_sahtlite-arv-74","12":"pa_varv-tumepruun","14":"first","15":"instock","16":"sale","17":"taxable","18":"shipping-taxable","19":"purchasable","20":"product-type-simple"},"_links":{"self":[{"href":"https:\/\/blankpage.ee\/_ruumist-ruumi\/wp-json\/wp\/v2\/product\/6436","targetHints":{"allow":["GET"]}}],"collection":[{"href":"https:\/\/blankpage.ee\/_ruumist-ruumi\/wp-json\/wp\/v2\/product"}],"about":[{"href":"https:\/\/blankpage.ee\/_ruumist-ruumi\/wp-json\/wp\/v2\/types\/product"}],"replies":[{"embeddable":true,"href":"https:\/\/blankpage.ee\/_ruumist-ruumi\/wp-json\/wp\/v2\/comments?post=6436"}],"wp:featuredmedia":[{"embeddable":true,"href":"https:\/\/blankpage.ee\/_ruumist-ruumi\/wp-json\/wp\/v2\/media\/6437"}],"wp:attachment":[{"href":"https:\/\/blankpage.ee\/_ruumist-ruumi\/wp-json\/wp\/v2\/media?parent=6436"}],"wp:term":[{"taxonomy":"product_brand","embeddable":true,"href":"https:\/\/blankpage.ee\/_ruumist-ruumi\/wp-json\/wp\/v2\/product_brand?post=6436"},{"taxonomy":"product_cat","embeddable":true,"href":"https:\/\/blankpage.ee\/_ruumist-ruumi\/wp-json\/wp\/v2\/product_cat?post=6436"},{"taxonomy":"product_tag","embeddable":true,"href":"https:\/\/blankpage.ee\/_ruumist-ruumi\/wp-json\/wp\/v2\/product_tag?post=6436"}],"curies":[{"name":"wp","href":"https:\/\/api.w.org\/{rel}","templated":true}]}}