{"id":6451,"date":"2024-11-01T11:42:46","date_gmt":"2024-11-01T11:42:46","guid":{"rendered":"https:\/\/ruumistruumi.ee\/pood\/tumepruun-voodi-raam-massa-mask01-akatsiapuust-vineer-metallist-jalad\/"},"modified":"2025-04-10T11:57:39","modified_gmt":"2025-04-10T11:57:39","slug":"tumepruun-voodiraam-massa-mask01-akatsiapuit-vineer-metallist-jalad","status":"publish","type":"product","link":"https:\/\/blankpage.ee\/_ruumist-ruumi\/pood\/tumepruun-voodiraam-massa-mask01-akatsiapuit-vineer-metallist-jalad\/","title":{"rendered":"Tumepruun voodiraam Massa MASK01, akaatsiapuidust"},"content":{"rendered":"<p>Massa MASK01 voodiraam magamistuppa. See ainulaadne voodiraam on loodud neile, kes hindavad modernset vintage-stiili ja kvaliteetset k\u00e4sit\u00f6\u00f6d. Valmistatud harjatud eksootilisest akaatsiapuidust, millel on kaunis 3D-struktuur ja \u00f5rn lamellaktsent. Voodiraami tumedad grafiitv\u00e4rvi metalljalad lisavad sellele elegantsi ja vastupidavust. Pange t\u00e4hele, et toode ei sisalda voodip\u00f5hja.<\/p>\n<p>Massa kollektsiooni voodiraam toob teie magamistuppa soojust ja isikup\u00e4ra. Akaatsiapuidu loomulik tekstuur ja toonid loovad hubase atmosf\u00e4\u00e4ri, samal ajal kui tumedad metalljalad annavad sellele kaasaegse ilme. Voodiraam on osaliselt kokku pandud, mis t\u00e4hendab, et selle paigaldamine on kiire ja lihtne.<\/p>\n<p>Omadused:<br \/>\n<strong>Materjal:<\/strong> Akaatsiapuit, spoon, metallist jalad.<br \/>\n<strong>V\u00e4rv:<\/strong> Pruun, tumedad grafiitv\u00e4rvi jalad.<br \/>\n<strong>M\u00f5\u00f5tmed:<\/strong> Laius 189 cm, s\u00fcgavus 209 cm, k\u00f5rgus 120 cm.<br \/>\n<strong>T\u00e4iendavad detailid:<\/strong> Voodipeatsi 3D-struktuur ja lamella aktsent.<br \/>\n<strong>Kokkupanek:<\/strong> Osaliselt kokku pandud, s\u00e4\u00e4stab aega ja vaeva.<\/p>\n<p>&nbsp;<\/p>\n","protected":false},"excerpt":{"rendered":"<p>Massa MASK01 voodiraam magamistuppa. See ainulaadne voodiraam on loodud neile, kes hindavad modernset vintage-stiili ja kvaliteetset k\u00e4sit\u00f6\u00f6d. Valmistatud harjatud eksootilisest akaatsiapuidust, millel on kaunis 3D-struktuur ja \u00f5rn lamellaktsent. Voodiraami tumedad grafiitv\u00e4rvi metalljalad lisavad sellele elegantsi ja vastupidavust. Pange t\u00e4hele, et toode ei sisalda voodip\u00f5hja. Massa kollektsiooni voodiraam toob teie magamistuppa soojust ja isikup\u00e4ra. Akaatsiapuidu loomulik [&hellip;]<\/p>\n","protected":false},"featured_media":6452,"comment_status":"open","ping_status":"closed","template":"","meta":[],"product_brand":[],"product_cat":[156],"product_tag":[],"class_list":{"0":"post-6451","1":"product","2":"type-product","3":"status-publish","4":"has-post-thumbnail","6":"product_cat-voodid","7":"product_shipping_class-livin-hill","8":"pa_kollektsioon-massa","9":"pa_materjal-akaatsiapuit","10":"pa_varv-tumepruun","12":"first","13":"instock","14":"sale","15":"taxable","16":"shipping-taxable","17":"purchasable","18":"product-type-simple"},"_links":{"self":[{"href":"https:\/\/blankpage.ee\/_ruumist-ruumi\/wp-json\/wp\/v2\/product\/6451","targetHints":{"allow":["GET"]}}],"collection":[{"href":"https:\/\/blankpage.ee\/_ruumist-ruumi\/wp-json\/wp\/v2\/product"}],"about":[{"href":"https:\/\/blankpage.ee\/_ruumist-ruumi\/wp-json\/wp\/v2\/types\/product"}],"replies":[{"embeddable":true,"href":"https:\/\/blankpage.ee\/_ruumist-ruumi\/wp-json\/wp\/v2\/comments?post=6451"}],"wp:featuredmedia":[{"embeddable":true,"href":"https:\/\/blankpage.ee\/_ruumist-ruumi\/wp-json\/wp\/v2\/media\/6452"}],"wp:attachment":[{"href":"https:\/\/blankpage.ee\/_ruumist-ruumi\/wp-json\/wp\/v2\/media?parent=6451"}],"wp:term":[{"taxonomy":"product_brand","embeddable":true,"href":"https:\/\/blankpage.ee\/_ruumist-ruumi\/wp-json\/wp\/v2\/product_brand?post=6451"},{"taxonomy":"product_cat","embeddable":true,"href":"https:\/\/blankpage.ee\/_ruumist-ruumi\/wp-json\/wp\/v2\/product_cat?post=6451"},{"taxonomy":"product_tag","embeddable":true,"href":"https:\/\/blankpage.ee\/_ruumist-ruumi\/wp-json\/wp\/v2\/product_tag?post=6451"}],"curies":[{"name":"wp","href":"https:\/\/api.w.org\/{rel}","templated":true}]}}