{"id":6461,"date":"2024-11-01T11:43:20","date_gmt":"2024-11-01T11:43:20","guid":{"rendered":"https:\/\/ruumistruumi.ee\/pood\/tumepruun-kummut-massa-masb03-akatsiapuust\/"},"modified":"2025-04-10T11:57:39","modified_gmt":"2025-04-10T11:57:39","slug":"tumepruun-kummut-massa-masb03-akatsiapuust","status":"publish","type":"product","link":"https:\/\/blankpage.ee\/_ruumist-ruumi\/pood\/tumepruun-kummut-massa-masb03-akatsiapuust\/","title":{"rendered":"Tumepruun kummut Massa MASB03, akaatsiapuidust"},"content":{"rendered":"<p>Massa MASB03 sahtlikapp elutuppa. See elegantne sahtlikapp on loodud, et t\u00e4iustada teie elutoa interj\u00f6\u00f6ri oma modernse vintage stiiliga. Valmistatud kvaliteetsest harjatud eksootilisest akaatsiapuidust, millele lisavad iseloomu metallist ergonoomilised k\u00e4epidemed, mis on osa lamellide disainist. Kapi esipaneelidel on 3D struktuur, mis loob kerge lamelli aktsendi ja lisab ruumile s\u00fcgavust.<\/p>\n<p>Omadused:<br \/>\n<strong>Materjal:<\/strong> Akaatsiapuit, spoon, metallist jalad.<br \/>\n<strong>V\u00e4rv:<\/strong> Pruun, tumedad grafiidist jalad.<br \/>\n<strong>M\u00f5\u00f5tmed:<\/strong> Laius 100 cm, s\u00fcgavus 45 cm, k\u00f5rgus 104 cm.<br \/>\n<strong>T\u00e4iendavad detailid:<\/strong> Osaliselt kokkupandud, ei vaja paigaldust. S\u00e4\u00e4stab aega ja vaeva.<\/p>\n<p>&nbsp;<\/p>\n","protected":false},"excerpt":{"rendered":"<p>Massa MASB03 sahtlikapp elutuppa. See elegantne sahtlikapp on loodud, et t\u00e4iustada teie elutoa interj\u00f6\u00f6ri oma modernse vintage stiiliga. Valmistatud kvaliteetsest harjatud eksootilisest akaatsiapuidust, millele lisavad iseloomu metallist ergonoomilised k\u00e4epidemed, mis on osa lamellide disainist. Kapi esipaneelidel on 3D struktuur, mis loob kerge lamelli aktsendi ja lisab ruumile s\u00fcgavust. Omadused: Materjal: Akaatsiapuit, spoon, metallist jalad. V\u00e4rv: [&hellip;]<\/p>\n","protected":false},"featured_media":6462,"comment_status":"open","ping_status":"closed","template":"","meta":[],"product_brand":[],"product_cat":[81],"product_tag":[],"class_list":{"0":"post-6461","1":"product","2":"type-product","3":"status-publish","4":"has-post-thumbnail","6":"product_cat-kapid-riiulid-ja-kummutid","7":"product_shipping_class-livin-hill","8":"pa_kollektsioon-massa","9":"pa_materjal-akaatsiapuit","10":"pa_sahtlite-arv-98","11":"pa_varv-tumepruun","13":"first","14":"instock","15":"sale","16":"taxable","17":"shipping-taxable","18":"purchasable","19":"product-type-simple"},"_links":{"self":[{"href":"https:\/\/blankpage.ee\/_ruumist-ruumi\/wp-json\/wp\/v2\/product\/6461","targetHints":{"allow":["GET"]}}],"collection":[{"href":"https:\/\/blankpage.ee\/_ruumist-ruumi\/wp-json\/wp\/v2\/product"}],"about":[{"href":"https:\/\/blankpage.ee\/_ruumist-ruumi\/wp-json\/wp\/v2\/types\/product"}],"replies":[{"embeddable":true,"href":"https:\/\/blankpage.ee\/_ruumist-ruumi\/wp-json\/wp\/v2\/comments?post=6461"}],"wp:featuredmedia":[{"embeddable":true,"href":"https:\/\/blankpage.ee\/_ruumist-ruumi\/wp-json\/wp\/v2\/media\/6462"}],"wp:attachment":[{"href":"https:\/\/blankpage.ee\/_ruumist-ruumi\/wp-json\/wp\/v2\/media?parent=6461"}],"wp:term":[{"taxonomy":"product_brand","embeddable":true,"href":"https:\/\/blankpage.ee\/_ruumist-ruumi\/wp-json\/wp\/v2\/product_brand?post=6461"},{"taxonomy":"product_cat","embeddable":true,"href":"https:\/\/blankpage.ee\/_ruumist-ruumi\/wp-json\/wp\/v2\/product_cat?post=6461"},{"taxonomy":"product_tag","embeddable":true,"href":"https:\/\/blankpage.ee\/_ruumist-ruumi\/wp-json\/wp\/v2\/product_tag?post=6461"}],"curies":[{"name":"wp","href":"https:\/\/api.w.org\/{rel}","templated":true}]}}