{"id":6464,"date":"2024-11-01T11:43:46","date_gmt":"2024-11-01T11:43:46","guid":{"rendered":"https:\/\/ruumistruumi.ee\/pood\/elevandiluu-varvi-verona-ve873-kummut-kaskpuust\/"},"modified":"2025-01-29T10:01:50","modified_gmt":"2025-01-29T10:01:50","slug":"elevandiluu-varvi-kummut-verona-ve873-kasepuust","status":"publish","type":"product","link":"https:\/\/blankpage.ee\/_ruumist-ruumi\/pood\/elevandiluu-varvi-kummut-verona-ve873-kasepuust\/","title":{"rendered":"Elevandiluu v\u00e4rvi kummut Verona VE873, kasepuust"},"content":{"rendered":"<p>Verona VE873 kapp elutuppa. See elegantne t\u00e4ispuidust kapp, millel on kaunilt painutatud ja freesitud jalad, toob teie elutuppa Provence&#8217;i stiili h\u00f5ngu. Kapi korpus on kaetud elevandiluu tooni poolmati viimistlusega, samas kui pealisplaat s\u00e4rab mee v\u00e4rvi l\u00e4ikega. Kapi korpuse ja pealispinna kaunistavad iseloomulikud koore\u00fcraskimustrid ja dekoratiivsed needid, lisades sellele erilisust ja isikup\u00e4ra.<\/p>\n<p>Verona VE873 kapp on praktiline ja stiilne lahendus teie elutoa hoiustamisvajadustele. Kahe ukse ja kahe riiuliga kapp pakub rohkelt ruumi, et hoida oma esemed korrastatuna ja k\u00e4ep\u00e4rast. Kapi sahtlite sametmaterjal lisab luksuslikku tunnetust ja kaitseb teie esemeid. Metallist k\u00e4epidemed t\u00e4iendavad kapi \u00fcldist v\u00e4limust, luues harmoonilise ja ajatu disaini.<\/p>\n<p>Omadused:<br \/>\n<strong>Materjal:<\/strong> Kaskpuit.<br \/>\n<strong>V\u00e4rv:<\/strong> Elevandiluu korpus ja mee v\u00e4rvi pealispind.<br \/>\n<strong>M\u00f5\u00f5tmed:<\/strong> Laius 120 cm, s\u00fcgavus 42 cm, k\u00f5rgus 109 cm.<br \/>\n<strong>T\u00e4iendavad detailid:<\/strong> Kaks ust, kaks riiulit, metallist k\u00e4epidemed, sametmaterjal sahtlites.<br \/>\n<strong>Kokkupanek:<\/strong> Kokkupandud, ei vaja paigaldust. S\u00e4\u00e4stab aega ja vaeva.<\/p>\n<p>&nbsp;<\/p>\n","protected":false},"excerpt":{"rendered":"<p>Verona VE873 kapp elutuppa. See elegantne t\u00e4ispuidust kapp, millel on kaunilt painutatud ja freesitud jalad, toob teie elutuppa Provence&#8217;i stiili h\u00f5ngu. Kapi korpus on kaetud elevandiluu tooni poolmati viimistlusega, samas kui pealisplaat s\u00e4rab mee v\u00e4rvi l\u00e4ikega. Kapi korpuse ja pealispinna kaunistavad iseloomulikud koore\u00fcraskimustrid ja dekoratiivsed needid, lisades sellele erilisust ja isikup\u00e4ra. Verona VE873 kapp on [&hellip;]<\/p>\n","protected":false},"featured_media":6465,"comment_status":"open","ping_status":"closed","template":"","meta":[],"product_brand":[],"product_cat":[81],"product_tag":[],"class_list":{"0":"post-6464","1":"product","2":"type-product","3":"status-publish","4":"has-post-thumbnail","6":"product_cat-kapid-riiulid-ja-kummutid","7":"product_shipping_class-livin-hill","8":"pa_kaepidemed-metall","9":"pa_kollektsioon-verona","10":"pa_materjal-kaskpuit","11":"pa_riiulite-arv-76","12":"pa_sahtlite-arv-95","13":"pa_uste-arv-94","14":"pa_varv-elevandiluukarva","16":"first","17":"outofstock","18":"sale","19":"taxable","20":"shipping-taxable","21":"purchasable","22":"product-type-simple"},"_links":{"self":[{"href":"https:\/\/blankpage.ee\/_ruumist-ruumi\/wp-json\/wp\/v2\/product\/6464","targetHints":{"allow":["GET"]}}],"collection":[{"href":"https:\/\/blankpage.ee\/_ruumist-ruumi\/wp-json\/wp\/v2\/product"}],"about":[{"href":"https:\/\/blankpage.ee\/_ruumist-ruumi\/wp-json\/wp\/v2\/types\/product"}],"replies":[{"embeddable":true,"href":"https:\/\/blankpage.ee\/_ruumist-ruumi\/wp-json\/wp\/v2\/comments?post=6464"}],"wp:featuredmedia":[{"embeddable":true,"href":"https:\/\/blankpage.ee\/_ruumist-ruumi\/wp-json\/wp\/v2\/media\/6465"}],"wp:attachment":[{"href":"https:\/\/blankpage.ee\/_ruumist-ruumi\/wp-json\/wp\/v2\/media?parent=6464"}],"wp:term":[{"taxonomy":"product_brand","embeddable":true,"href":"https:\/\/blankpage.ee\/_ruumist-ruumi\/wp-json\/wp\/v2\/product_brand?post=6464"},{"taxonomy":"product_cat","embeddable":true,"href":"https:\/\/blankpage.ee\/_ruumist-ruumi\/wp-json\/wp\/v2\/product_cat?post=6464"},{"taxonomy":"product_tag","embeddable":true,"href":"https:\/\/blankpage.ee\/_ruumist-ruumi\/wp-json\/wp\/v2\/product_tag?post=6464"}],"curies":[{"name":"wp","href":"https:\/\/api.w.org\/{rel}","templated":true}]}}