{"id":6470,"date":"2024-11-01T11:44:18","date_gmt":"2024-11-01T11:44:18","guid":{"rendered":"https:\/\/ruumistruumi.ee\/pood\/beez-polsterdatud-stool-dijon-di61-kasepuidust\/"},"modified":"2025-01-29T10:09:13","modified_gmt":"2025-01-29T10:09:13","slug":"beez-polsterdatud-tool-dijon-di61-kasepuidust","status":"publish","type":"product","link":"https:\/\/blankpage.ee\/_ruumist-ruumi\/pood\/beez-polsterdatud-tool-dijon-di61-kasepuidust\/","title":{"rendered":"Helebee\u017e Dijon DI61 polsterdatud taburett, kasepuust"},"content":{"rendered":"<p>Dijon DI61 polsterdatud taburet esikusse. See stiilne taburet lisab teie esikule elegantsi, pakkudes samal ajal mugavat istumiskohta. Tabureti proventsaalne disain koos kumerate jalgadega ja antiikvalge tooniga annab sellele ajatu ilme. M\u00f6\u00f6bli pind on sile, n\u00e4idates kaunilt puidu struktuuri, mis lisab sellele iseloomu.<\/p>\n<p>Tabureti istmeosa on kaetud halli sametise kangaga, mis tagab pehmuse ja mugavuse. See sobib ideaalselt nii klassikalisse kui ka kaasaegsesse interj\u00f6\u00f6ri, tuues ruumi soojust ja stiili. T\u00e4nu oma kompaktsetele m\u00f5\u00f5tmetele on see taburet ideaalne valik v\u00e4iksematesse esikutesse, pakkudes samas vajalikku funktsionaalsust.<\/p>\n<p>Omadused:<br \/>\n<strong>Materjal:<\/strong> Kaskepuit ja kangas.<br \/>\n<strong>V\u00e4rv:<\/strong> Hele kreemikas, hall sametkangas.<br \/>\n<strong>M\u00f5\u00f5tmed:<\/strong> Laius 43 cm, s\u00fcgavus 31 cm, k\u00f5rgus 47 cm.<br \/>\n<strong>T\u00e4iendavad detailid:<\/strong> Sametmaterjal, mis lisab luksuslikkust.<br \/>\n<strong>Kokkupanek:<\/strong> Kokkupandud, ei vaja paigaldust. S\u00e4\u00e4stab aega ja vaeva.<\/p>\n<p>&nbsp;<\/p>\n","protected":false},"excerpt":{"rendered":"<p>Dijon DI61 polsterdatud taburet esikusse. See stiilne taburet lisab teie esikule elegantsi, pakkudes samal ajal mugavat istumiskohta. Tabureti proventsaalne disain koos kumerate jalgadega ja antiikvalge tooniga annab sellele ajatu ilme. M\u00f6\u00f6bli pind on sile, n\u00e4idates kaunilt puidu struktuuri, mis lisab sellele iseloomu. Tabureti istmeosa on kaetud halli sametise kangaga, mis tagab pehmuse ja mugavuse. See [&hellip;]<\/p>\n","protected":false},"featured_media":6471,"comment_status":"open","ping_status":"closed","template":"","meta":[],"product_brand":[],"product_cat":[136],"product_tag":[],"class_list":{"0":"post-6470","1":"product","2":"type-product","3":"status-publish","4":"has-post-thumbnail","6":"product_cat-esikupingid","7":"product_shipping_class-livin-hill","8":"pa_kollektsioon-dijon","9":"pa_materjal-kaskpuit","10":"pa_varv-hall","12":"first","13":"outofstock","14":"sale","15":"taxable","16":"shipping-taxable","17":"purchasable","18":"product-type-simple"},"_links":{"self":[{"href":"https:\/\/blankpage.ee\/_ruumist-ruumi\/wp-json\/wp\/v2\/product\/6470","targetHints":{"allow":["GET"]}}],"collection":[{"href":"https:\/\/blankpage.ee\/_ruumist-ruumi\/wp-json\/wp\/v2\/product"}],"about":[{"href":"https:\/\/blankpage.ee\/_ruumist-ruumi\/wp-json\/wp\/v2\/types\/product"}],"replies":[{"embeddable":true,"href":"https:\/\/blankpage.ee\/_ruumist-ruumi\/wp-json\/wp\/v2\/comments?post=6470"}],"wp:featuredmedia":[{"embeddable":true,"href":"https:\/\/blankpage.ee\/_ruumist-ruumi\/wp-json\/wp\/v2\/media\/6471"}],"wp:attachment":[{"href":"https:\/\/blankpage.ee\/_ruumist-ruumi\/wp-json\/wp\/v2\/media?parent=6470"}],"wp:term":[{"taxonomy":"product_brand","embeddable":true,"href":"https:\/\/blankpage.ee\/_ruumist-ruumi\/wp-json\/wp\/v2\/product_brand?post=6470"},{"taxonomy":"product_cat","embeddable":true,"href":"https:\/\/blankpage.ee\/_ruumist-ruumi\/wp-json\/wp\/v2\/product_cat?post=6470"},{"taxonomy":"product_tag","embeddable":true,"href":"https:\/\/blankpage.ee\/_ruumist-ruumi\/wp-json\/wp\/v2\/product_tag?post=6470"}],"curies":[{"name":"wp","href":"https:\/\/api.w.org\/{rel}","templated":true}]}}