{"id":6477,"date":"2024-11-01T11:44:53","date_gmt":"2024-11-01T11:44:53","guid":{"rendered":"https:\/\/ruumistruumi.ee\/pood\/beez-kummut-dijon-di48-paju-ja-kase-puidust-vineerist\/"},"modified":"2025-07-22T17:47:00","modified_gmt":"2025-07-22T17:47:00","slug":"beez-kummut-dijon-di48-kasepuust","status":"publish","type":"product","link":"https:\/\/blankpage.ee\/_ruumist-ruumi\/pood\/beez-kummut-dijon-di48-kasepuust\/","title":{"rendered":"Bee\u017e kummut Dijon DI48, kasepuust"},"content":{"rendered":"<p>Dijon DI48 kummut elutuppa. See stiilne kummut provanssaalses stiilis lisab teie elutuppa elegantset ja ajatut v\u00f5lu. Kummuti antiikvalge toon ja siledaks viimistletud pind, millel on n\u00e4htav puidustruktuur, loovad hubase ja kutsuva atmosf\u00e4\u00e4ri. Kummuti kumerad jalad ja peenelt t\u00f6\u00f6deldud, h\u00f5\u00f5rutud servadega pealisplaat lisavad sellele ainulaadset iseloomu. Dekoratiivsed metallist k\u00e4epidemed vanandatud toonis t\u00e4iustavad kummuti \u00fcldist esteetikat.<\/p>\n<p>Kummuti valmistamisel on kasutatud kvaliteetset saare- ja kaske puitu ning spooni, mis tagavad vastupidavuse ja pikaealisuse. Selle m\u00f5\u00f5tmed on 75 cm lai, 45 cm s\u00fcgav ja 121 cm k\u00f5rge, pakkudes piisavalt hoiuruumi, et hoida teie elutuba organiseerituna ja korras. Kummut on kokkupandud, ei vaja paigaldust, s\u00e4\u00e4stes teie aega ja vaeva.<\/p>\n<p>Omadused:<br \/>\n<strong>Materjal:<\/strong> Saare- ja kaske puit, spoon.<br \/>\n<strong>V\u00e4rv:<\/strong> Hele kreemjas toon, pealisplaadi ja trimmide v\u00e4rv: antiikvalge.<br \/>\n<strong>M\u00f5\u00f5tmed:<\/strong> Laius 75 cm, s\u00fcgavus 45 cm, k\u00f5rgus 121 cm.<br \/>\n<strong>T\u00e4iendavad detailid:<\/strong> Dekoratiivsed metallist k\u00e4epidemed vanandatud toonis ja peenelt t\u00f6\u00f6deldud pealisplaat.<br \/>\n<strong>Kokkupanek:<\/strong> Kokkupandud, ei vaja paigaldust. S\u00e4\u00e4stab aega ja vaeva.<\/p>\n<p>&nbsp;<\/p>\n","protected":false},"excerpt":{"rendered":"<p>Dijon DI48 kummut elutuppa. See stiilne kummut provanssaalses stiilis lisab teie elutuppa elegantset ja ajatut v\u00f5lu. Kummuti antiikvalge toon ja siledaks viimistletud pind, millel on n\u00e4htav puidustruktuur, loovad hubase ja kutsuva atmosf\u00e4\u00e4ri. Kummuti kumerad jalad ja peenelt t\u00f6\u00f6deldud, h\u00f5\u00f5rutud servadega pealisplaat lisavad sellele ainulaadset iseloomu. Dekoratiivsed metallist k\u00e4epidemed vanandatud toonis t\u00e4iustavad kummuti \u00fcldist esteetikat. Kummuti [&hellip;]<\/p>\n","protected":false},"featured_media":6478,"comment_status":"open","ping_status":"closed","template":"","meta":[],"product_brand":[],"product_cat":[81],"product_tag":[],"class_list":{"0":"post-6477","1":"product","2":"type-product","3":"status-publish","4":"has-post-thumbnail","6":"product_cat-kapid-riiulid-ja-kummutid","7":"product_shipping_class-livin-hill","8":"pa_kaepidemed-metall","9":"pa_kollektsioon-dijon","10":"pa_materjal-puit","11":"pa_sahtlite-arv-100","12":"pa_varv-beez","14":"first","15":"outofstock","16":"sale","17":"taxable","18":"shipping-taxable","19":"purchasable","20":"product-type-simple"},"_links":{"self":[{"href":"https:\/\/blankpage.ee\/_ruumist-ruumi\/wp-json\/wp\/v2\/product\/6477","targetHints":{"allow":["GET"]}}],"collection":[{"href":"https:\/\/blankpage.ee\/_ruumist-ruumi\/wp-json\/wp\/v2\/product"}],"about":[{"href":"https:\/\/blankpage.ee\/_ruumist-ruumi\/wp-json\/wp\/v2\/types\/product"}],"replies":[{"embeddable":true,"href":"https:\/\/blankpage.ee\/_ruumist-ruumi\/wp-json\/wp\/v2\/comments?post=6477"}],"wp:featuredmedia":[{"embeddable":true,"href":"https:\/\/blankpage.ee\/_ruumist-ruumi\/wp-json\/wp\/v2\/media\/6478"}],"wp:attachment":[{"href":"https:\/\/blankpage.ee\/_ruumist-ruumi\/wp-json\/wp\/v2\/media?parent=6477"}],"wp:term":[{"taxonomy":"product_brand","embeddable":true,"href":"https:\/\/blankpage.ee\/_ruumist-ruumi\/wp-json\/wp\/v2\/product_brand?post=6477"},{"taxonomy":"product_cat","embeddable":true,"href":"https:\/\/blankpage.ee\/_ruumist-ruumi\/wp-json\/wp\/v2\/product_cat?post=6477"},{"taxonomy":"product_tag","embeddable":true,"href":"https:\/\/blankpage.ee\/_ruumist-ruumi\/wp-json\/wp\/v2\/product_tag?post=6477"}],"curies":[{"name":"wp","href":"https:\/\/api.w.org\/{rel}","templated":true}]}}