{"id":6504,"date":"2024-11-01T11:46:41","date_gmt":"2024-11-01T11:46:41","guid":{"rendered":"https:\/\/ruumistruumi.ee\/pood\/beez-konsoollaud-dijon-di52-saarepuu-ja-kasepuidust-vineerist\/"},"modified":"2025-07-15T18:42:02","modified_gmt":"2025-07-15T18:42:02","slug":"beez-konsoollaud-dijon-di52-kasepuust","status":"publish","type":"product","link":"https:\/\/blankpage.ee\/_ruumist-ruumi\/pood\/beez-konsoollaud-dijon-di52-kasepuust\/","title":{"rendered":"Bee\u017e konsoollaud Dijon DI52, kasepuust"},"content":{"rendered":"<p>Dijon DI52 aktsentlaud magamistuppa. See stiilne aktsentlaud provansaalses stiilis lisab teie magamistoale elegantsi ja funktsionaalsust. Laua pealispind on sile, n\u00e4htava puidustruktuuriga, mis toob esile selle naturaalse ilu. Antiikvalge toon koos kergelt painutatud jalgade ja sisseehitatud peegliga loob harmoonilise ja ajatu ilme.<\/p>\n<p>Dijon DI52 aktsentlaud on valmistatud kvaliteetsest saare- ja kasepuidust ning kaetud spooniga, mis tagab vastupidavuse ja pikaealisuse. Laua pealispind on hoolikalt t\u00f6\u00f6deldud, millel on freesitud ja h\u00f5\u00f5rutud servad, lisades sellele ainulaadse ja peene detaili. Dekoratiivsed metallist k\u00e4epidemed t\u00e4iendavad laua \u00fcldilmet ning pakuvad mugavust ja praktilisust.<\/p>\n<p>Laua m\u00f5\u00f5tmed on 70 cm lai, 40 cm s\u00fcgav ja 140 cm k\u00f5rge, mis muudab selle ideaalseks valikuks v\u00e4iksemasse magamistuppa, pakkudes samas piisavalt hoiuruumi. Aktsentlaual on \u00fcks riiul, mis v\u00f5imaldab hoida vajalikke esemeid k\u00e4eulatuses. Osaliselt kokkupandud disain s\u00e4\u00e4stab aega ja vaeva, muutes selle paigaldamise lihtsaks ja mugavaks.<\/p>\n<p>Omadused:<br \/>\n<strong>Materjal:<\/strong> Saare- ja kasepuit, spoon.<br \/>\n<strong>V\u00e4rv:<\/strong> Hele kreem, antiikvalge toon.<br \/>\n<strong>M\u00f5\u00f5tmed:<\/strong> Laius 70 cm, s\u00fcgavus 40 cm, k\u00f5rgus 140 cm.<br \/>\n<strong>T\u00e4iendavad detailid:<\/strong> Sisseehitatud peegel, \u00fcks riiul, metallist k\u00e4epidemed.<br \/>\n<strong>Kokkupanek:<\/strong> Osaliselt kokku pandud, ei vaja paigaldust. S\u00e4\u00e4stab aega ja vaeva.<\/p>\n<p>&nbsp;<\/p>\n","protected":false},"excerpt":{"rendered":"<p>Dijon DI52 aktsentlaud magamistuppa. See stiilne aktsentlaud provansaalses stiilis lisab teie magamistoale elegantsi ja funktsionaalsust. Laua pealispind on sile, n\u00e4htava puidustruktuuriga, mis toob esile selle naturaalse ilu. Antiikvalge toon koos kergelt painutatud jalgade ja sisseehitatud peegliga loob harmoonilise ja ajatu ilme. Dijon DI52 aktsentlaud on valmistatud kvaliteetsest saare- ja kasepuidust ning kaetud spooniga, mis tagab [&hellip;]<\/p>\n","protected":false},"featured_media":6505,"comment_status":"open","ping_status":"closed","template":"","meta":[],"product_brand":[],"product_cat":[92],"product_tag":[],"class_list":{"0":"post-6504","1":"product","2":"type-product","3":"status-publish","4":"has-post-thumbnail","6":"product_cat-ookapid","7":"product_shipping_class-livin-hill","8":"pa_kaepidemed-metall","9":"pa_kollektsioon-dijon","10":"pa_materjal-puit","11":"pa_riiulite-arv-99","12":"pa_sahtlite-arv-95","13":"pa_varv-beez","15":"first","16":"outofstock","17":"sale","18":"taxable","19":"shipping-taxable","20":"purchasable","21":"product-type-simple"},"_links":{"self":[{"href":"https:\/\/blankpage.ee\/_ruumist-ruumi\/wp-json\/wp\/v2\/product\/6504","targetHints":{"allow":["GET"]}}],"collection":[{"href":"https:\/\/blankpage.ee\/_ruumist-ruumi\/wp-json\/wp\/v2\/product"}],"about":[{"href":"https:\/\/blankpage.ee\/_ruumist-ruumi\/wp-json\/wp\/v2\/types\/product"}],"replies":[{"embeddable":true,"href":"https:\/\/blankpage.ee\/_ruumist-ruumi\/wp-json\/wp\/v2\/comments?post=6504"}],"wp:featuredmedia":[{"embeddable":true,"href":"https:\/\/blankpage.ee\/_ruumist-ruumi\/wp-json\/wp\/v2\/media\/6505"}],"wp:attachment":[{"href":"https:\/\/blankpage.ee\/_ruumist-ruumi\/wp-json\/wp\/v2\/media?parent=6504"}],"wp:term":[{"taxonomy":"product_brand","embeddable":true,"href":"https:\/\/blankpage.ee\/_ruumist-ruumi\/wp-json\/wp\/v2\/product_brand?post=6504"},{"taxonomy":"product_cat","embeddable":true,"href":"https:\/\/blankpage.ee\/_ruumist-ruumi\/wp-json\/wp\/v2\/product_cat?post=6504"},{"taxonomy":"product_tag","embeddable":true,"href":"https:\/\/blankpage.ee\/_ruumist-ruumi\/wp-json\/wp\/v2\/product_tag?post=6504"}],"curies":[{"name":"wp","href":"https:\/\/api.w.org\/{rel}","templated":true}]}}