{"id":6519,"date":"2024-11-01T11:47:49","date_gmt":"2024-11-01T11:47:49","guid":{"rendered":"https:\/\/ruumistruumi.ee\/pood\/beez-polsterdatud-tool-dijon-di28-kasepuust\/"},"modified":"2025-06-17T08:57:38","modified_gmt":"2025-06-17T08:57:38","slug":"beez-polsterdatud-tool-dijon-di28-kasepuust","status":"publish","type":"product","link":"https:\/\/blankpage.ee\/_ruumist-ruumi\/pood\/beez-polsterdatud-tool-dijon-di28-kasepuust\/","title":{"rendered":"Bee\u017e Dijon DI28 polsterdatud tool, kasepuust"},"content":{"rendered":"<p>Dijon DI28 polsterdatud tool s\u00f6\u00f6gituppa. See stiilne tool, mis kuulub Dijon kollektsiooni, toob teie s\u00f6\u00f6gituppa provansaalse elegantsi. Tooli antiikvalge toon koos n\u00e4htava puidustruktuuriga loob ajatu ja kutsuva atmosf\u00e4\u00e4ri. Polsterdatud seljatugi ja halli sametmaterjaliga iste lisavad mugavust ja luksuslikkust igale s\u00f6\u00f6gikorrale.<\/p>\n<p>Tooli jalad on valmistatud p\u00f6\u00f6gipuust, mis tagab vastupidavuse ja stabiilsuse. Pehme sametkangas ja tepitud detailid muudavad tooli mitte ainult visuaalselt kauniks, vaid ka praktiliseks, pakkudes suurep\u00e4rast istumismugavust. See on ideaalne valik neile, kes hindavad kvaliteeti ja stiili oma s\u00f6\u00f6gitoas.<\/p>\n<p>Omadused:<br \/>\n<strong>Materjal:<\/strong> P\u00f6\u00f6gipuit, kangas.<br \/>\n<strong>V\u00e4rv:<\/strong> Hele kreem, hall kangas.<br \/>\n<strong>M\u00f5\u00f5tmed:<\/strong> Laius: 49 cm, S\u00fcgavus: 57 cm, K\u00f5rgus: 98 cm.<br \/>\n<strong>T\u00e4iendavad detailid:<\/strong> Sametmaterjal, tepitud.<br \/>\n<strong>Kokkupanek:<\/strong> Kokkupandud, ei vaja paigaldust. S\u00e4\u00e4stab aega ja vaeva.<\/p>\n<p>&nbsp;<\/p>\n","protected":false},"excerpt":{"rendered":"<p>Dijon DI28 polsterdatud tool s\u00f6\u00f6gituppa. See stiilne tool, mis kuulub Dijon kollektsiooni, toob teie s\u00f6\u00f6gituppa provansaalse elegantsi. Tooli antiikvalge toon koos n\u00e4htava puidustruktuuriga loob ajatu ja kutsuva atmosf\u00e4\u00e4ri. Polsterdatud seljatugi ja halli sametmaterjaliga iste lisavad mugavust ja luksuslikkust igale s\u00f6\u00f6gikorrale. Tooli jalad on valmistatud p\u00f6\u00f6gipuust, mis tagab vastupidavuse ja stabiilsuse. Pehme sametkangas ja tepitud detailid [&hellip;]<\/p>\n","protected":false},"featured_media":6520,"comment_status":"open","ping_status":"closed","template":"","meta":[],"product_brand":[],"product_cat":[108],"product_tag":[],"class_list":{"0":"post-6519","1":"product","2":"type-product","3":"status-publish","4":"has-post-thumbnail","6":"product_cat-soogitoolid","7":"product_shipping_class-livin-hill","8":"pa_kollektsioon-dijon","9":"pa_materjal-kaskpuit","10":"pa_varv-hall","12":"first","13":"instock","14":"sale","15":"taxable","16":"shipping-taxable","17":"purchasable","18":"product-type-simple"},"_links":{"self":[{"href":"https:\/\/blankpage.ee\/_ruumist-ruumi\/wp-json\/wp\/v2\/product\/6519","targetHints":{"allow":["GET"]}}],"collection":[{"href":"https:\/\/blankpage.ee\/_ruumist-ruumi\/wp-json\/wp\/v2\/product"}],"about":[{"href":"https:\/\/blankpage.ee\/_ruumist-ruumi\/wp-json\/wp\/v2\/types\/product"}],"replies":[{"embeddable":true,"href":"https:\/\/blankpage.ee\/_ruumist-ruumi\/wp-json\/wp\/v2\/comments?post=6519"}],"wp:featuredmedia":[{"embeddable":true,"href":"https:\/\/blankpage.ee\/_ruumist-ruumi\/wp-json\/wp\/v2\/media\/6520"}],"wp:attachment":[{"href":"https:\/\/blankpage.ee\/_ruumist-ruumi\/wp-json\/wp\/v2\/media?parent=6519"}],"wp:term":[{"taxonomy":"product_brand","embeddable":true,"href":"https:\/\/blankpage.ee\/_ruumist-ruumi\/wp-json\/wp\/v2\/product_brand?post=6519"},{"taxonomy":"product_cat","embeddable":true,"href":"https:\/\/blankpage.ee\/_ruumist-ruumi\/wp-json\/wp\/v2\/product_cat?post=6519"},{"taxonomy":"product_tag","embeddable":true,"href":"https:\/\/blankpage.ee\/_ruumist-ruumi\/wp-json\/wp\/v2\/product_tag?post=6519"}],"curies":[{"name":"wp","href":"https:\/\/api.w.org\/{rel}","templated":true}]}}