{"id":6525,"date":"2024-11-01T11:48:21","date_gmt":"2024-11-01T11:48:21","guid":{"rendered":"https:\/\/ruumistruumi.ee\/pood\/beez-kummut-dijon-di42-paju-ja-kase-puidust-vineerist\/"},"modified":"2025-07-22T17:47:01","modified_gmt":"2025-07-22T17:47:01","slug":"beez-kummut-dijon-di42-pook-ja-kasepuit","status":"publish","type":"product","link":"https:\/\/blankpage.ee\/_ruumist-ruumi\/pood\/beez-kummut-dijon-di42-pook-ja-kasepuit\/","title":{"rendered":"Bee\u017e kummut Dijon DI42, p\u00f6\u00f6k ja kasepuit"},"content":{"rendered":"<p>Dijon DI42 kummut elutuppa. See stiilne kummuti on valmistatud provansaalses stiilis, millel on kaunilt kaardus jalad ja antiikvalge toon. M\u00f6\u00f6bli pind on sile, kuid puidu struktuur on selgelt n\u00e4htav, lisades sellele iseloomu ja s\u00fcgavust. Kummuti pealispind on viimistletud freesitud ja h\u00f5\u00f5rutud servadega, mis annavad sellele ajatu elegantsi. Dekoratiivsed metallist k\u00e4epidemed on valmistatud tumedas metallitoonis, pakkudes peent kontrasti ja mugavust.<\/p>\n<p>Kummuti on valmistatud kvaliteetsest saare- ja kaset\u00e4ispuidust ning spoonist, tagades vastupidavuse ja pikaealisuse. Kerge kreemjas toon koos \u00fclemise ja viimistluse v\u00e4rviga loob rahuliku ja kutsuva atmosf\u00e4\u00e4ri, mis sobib ideaalselt igasse elutuppa. Kummuti kompaktne suurus \u2013 laius 53 cm, s\u00fcgavus 40 cm ja k\u00f5rgus 102 cm \u2013 muudab selle sobivaks ka v\u00e4iksematesse ruumidesse, pakkudes samas piisavalt hoiuruumi.<\/p>\n<p>Omadused:<br \/>\n<strong>Materjal:<\/strong> Saare- ja kaset\u00e4ispuit, spoon.<br \/>\n<strong>V\u00e4rv:<\/strong> Kerge kreemjas toon.<br \/>\n<strong>M\u00f5\u00f5tmed:<\/strong> Laius 53 cm, s\u00fcgavus 40 cm, k\u00f5rgus 102 cm.<br \/>\n<strong>T\u00e4iendavad detailid:<\/strong> Dekoratiivsed metallist k\u00e4epidemed, pealispind freesitud ja h\u00f5\u00f5rutud servadega.<br \/>\n<strong>Kokkupanek:<\/strong> Kokkupandud, ei vaja paigaldust. S\u00e4\u00e4stab aega ja vaeva.<\/p>\n<p>&nbsp;<\/p>\n","protected":false},"excerpt":{"rendered":"<p>Dijon DI42 kummut elutuppa. See stiilne kummuti on valmistatud provansaalses stiilis, millel on kaunilt kaardus jalad ja antiikvalge toon. M\u00f6\u00f6bli pind on sile, kuid puidu struktuur on selgelt n\u00e4htav, lisades sellele iseloomu ja s\u00fcgavust. Kummuti pealispind on viimistletud freesitud ja h\u00f5\u00f5rutud servadega, mis annavad sellele ajatu elegantsi. Dekoratiivsed metallist k\u00e4epidemed on valmistatud tumedas metallitoonis, pakkudes [&hellip;]<\/p>\n","protected":false},"featured_media":6526,"comment_status":"open","ping_status":"closed","template":"","meta":[],"product_brand":[],"product_cat":[81],"product_tag":[],"class_list":{"0":"post-6525","1":"product","2":"type-product","3":"status-publish","4":"has-post-thumbnail","6":"product_cat-kapid-riiulid-ja-kummutid","7":"product_shipping_class-livin-hill","8":"pa_kaepidemed-metall","9":"pa_kollektsioon-dijon","10":"pa_materjal-puit","11":"pa_sahtlite-arv-100","12":"pa_varv-beez","14":"first","15":"outofstock","16":"sale","17":"taxable","18":"shipping-taxable","19":"purchasable","20":"product-type-simple"},"_links":{"self":[{"href":"https:\/\/blankpage.ee\/_ruumist-ruumi\/wp-json\/wp\/v2\/product\/6525","targetHints":{"allow":["GET"]}}],"collection":[{"href":"https:\/\/blankpage.ee\/_ruumist-ruumi\/wp-json\/wp\/v2\/product"}],"about":[{"href":"https:\/\/blankpage.ee\/_ruumist-ruumi\/wp-json\/wp\/v2\/types\/product"}],"replies":[{"embeddable":true,"href":"https:\/\/blankpage.ee\/_ruumist-ruumi\/wp-json\/wp\/v2\/comments?post=6525"}],"wp:featuredmedia":[{"embeddable":true,"href":"https:\/\/blankpage.ee\/_ruumist-ruumi\/wp-json\/wp\/v2\/media\/6526"}],"wp:attachment":[{"href":"https:\/\/blankpage.ee\/_ruumist-ruumi\/wp-json\/wp\/v2\/media?parent=6525"}],"wp:term":[{"taxonomy":"product_brand","embeddable":true,"href":"https:\/\/blankpage.ee\/_ruumist-ruumi\/wp-json\/wp\/v2\/product_brand?post=6525"},{"taxonomy":"product_cat","embeddable":true,"href":"https:\/\/blankpage.ee\/_ruumist-ruumi\/wp-json\/wp\/v2\/product_cat?post=6525"},{"taxonomy":"product_tag","embeddable":true,"href":"https:\/\/blankpage.ee\/_ruumist-ruumi\/wp-json\/wp\/v2\/product_tag?post=6525"}],"curies":[{"name":"wp","href":"https:\/\/api.w.org\/{rel}","templated":true}]}}