{"id":6531,"date":"2024-11-01T11:48:50","date_gmt":"2024-11-01T11:48:50","guid":{"rendered":"https:\/\/ruumistruumi.ee\/pood\/beez-dijon-di35-kummut-saarepuust-kasepuust-vineerist\/"},"modified":"2025-04-10T11:57:42","modified_gmt":"2025-04-10T11:57:42","slug":"beez-dijon-di35-kummut-kasepuidust","status":"publish","type":"product","link":"https:\/\/blankpage.ee\/_ruumist-ruumi\/pood\/beez-dijon-di35-kummut-kasepuidust\/","title":{"rendered":"Bee\u017e Dijon DI35 kummut, kasepuidust"},"content":{"rendered":"<p>Dijon DI35 kapp elutuppa. See stiilne kapp, millel on elegantsed kaardus jalad, toob Provence&#8217;i stiili v\u00f5lu teie elutuppa. Kapp on viimistletud antiikvalge tooniga, millel on sujuv pind ja n\u00e4htav puidustruktuur. Kapi pealmine osa on kaunistatud freesitud ja h\u00f5\u00f5rutud servadega, mis annavad sellele ajatu ilme. Dekoratiivsed metallist k\u00e4epidemed, mis on vanandatud vase toonis, lisavad kapile isikup\u00e4ra.<\/p>\n<p>Dijon DI35 kapi kolm ust ja \u00fcks riiul pakuvad rohkelt hoiuruumi, et hoida teie elutuba korras ja organiseeritud. Valmistatud kvaliteetsest saare- ja kasepuidust ning viimistletud spooniga, on see m\u00f6\u00f6bliese vastupidav ja kauakestev. Kapi hele kreemjas toon sobib suurep\u00e4raselt erinevate interj\u00f6\u00f6ristiilidega, lisades ruumi soojust ja elegantsi.<\/p>\n<p>Omadused:<br \/>\n<strong>Materjal:<\/strong> Saare- ja kasepuit, spoon.<br \/>\n<strong>V\u00e4rv:<\/strong> Hele kreemjas antiikvalge.<br \/>\n<strong>M\u00f5\u00f5tmed:<\/strong> Laius 120 cm, s\u00fcgavus 38 cm, k\u00f5rgus 88 cm.<br \/>\n<strong>T\u00e4iendavad detailid:<\/strong> Kolm ust, \u00fcks riiul, metallist k\u00e4epidemed.<br \/>\n<strong>Kokkupanek:<\/strong> Kokkupandud, ei vaja paigaldust. S\u00e4\u00e4stab aega ja vaeva.<\/p>\n<p>&nbsp;<\/p>\n","protected":false},"excerpt":{"rendered":"<p>Dijon DI35 kapp elutuppa. See stiilne kapp, millel on elegantsed kaardus jalad, toob Provence&#8217;i stiili v\u00f5lu teie elutuppa. Kapp on viimistletud antiikvalge tooniga, millel on sujuv pind ja n\u00e4htav puidustruktuur. Kapi pealmine osa on kaunistatud freesitud ja h\u00f5\u00f5rutud servadega, mis annavad sellele ajatu ilme. Dekoratiivsed metallist k\u00e4epidemed, mis on vanandatud vase toonis, lisavad kapile isikup\u00e4ra. [&hellip;]<\/p>\n","protected":false},"featured_media":6532,"comment_status":"open","ping_status":"closed","template":"","meta":[],"product_brand":[],"product_cat":[81],"product_tag":[],"class_list":{"0":"post-6531","1":"product","2":"type-product","3":"status-publish","4":"has-post-thumbnail","6":"product_cat-kapid-riiulid-ja-kummutid","7":"product_shipping_class-livin-hill","8":"pa_kaepidemed-metall","9":"pa_kollektsioon-dijon","10":"pa_materjal-puit","11":"pa_riiulite-arv-99","12":"pa_sahtlite-arv-95","13":"pa_uste-arv-84","14":"pa_varv-beez","16":"first","17":"outofstock","18":"sale","19":"taxable","20":"shipping-taxable","21":"purchasable","22":"product-type-simple"},"_links":{"self":[{"href":"https:\/\/blankpage.ee\/_ruumist-ruumi\/wp-json\/wp\/v2\/product\/6531","targetHints":{"allow":["GET"]}}],"collection":[{"href":"https:\/\/blankpage.ee\/_ruumist-ruumi\/wp-json\/wp\/v2\/product"}],"about":[{"href":"https:\/\/blankpage.ee\/_ruumist-ruumi\/wp-json\/wp\/v2\/types\/product"}],"replies":[{"embeddable":true,"href":"https:\/\/blankpage.ee\/_ruumist-ruumi\/wp-json\/wp\/v2\/comments?post=6531"}],"wp:featuredmedia":[{"embeddable":true,"href":"https:\/\/blankpage.ee\/_ruumist-ruumi\/wp-json\/wp\/v2\/media\/6532"}],"wp:attachment":[{"href":"https:\/\/blankpage.ee\/_ruumist-ruumi\/wp-json\/wp\/v2\/media?parent=6531"}],"wp:term":[{"taxonomy":"product_brand","embeddable":true,"href":"https:\/\/blankpage.ee\/_ruumist-ruumi\/wp-json\/wp\/v2\/product_brand?post=6531"},{"taxonomy":"product_cat","embeddable":true,"href":"https:\/\/blankpage.ee\/_ruumist-ruumi\/wp-json\/wp\/v2\/product_cat?post=6531"},{"taxonomy":"product_tag","embeddable":true,"href":"https:\/\/blankpage.ee\/_ruumist-ruumi\/wp-json\/wp\/v2\/product_tag?post=6531"}],"curies":[{"name":"wp","href":"https:\/\/api.w.org\/{rel}","templated":true}]}}