{"id":6548,"date":"2024-11-01T11:50:18","date_gmt":"2024-11-01T11:50:18","guid":{"rendered":"https:\/\/ruumistruumi.ee\/pood\/beez-kummut-dijon-di31-paju-ja-kask-puidust-vineerist\/"},"modified":"2025-04-10T11:57:42","modified_gmt":"2025-04-10T11:57:42","slug":"beez-vitriinkapp-dijon-di31-kasepuit","status":"publish","type":"product","link":"https:\/\/blankpage.ee\/_ruumist-ruumi\/pood\/beez-vitriinkapp-dijon-di31-kasepuit\/","title":{"rendered":"Bee\u017e vitriinkapp Dijon DI31, kasepuit"},"content":{"rendered":"<p>Bee\u017e vitriinkapp Dijon DI31 s\u00f6\u00f6gituppa. See elegantne Province&#8217;i stiilis vitriinkapp on ideaalne t\u00e4iendus igasse s\u00f6\u00f6gituppa, pakkudes nii praktilisust kui ka esteetilist ilu. Antiikvalges toonis, kergelt painutatud jalgadega kapp toob ruumi ajatut v\u00f5lu, samas kui m\u00f6\u00f6bli sile pind ja n\u00e4htav puidustruktuur lisavad sellele erilise iseloomu.<\/p>\n<p>Bee\u017e vitriinkapp on valmistatud kvaliteetsest saare- ja kaset\u00e4ispuidust ning viimistletud spooniga, mis tagab vastupidavuse ja pikaealisuse. Bee\u017ei vitriinkapi pealmine osa ja karniis on kaunistatud freesitud ning h\u00f5\u00f5rutud servadega, mis lisavad sellele peenetundelist viimistlust. Dekoratiivsed metallist k\u00e4epidemed annavad kapile elegantse viimistluse ja praktilise kasutusmugavuse.<\/p>\n<p>Kapp pakub piisavalt hoiuruumi, kuna sellel on neli ust ja kolm riiulit, mis v\u00f5imaldavad korraldada ja hoiustada erinevaid esemeid. Osaliselt kokku pandud konstruktsioon muudab paigaldamise lihtsaks ja mugavaks, s\u00e4\u00e4stes teie aega ja vaeva.<\/p>\n<p>Omadused:<br \/>\n<strong>Materjal:<\/strong> Saare- ja kaset\u00e4ispuit, spoon.<br \/>\n<strong>V\u00e4rv:<\/strong> Hele kreemjas, pealis- ja servav\u00e4rv.<br \/>\n<strong>M\u00f5\u00f5tmed:<\/strong> Laius 123 cm, s\u00fcgavus 42 cm, k\u00f5rgus 206 cm.<br \/>\n<strong>T\u00e4iendavad detailid:<\/strong> Neli ust, kolm riiulit, metallist k\u00e4epidemed.<br \/>\n<strong>Kokkupanek:<\/strong> Osaliselt kokku pandud, ei vaja paigaldust. S\u00e4\u00e4stab aega ja vaeva.<\/p>\n<p>Tutvu ka meie teiste valikus olevate vitriikappidega <a href=\"https:\/\/blankpage.ee\/_ruumist-ruumi\/tootekategooria\/moobel\/soogituba\/vitriinkapid\/\">siin.<\/a><\/p>\n<p>&nbsp;<\/p>\n","protected":false},"excerpt":{"rendered":"<p>Bee\u017e vitriinkapp Dijon DI31 s\u00f6\u00f6gituppa. See elegantne Province&#8217;i stiilis vitriinkapp on ideaalne t\u00e4iendus igasse s\u00f6\u00f6gituppa, pakkudes nii praktilisust kui ka esteetilist ilu. Antiikvalges toonis, kergelt painutatud jalgadega kapp toob ruumi ajatut v\u00f5lu, samas kui m\u00f6\u00f6bli sile pind ja n\u00e4htav puidustruktuur lisavad sellele erilise iseloomu. Bee\u017e vitriinkapp on valmistatud kvaliteetsest saare- ja kaset\u00e4ispuidust ning viimistletud spooniga, [&hellip;]<\/p>\n","protected":false},"featured_media":6549,"comment_status":"open","ping_status":"closed","template":"","meta":[],"product_brand":[],"product_cat":[73],"product_tag":[],"class_list":{"0":"post-6548","1":"product","2":"type-product","3":"status-publish","4":"has-post-thumbnail","6":"product_cat-vitriinkapid","7":"product_shipping_class-livin-hill","8":"pa_kaepidemed-metall","9":"pa_kollektsioon-dijon","10":"pa_materjal-puit","11":"pa_riiulite-arv-89","12":"pa_uste-arv-75","13":"pa_varv-beez","15":"first","16":"instock","17":"sale","18":"taxable","19":"shipping-taxable","20":"purchasable","21":"product-type-simple"},"_links":{"self":[{"href":"https:\/\/blankpage.ee\/_ruumist-ruumi\/wp-json\/wp\/v2\/product\/6548","targetHints":{"allow":["GET"]}}],"collection":[{"href":"https:\/\/blankpage.ee\/_ruumist-ruumi\/wp-json\/wp\/v2\/product"}],"about":[{"href":"https:\/\/blankpage.ee\/_ruumist-ruumi\/wp-json\/wp\/v2\/types\/product"}],"replies":[{"embeddable":true,"href":"https:\/\/blankpage.ee\/_ruumist-ruumi\/wp-json\/wp\/v2\/comments?post=6548"}],"wp:featuredmedia":[{"embeddable":true,"href":"https:\/\/blankpage.ee\/_ruumist-ruumi\/wp-json\/wp\/v2\/media\/6549"}],"wp:attachment":[{"href":"https:\/\/blankpage.ee\/_ruumist-ruumi\/wp-json\/wp\/v2\/media?parent=6548"}],"wp:term":[{"taxonomy":"product_brand","embeddable":true,"href":"https:\/\/blankpage.ee\/_ruumist-ruumi\/wp-json\/wp\/v2\/product_brand?post=6548"},{"taxonomy":"product_cat","embeddable":true,"href":"https:\/\/blankpage.ee\/_ruumist-ruumi\/wp-json\/wp\/v2\/product_cat?post=6548"},{"taxonomy":"product_tag","embeddable":true,"href":"https:\/\/blankpage.ee\/_ruumist-ruumi\/wp-json\/wp\/v2\/product_tag?post=6548"}],"curies":[{"name":"wp","href":"https:\/\/api.w.org\/{rel}","templated":true}]}}