{"id":6565,"date":"2024-11-01T11:51:43","date_gmt":"2024-11-01T11:51:43","guid":{"rendered":"https:\/\/ruumistruumi.ee\/pood\/beez-kingakapp-livorno-liv070-paulownia-puidust\/"},"modified":"2025-01-29T10:01:53","modified_gmt":"2025-01-29T10:01:53","slug":"beez-kingakapp-livorno-liv070-paulownia-puidust","status":"publish","type":"product","link":"https:\/\/blankpage.ee\/_ruumist-ruumi\/pood\/beez-kingakapp-livorno-liv070-paulownia-puidust\/","title":{"rendered":"Bee\u017e kingakapp Livorno LIV070, lehtpuu puidust"},"content":{"rendered":"<p>Livorno LIV070 jalan\u00f5udekapp esikusse. See stiilne, k\u00e4sitsi v\u00e4rvitud jalan\u00f5udekapp \u00fchendab provansaalse ja boho stiili, pakkudes elegantset lahendust teie esikusse. Dekoratiivsed messingiv\u00e4rvi metallist k\u00e4epidemed, sahtlite esipaneelidel olevad dekoratiivsed luugid ning keeratud jalad lisavad sellele kapile unikaalset iseloomu. Kapi korpus, pealisplaat ja soklid on t\u00f6\u00f6deldud mitte\u00fchtlase bee\u017ei tooniga, millele lisab iseloomu valge kulutus.<\/p>\n<p>Omadused:<br \/>\n<strong>Materjal:<\/strong> Paulownia puit ja MDF.<br \/>\n<strong>V\u00e4rv:<\/strong> Bee\u017e, pealisplaadi ja \u00e4\u00e4riste v\u00e4rv.<br \/>\n<strong>M\u00f5\u00f5tmed:<\/strong> Laius 63 cm, s\u00fcgavus 34 cm, k\u00f5rgus 92 cm.<br \/>\n<strong>T\u00e4iendavad detailid:<\/strong> Kaks ust ja kaks riiulit pakuvad piisavalt hoiuruumi.<br \/>\n<strong>Kokkupanek:<\/strong> Kokkupandud, ei vaja paigaldust. S\u00e4\u00e4stab aega ja vaeva.<\/p>\n<p>&nbsp;<\/p>\n","protected":false},"excerpt":{"rendered":"<p>Livorno LIV070 jalan\u00f5udekapp esikusse. See stiilne, k\u00e4sitsi v\u00e4rvitud jalan\u00f5udekapp \u00fchendab provansaalse ja boho stiili, pakkudes elegantset lahendust teie esikusse. Dekoratiivsed messingiv\u00e4rvi metallist k\u00e4epidemed, sahtlite esipaneelidel olevad dekoratiivsed luugid ning keeratud jalad lisavad sellele kapile unikaalset iseloomu. Kapi korpus, pealisplaat ja soklid on t\u00f6\u00f6deldud mitte\u00fchtlase bee\u017ei tooniga, millele lisab iseloomu valge kulutus. Omadused: Materjal: Paulownia puit [&hellip;]<\/p>\n","protected":false},"featured_media":6566,"comment_status":"open","ping_status":"closed","template":"","meta":[],"product_brand":[],"product_cat":[347],"product_tag":[],"class_list":{"0":"post-6565","1":"product","2":"type-product","3":"status-publish","4":"has-post-thumbnail","6":"product_cat-jalanoukapid-ja-kingariiulid","7":"product_shipping_class-livin-hill","8":"pa_kollektsioon-livorno","9":"pa_materjal-paulownia-puit","10":"pa_riiulite-arv-76","11":"pa_sahtlite-arv-87","12":"pa_uste-arv-94","13":"pa_varv-beez","15":"first","16":"outofstock","17":"sale","18":"taxable","19":"shipping-taxable","20":"purchasable","21":"product-type-simple"},"_links":{"self":[{"href":"https:\/\/blankpage.ee\/_ruumist-ruumi\/wp-json\/wp\/v2\/product\/6565","targetHints":{"allow":["GET"]}}],"collection":[{"href":"https:\/\/blankpage.ee\/_ruumist-ruumi\/wp-json\/wp\/v2\/product"}],"about":[{"href":"https:\/\/blankpage.ee\/_ruumist-ruumi\/wp-json\/wp\/v2\/types\/product"}],"replies":[{"embeddable":true,"href":"https:\/\/blankpage.ee\/_ruumist-ruumi\/wp-json\/wp\/v2\/comments?post=6565"}],"wp:featuredmedia":[{"embeddable":true,"href":"https:\/\/blankpage.ee\/_ruumist-ruumi\/wp-json\/wp\/v2\/media\/6566"}],"wp:attachment":[{"href":"https:\/\/blankpage.ee\/_ruumist-ruumi\/wp-json\/wp\/v2\/media?parent=6565"}],"wp:term":[{"taxonomy":"product_brand","embeddable":true,"href":"https:\/\/blankpage.ee\/_ruumist-ruumi\/wp-json\/wp\/v2\/product_brand?post=6565"},{"taxonomy":"product_cat","embeddable":true,"href":"https:\/\/blankpage.ee\/_ruumist-ruumi\/wp-json\/wp\/v2\/product_cat?post=6565"},{"taxonomy":"product_tag","embeddable":true,"href":"https:\/\/blankpage.ee\/_ruumist-ruumi\/wp-json\/wp\/v2\/product_tag?post=6565"}],"curies":[{"name":"wp","href":"https:\/\/api.w.org\/{rel}","templated":true}]}}