{"id":6569,"date":"2024-11-01T11:52:06","date_gmt":"2024-11-01T11:52:06","guid":{"rendered":"https:\/\/ruumistruumi.ee\/pood\/naturaalne-tamm-pikendatav-soogilaud-indus-in01-1-tamme-puidust\/"},"modified":"2025-03-19T07:13:04","modified_gmt":"2025-03-19T07:13:04","slug":"pruun-pikendatav-soogilaud-indus-in01-1-tammepuidust-ja-metallist","status":"publish","type":"product","link":"https:\/\/blankpage.ee\/_ruumist-ruumi\/pood\/pruun-pikendatav-soogilaud-indus-in01-1-tammepuidust-ja-metallist\/","title":{"rendered":"Pruun pikendatav s\u00f6\u00f6gilaud Indus IN01-1 158\/203 cm, tammepuidust ja metallist"},"content":{"rendered":"<p>Indus IN01-1 pikendatav s\u00f6\u00f6gilaud s\u00f6\u00f6gituppa. See k\u00f5rgekvaliteediline loft-stiilis laud seisab tugevatel tumeda grafiidi tooni U-kujulistel terasjalgadel. Lauaplaat on valmistatud massiivsest valgest tammepuidust, millel on selgelt n\u00e4htav naturaalne struktuur ja X-kujuline intarsia. Komplekti kuulub 45 cm laiune pikendus, mis muudab laua praktiliseks ja kohandatavaks erinevateks s\u00fcndmusteks.<\/p>\n<p>Indus kollektsiooni kuuluv laud on ideaalne valik neile, kes hindavad industriaalset stiili ja funktsionaalsust. Tammepuidust lauaplaat toob ruumi soojust ja elegantsi, samas kui tumedad metallist jalad lisavad modernset kontrasti ja stabiilsust. Laua osaline kokkupanek t\u00e4hendab, et see on lihtne ja kiire paigaldada, s\u00e4\u00e4stes teie aega ja vaeva.<\/p>\n<p>Omadused:<br \/>\n<strong>Materjal:<\/strong> Tammepuidust lauaplaat ja metallist jalad.<br \/>\n<strong>V\u00e4rv:<\/strong> Naturaalne tamme toon lauaplaadil ja tumedad grafiidi toonis jalad.<br \/>\n<strong>M\u00f5\u00f5tmed:<\/strong> Laius 158\/203 cm, s\u00fcgavus 90 cm, k\u00f5rgus 76,5 cm.<br \/>\n<strong>T\u00e4iendavad detailid:<\/strong> Industriaalne stiil ja intarsia lauaplaat.<br \/>\n<strong>Kokkupanek:<\/strong> Osaliselt kokkupandud, ei vaja paigaldust. S\u00e4\u00e4stab aega ja vaeva.<\/p>\n<p>&nbsp;<\/p>\n","protected":false},"excerpt":{"rendered":"<p>Indus IN01-1 pikendatav s\u00f6\u00f6gilaud s\u00f6\u00f6gituppa. See k\u00f5rgekvaliteediline loft-stiilis laud seisab tugevatel tumeda grafiidi tooni U-kujulistel terasjalgadel. Lauaplaat on valmistatud massiivsest valgest tammepuidust, millel on selgelt n\u00e4htav naturaalne struktuur ja X-kujuline intarsia. Komplekti kuulub 45 cm laiune pikendus, mis muudab laua praktiliseks ja kohandatavaks erinevateks s\u00fcndmusteks. Indus kollektsiooni kuuluv laud on ideaalne valik neile, kes hindavad [&hellip;]<\/p>\n","protected":false},"featured_media":6570,"comment_status":"open","ping_status":"closed","template":"","meta":[],"product_brand":[],"product_cat":[93],"product_tag":[],"class_list":{"0":"post-6569","1":"product","2":"type-product","3":"status-publish","4":"has-post-thumbnail","6":"product_cat-soogilauad","7":"product_shipping_class-livin-hill","8":"pa_kollektsioon-indus","9":"pa_materjal-tammepuu","10":"pa_varv-pruun","12":"first","13":"outofstock","14":"sale","15":"taxable","16":"shipping-taxable","17":"purchasable","18":"product-type-simple"},"_links":{"self":[{"href":"https:\/\/blankpage.ee\/_ruumist-ruumi\/wp-json\/wp\/v2\/product\/6569","targetHints":{"allow":["GET"]}}],"collection":[{"href":"https:\/\/blankpage.ee\/_ruumist-ruumi\/wp-json\/wp\/v2\/product"}],"about":[{"href":"https:\/\/blankpage.ee\/_ruumist-ruumi\/wp-json\/wp\/v2\/types\/product"}],"replies":[{"embeddable":true,"href":"https:\/\/blankpage.ee\/_ruumist-ruumi\/wp-json\/wp\/v2\/comments?post=6569"}],"wp:featuredmedia":[{"embeddable":true,"href":"https:\/\/blankpage.ee\/_ruumist-ruumi\/wp-json\/wp\/v2\/media\/6570"}],"wp:attachment":[{"href":"https:\/\/blankpage.ee\/_ruumist-ruumi\/wp-json\/wp\/v2\/media?parent=6569"}],"wp:term":[{"taxonomy":"product_brand","embeddable":true,"href":"https:\/\/blankpage.ee\/_ruumist-ruumi\/wp-json\/wp\/v2\/product_brand?post=6569"},{"taxonomy":"product_cat","embeddable":true,"href":"https:\/\/blankpage.ee\/_ruumist-ruumi\/wp-json\/wp\/v2\/product_cat?post=6569"},{"taxonomy":"product_tag","embeddable":true,"href":"https:\/\/blankpage.ee\/_ruumist-ruumi\/wp-json\/wp\/v2\/product_tag?post=6569"}],"curies":[{"name":"wp","href":"https:\/\/api.w.org\/{rel}","templated":true}]}}