{"id":6606,"date":"2024-11-01T11:54:24","date_gmt":"2024-11-01T11:54:24","guid":{"rendered":"https:\/\/ruumistruumi.ee\/pood\/naturaalne-tamm-pikendatav-soogilaud-indus-in01-2-tamme-puidust\/"},"modified":"2025-04-10T11:57:43","modified_gmt":"2025-04-10T11:57:43","slug":"pikendatav-soogilaud-indus-in01-2-naturaalne-tamm","status":"publish","type":"product","link":"https:\/\/blankpage.ee\/_ruumist-ruumi\/pood\/pikendatav-soogilaud-indus-in01-2-naturaalne-tamm\/","title":{"rendered":"Pruun pikendatav s\u00f6\u00f6gilaud Indus IN01-2 190\/240 cm, tammepuidust ja metallist"},"content":{"rendered":"<p>Indus IN01-2 pikendatav s\u00f6\u00f6gilaud s\u00f6\u00f6gituppa. See k\u00f5rgekvaliteediline loft-stiilis laud toob teie s\u00f6\u00f6gituppa industriaalset h\u00f5ngu. Laua tumedad grafiitv\u00e4rvi U-kujulised terasjalad loovad tugeva ja stiilse aluse, samal ajal kui lauaplaat, mis on valmistatud naturaalsest valgest tammepuidust, lisab ruumile soojust ja elegantsi. X-kujuline intarsia lauaplaadil r\u00f5hutab selle unikaalset disaini. Komplekti kuulub ka 50 cm laiune pikendus, mis v\u00f5imaldab laua pikkust h\u00f5lpsasti muuta vastavalt vajadusele.<\/p>\n<p>Omadused:<br \/>\n<strong>Materjal:<\/strong> Tammepuit ja metallist jalad.<br \/>\n<strong>V\u00e4rv:<\/strong> Naturaalne tamme toon lauaplaadil ja tumedad grafiitv\u00e4rvi jalad.<br \/>\n<strong>M\u00f5\u00f5tmed:<\/strong> Laius 190\/240 cm, s\u00fcgavus 100 cm, k\u00f5rgus 76,5 cm.<br \/>\n<strong>T\u00e4iendavad detailid:<\/strong> Industriaalne stiil, intarsia lauaplaat.<br \/>\n<strong>Kokkupanek:<\/strong> Osaliselt kokku pandud, ei vaja paigaldust. S\u00e4\u00e4stab aega ja vaeva.<\/p>\n<p>&nbsp;<\/p>\n","protected":false},"excerpt":{"rendered":"<p>Indus IN01-2 pikendatav s\u00f6\u00f6gilaud s\u00f6\u00f6gituppa. See k\u00f5rgekvaliteediline loft-stiilis laud toob teie s\u00f6\u00f6gituppa industriaalset h\u00f5ngu. Laua tumedad grafiitv\u00e4rvi U-kujulised terasjalad loovad tugeva ja stiilse aluse, samal ajal kui lauaplaat, mis on valmistatud naturaalsest valgest tammepuidust, lisab ruumile soojust ja elegantsi. X-kujuline intarsia lauaplaadil r\u00f5hutab selle unikaalset disaini. Komplekti kuulub ka 50 cm laiune pikendus, mis v\u00f5imaldab [&hellip;]<\/p>\n","protected":false},"featured_media":6607,"comment_status":"open","ping_status":"closed","template":"","meta":[],"product_brand":[],"product_cat":[93],"product_tag":[],"class_list":{"0":"post-6606","1":"product","2":"type-product","3":"status-publish","4":"has-post-thumbnail","6":"product_cat-soogilauad","7":"product_shipping_class-livin-hill","8":"pa_kollektsioon-indus","9":"pa_materjal-tammepuu","10":"pa_varv-pruun","11":"pa_varv-must","13":"first","14":"instock","15":"sale","16":"taxable","17":"shipping-taxable","18":"purchasable","19":"product-type-simple"},"_links":{"self":[{"href":"https:\/\/blankpage.ee\/_ruumist-ruumi\/wp-json\/wp\/v2\/product\/6606","targetHints":{"allow":["GET"]}}],"collection":[{"href":"https:\/\/blankpage.ee\/_ruumist-ruumi\/wp-json\/wp\/v2\/product"}],"about":[{"href":"https:\/\/blankpage.ee\/_ruumist-ruumi\/wp-json\/wp\/v2\/types\/product"}],"replies":[{"embeddable":true,"href":"https:\/\/blankpage.ee\/_ruumist-ruumi\/wp-json\/wp\/v2\/comments?post=6606"}],"wp:featuredmedia":[{"embeddable":true,"href":"https:\/\/blankpage.ee\/_ruumist-ruumi\/wp-json\/wp\/v2\/media\/6607"}],"wp:attachment":[{"href":"https:\/\/blankpage.ee\/_ruumist-ruumi\/wp-json\/wp\/v2\/media?parent=6606"}],"wp:term":[{"taxonomy":"product_brand","embeddable":true,"href":"https:\/\/blankpage.ee\/_ruumist-ruumi\/wp-json\/wp\/v2\/product_brand?post=6606"},{"taxonomy":"product_cat","embeddable":true,"href":"https:\/\/blankpage.ee\/_ruumist-ruumi\/wp-json\/wp\/v2\/product_cat?post=6606"},{"taxonomy":"product_tag","embeddable":true,"href":"https:\/\/blankpage.ee\/_ruumist-ruumi\/wp-json\/wp\/v2\/product_tag?post=6606"}],"curies":[{"name":"wp","href":"https:\/\/api.w.org\/{rel}","templated":true}]}}