{"id":6626,"date":"2024-11-01T11:55:37","date_gmt":"2024-11-01T11:55:37","guid":{"rendered":"https:\/\/ruumistruumi.ee\/pood\/looduslik-tamm-tv-alus-indus-in25-2-tammepuit-ja-metallist-jalad\/"},"modified":"2025-04-10T11:57:43","modified_gmt":"2025-04-10T11:57:43","slug":"must-tv-alus-indus-in25-2-naturaalsest-tammepuidust","status":"publish","type":"product","link":"https:\/\/blankpage.ee\/_ruumist-ruumi\/pood\/must-tv-alus-indus-in25-2-naturaalsest-tammepuidust\/","title":{"rendered":"Must TV-alus Indus IN25-2, naturaalsest tammepuidust"},"content":{"rendered":"<p>Indus IN25-2 TV-alus elutuppa. See kvaliteetne loft-stiilis must TV-alus on paigaldatud terasest konstruktsioonile, mis lisab tugevust ja vastupidavust. X-kujulised inkrusteeritud esipaneelid on valmistatud t\u00e4ispuidust valgest tammest, millel on selge ja loomulik struktuur. Toode sisaldab kahte avanevat ust ning sees on kaks riiulit ja kaks v\u00e4list riiulit, pakkudes piisavalt ruumi erinevate seadmete ja tarvikute hoidmiseks.<\/p>\n<p>Indus kollektsiooni kuuluv TV-alus \u00fchendab endas industriaalset stiili ja praktilisust. Naturaalse tamme esipaneelid koos tumeda grafiidi toonis jalgadega loovad elegantse ja kaasaegse ilme, mis sobib h\u00e4sti erinevatesse interj\u00f6\u00f6ridesse. Metallist k\u00e4epidemed lisavad stiilset viimistlust ja muudavad uste avamise mugavaks.<\/p>\n<p>Omadused:<br \/>\n<strong>Materjal:<\/strong> Tammepuit ja metallist jalad.<br \/>\n<strong>V\u00e4rv:<\/strong> Naturaalse tamme toonis esipaneelid, must ja tume grafiit.<br \/>\n<strong>M\u00f5\u00f5tmed:<\/strong> Laius 133 cm, s\u00fcgavus 39 cm, k\u00f5rgus 55 cm.<br \/>\n<strong>T\u00e4iendavad detailid:<\/strong> Kaks ust, neli riiulit, industriaalne stiil, naturaalse tamme esipaneelid.<br \/>\n<strong>Kokkupanek:<\/strong> Kokkupandud, ei vaja paigaldust. S\u00e4\u00e4stab aega ja vaeva.<\/p>\n<p>&nbsp;<\/p>\n","protected":false},"excerpt":{"rendered":"<p>Indus IN25-2 TV-alus elutuppa. See kvaliteetne loft-stiilis must TV-alus on paigaldatud terasest konstruktsioonile, mis lisab tugevust ja vastupidavust. X-kujulised inkrusteeritud esipaneelid on valmistatud t\u00e4ispuidust valgest tammest, millel on selge ja loomulik struktuur. Toode sisaldab kahte avanevat ust ning sees on kaks riiulit ja kaks v\u00e4list riiulit, pakkudes piisavalt ruumi erinevate seadmete ja tarvikute hoidmiseks. Indus [&hellip;]<\/p>\n","protected":false},"featured_media":6627,"comment_status":"open","ping_status":"closed","template":"","meta":[],"product_brand":[],"product_cat":[85],"product_tag":[],"class_list":{"0":"post-6626","1":"product","2":"type-product","3":"status-publish","4":"has-post-thumbnail","6":"product_cat-tv-alused","7":"product_shipping_class-livin-hill","8":"pa_kaepidemed-metall","9":"pa_kollektsioon-indus","10":"pa_materjal-tamme","11":"pa_riiulite-arv-110","12":"pa_uste-arv-94","13":"pa_varv-pruun","14":"pa_varv-must","16":"first","17":"instock","18":"sale","19":"taxable","20":"shipping-taxable","21":"purchasable","22":"product-type-simple"},"_links":{"self":[{"href":"https:\/\/blankpage.ee\/_ruumist-ruumi\/wp-json\/wp\/v2\/product\/6626","targetHints":{"allow":["GET"]}}],"collection":[{"href":"https:\/\/blankpage.ee\/_ruumist-ruumi\/wp-json\/wp\/v2\/product"}],"about":[{"href":"https:\/\/blankpage.ee\/_ruumist-ruumi\/wp-json\/wp\/v2\/types\/product"}],"replies":[{"embeddable":true,"href":"https:\/\/blankpage.ee\/_ruumist-ruumi\/wp-json\/wp\/v2\/comments?post=6626"}],"wp:featuredmedia":[{"embeddable":true,"href":"https:\/\/blankpage.ee\/_ruumist-ruumi\/wp-json\/wp\/v2\/media\/6627"}],"wp:attachment":[{"href":"https:\/\/blankpage.ee\/_ruumist-ruumi\/wp-json\/wp\/v2\/media?parent=6626"}],"wp:term":[{"taxonomy":"product_brand","embeddable":true,"href":"https:\/\/blankpage.ee\/_ruumist-ruumi\/wp-json\/wp\/v2\/product_brand?post=6626"},{"taxonomy":"product_cat","embeddable":true,"href":"https:\/\/blankpage.ee\/_ruumist-ruumi\/wp-json\/wp\/v2\/product_cat?post=6626"},{"taxonomy":"product_tag","embeddable":true,"href":"https:\/\/blankpage.ee\/_ruumist-ruumi\/wp-json\/wp\/v2\/product_tag?post=6626"}],"curies":[{"name":"wp","href":"https:\/\/api.w.org\/{rel}","templated":true}]}}