{"id":6660,"date":"2024-11-01T11:57:45","date_gmt":"2024-11-01T11:57:45","guid":{"rendered":"https:\/\/ruumistruumi.ee\/pood\/looduslik-tamme-soogilaud-indus-in09-0-tamme-puidust\/"},"modified":"2025-05-05T21:31:15","modified_gmt":"2025-05-05T21:31:15","slug":"pruun-ummargune-soogilaud-indus-in09-0-tammepuidust","status":"publish","type":"product","link":"https:\/\/blankpage.ee\/_ruumist-ruumi\/pood\/pruun-ummargune-soogilaud-indus-in09-0-tammepuidust\/","title":{"rendered":"Pruun \u00fcmmargune s\u00f6\u00f6gilaud Indus IN09-0, tammepuidust"},"content":{"rendered":"<p>Indus IN09-0 s\u00f6\u00f6gilaud s\u00f6\u00f6gituppa. See kvaliteetne \u00fcmmargune laud toob t\u00f6\u00f6stusliku stiili elegantselt teie s\u00f6\u00f6giruumi. Laua tugev tume grafiitv\u00e4rvi metallraam koos X-kujulise alusega pakub stabiilsust ja visuaalset huvi. \u00dcmmargune lauaplaat on valmistatud naturaalsest valgest tammepuidust, millel on selgelt eristuv struktuur ja X-kujuline inkrustatsioon.<\/p>\n<p>Indus kollektsiooni laud on ideaalne valik neile, kes hindavad vastupidavust ja stiili. Naturaalse tamme soojus ja metalli tugevus loovad harmoonilise tasakaalu, mis t\u00e4iendab igat s\u00f6\u00f6gituba. Laua m\u00f5\u00f5tmed &#8211; laius ja s\u00fcgavus 125 cm, k\u00f5rgus 76,5 cm &#8211; pakuvad piisavalt ruumi mugavaks einestamiseks pere ja s\u00f5pradega.<\/p>\n<p>Omadused:<br \/>\n<strong>Materjal:<\/strong> Tugev tammepuidust lauaplaat ja metallist jalad.<br \/>\n<strong>V\u00e4rv:<\/strong> Naturaalne tamme toon lauaplaadil ja tumedad grafiitv\u00e4rvi jalad.<br \/>\n<strong>M\u00f5\u00f5tmed:<\/strong> Laua laius 125 cm, s\u00fcgavus 125 cm, k\u00f5rgus 76,5 cm.<br \/>\n<strong>T\u00e4iendavad detailid:<\/strong> T\u00f6\u00f6stuslik stiil ja inkrusteeritud lauaplaat.<br \/>\n<strong>Kokkupanek:<\/strong> Osaliselt kokku pandud, h\u00f5lbustades paigaldamist.<\/p>\n<p>&nbsp;<\/p>\n","protected":false},"excerpt":{"rendered":"<p>Indus IN09-0 s\u00f6\u00f6gilaud s\u00f6\u00f6gituppa. See kvaliteetne \u00fcmmargune laud toob t\u00f6\u00f6stusliku stiili elegantselt teie s\u00f6\u00f6giruumi. Laua tugev tume grafiitv\u00e4rvi metallraam koos X-kujulise alusega pakub stabiilsust ja visuaalset huvi. \u00dcmmargune lauaplaat on valmistatud naturaalsest valgest tammepuidust, millel on selgelt eristuv struktuur ja X-kujuline inkrustatsioon. Indus kollektsiooni laud on ideaalne valik neile, kes hindavad vastupidavust ja stiili. Naturaalse [&hellip;]<\/p>\n","protected":false},"featured_media":6661,"comment_status":"open","ping_status":"closed","template":"","meta":[],"product_brand":[],"product_cat":[93],"product_tag":[],"class_list":{"0":"post-6660","1":"product","2":"type-product","3":"status-publish","4":"has-post-thumbnail","6":"product_cat-soogilauad","7":"product_shipping_class-livin-hill","8":"pa_kollektsioon-indus","9":"pa_materjal-tamme","10":"pa_varv-pruun","11":"pa_varv-must","13":"first","14":"instock","15":"sale","16":"taxable","17":"shipping-taxable","18":"purchasable","19":"product-type-simple"},"_links":{"self":[{"href":"https:\/\/blankpage.ee\/_ruumist-ruumi\/wp-json\/wp\/v2\/product\/6660","targetHints":{"allow":["GET"]}}],"collection":[{"href":"https:\/\/blankpage.ee\/_ruumist-ruumi\/wp-json\/wp\/v2\/product"}],"about":[{"href":"https:\/\/blankpage.ee\/_ruumist-ruumi\/wp-json\/wp\/v2\/types\/product"}],"replies":[{"embeddable":true,"href":"https:\/\/blankpage.ee\/_ruumist-ruumi\/wp-json\/wp\/v2\/comments?post=6660"}],"wp:featuredmedia":[{"embeddable":true,"href":"https:\/\/blankpage.ee\/_ruumist-ruumi\/wp-json\/wp\/v2\/media\/6661"}],"wp:attachment":[{"href":"https:\/\/blankpage.ee\/_ruumist-ruumi\/wp-json\/wp\/v2\/media?parent=6660"}],"wp:term":[{"taxonomy":"product_brand","embeddable":true,"href":"https:\/\/blankpage.ee\/_ruumist-ruumi\/wp-json\/wp\/v2\/product_brand?post=6660"},{"taxonomy":"product_cat","embeddable":true,"href":"https:\/\/blankpage.ee\/_ruumist-ruumi\/wp-json\/wp\/v2\/product_cat?post=6660"},{"taxonomy":"product_tag","embeddable":true,"href":"https:\/\/blankpage.ee\/_ruumist-ruumi\/wp-json\/wp\/v2\/product_tag?post=6660"}],"curies":[{"name":"wp","href":"https:\/\/api.w.org\/{rel}","templated":true}]}}