{"id":6666,"date":"2024-11-01T12:03:32","date_gmt":"2024-11-01T12:03:32","guid":{"rendered":"https:\/\/ruumistruumi.ee\/pood\/looduslik-tamm-kummut-indus-in20-3-tammepuit-ja-metallist-jalad\/"},"modified":"2025-04-10T11:57:43","modified_gmt":"2025-04-10T11:57:43","slug":"must-kummut-indus-in20-3-tammepuidust","status":"publish","type":"product","link":"https:\/\/blankpage.ee\/_ruumist-ruumi\/pood\/must-kummut-indus-in20-3-tammepuidust\/","title":{"rendered":"Must kummut Indus IN20-3, tammepuidust"},"content":{"rendered":"<p>Indus IN20-3 kummut elutuppa. See kummut on ideaalne lisa igasse elutuppa, tuues ruumi industriaalset stiili ja praktilisust. Kummuti esipaneelid on valmistatud tugevast valgest tammepuust, millel on loomulik struktuur ja X-kujuline muster. Musta terasest raamiga kummut seisab kindlalt ja lisab ruumile kaasaegset ilmet.<\/p>\n<p>Kummutil on neli ust, mille taga on kaks riiulit ja kaks sahtlit, pakkudes piisavalt hoiuruumi igap\u00e4evaste esemete jaoks. Metallist k\u00e4epidemed lisavad kummutile stiili ja funktsionaalsust. Kummut on kokkupandud, ei vaja paigaldust, s\u00e4\u00e4stes nii aega kui vaeva.<\/p>\n<p>Omadused:<br \/>\n<strong>Materjal:<\/strong> Tammepuit ja metallist jalad.<br \/>\n<strong>V\u00e4rv:<\/strong> Naturaalne tammepuu ja mustad, tumedad grafiitjalad.<br \/>\n<strong>M\u00f5\u00f5tmed:<\/strong> Laius 160 cm, s\u00fcgavus 46 cm, k\u00f5rgus 87 cm.<br \/>\n<strong>T\u00e4iendavad detailid:<\/strong> Loomulik tammepuidust esipaneel; industriaalne stiil; X-kujuline muster esipaneelidel.<br \/>\n<strong>Kokkupanek:<\/strong> Kokkupandud, ei vaja paigaldust. S\u00e4\u00e4stab aega ja vaeva.<\/p>\n<p>&nbsp;<\/p>\n","protected":false},"excerpt":{"rendered":"<p>Indus IN20-3 kummut elutuppa. See kummut on ideaalne lisa igasse elutuppa, tuues ruumi industriaalset stiili ja praktilisust. Kummuti esipaneelid on valmistatud tugevast valgest tammepuust, millel on loomulik struktuur ja X-kujuline muster. Musta terasest raamiga kummut seisab kindlalt ja lisab ruumile kaasaegset ilmet. Kummutil on neli ust, mille taga on kaks riiulit ja kaks sahtlit, pakkudes [&hellip;]<\/p>\n","protected":false},"featured_media":6667,"comment_status":"open","ping_status":"closed","template":"","meta":[],"product_brand":[],"product_cat":[81],"product_tag":[],"class_list":{"0":"post-6666","1":"product","2":"type-product","3":"status-publish","4":"has-post-thumbnail","6":"product_cat-kapid-riiulid-ja-kummutid","7":"product_shipping_class-livin-hill","8":"pa_kaepidemed-metall","9":"pa_kollektsioon-indus","10":"pa_materjal-tamme","11":"pa_riiulite-arv-76","12":"pa_sahtlite-arv-74","13":"pa_uste-arv-75","14":"pa_varv-pruun","15":"pa_varv-must","17":"first","18":"instock","19":"sale","20":"taxable","21":"shipping-taxable","22":"purchasable","23":"product-type-simple"},"_links":{"self":[{"href":"https:\/\/blankpage.ee\/_ruumist-ruumi\/wp-json\/wp\/v2\/product\/6666","targetHints":{"allow":["GET"]}}],"collection":[{"href":"https:\/\/blankpage.ee\/_ruumist-ruumi\/wp-json\/wp\/v2\/product"}],"about":[{"href":"https:\/\/blankpage.ee\/_ruumist-ruumi\/wp-json\/wp\/v2\/types\/product"}],"replies":[{"embeddable":true,"href":"https:\/\/blankpage.ee\/_ruumist-ruumi\/wp-json\/wp\/v2\/comments?post=6666"}],"wp:featuredmedia":[{"embeddable":true,"href":"https:\/\/blankpage.ee\/_ruumist-ruumi\/wp-json\/wp\/v2\/media\/6667"}],"wp:attachment":[{"href":"https:\/\/blankpage.ee\/_ruumist-ruumi\/wp-json\/wp\/v2\/media?parent=6666"}],"wp:term":[{"taxonomy":"product_brand","embeddable":true,"href":"https:\/\/blankpage.ee\/_ruumist-ruumi\/wp-json\/wp\/v2\/product_brand?post=6666"},{"taxonomy":"product_cat","embeddable":true,"href":"https:\/\/blankpage.ee\/_ruumist-ruumi\/wp-json\/wp\/v2\/product_cat?post=6666"},{"taxonomy":"product_tag","embeddable":true,"href":"https:\/\/blankpage.ee\/_ruumist-ruumi\/wp-json\/wp\/v2\/product_tag?post=6666"}],"curies":[{"name":"wp","href":"https:\/\/api.w.org\/{rel}","templated":true}]}}