{"id":6735,"date":"2024-11-01T12:07:55","date_gmt":"2024-11-01T12:07:55","guid":{"rendered":"https:\/\/ruumistruumi.ee\/pood\/naturaalne-tamm-indus-in04-0-konsoollaud-tamme-puidust\/"},"modified":"2025-04-10T11:57:46","modified_gmt":"2025-04-10T11:57:46","slug":"pruun-indus-in04-0-lisalaud-tamm-metall","status":"publish","type":"product","link":"https:\/\/blankpage.ee\/_ruumist-ruumi\/pood\/pruun-indus-in04-0-lisalaud-tamm-metall\/","title":{"rendered":"Pruun Indus IN04-0 lisalaud, tamm, metall"},"content":{"rendered":"<p>Indus IN04-0 diivanilaud elutuppa. See k\u00f5rgekvaliteediline tume grafiitv\u00e4rvi loft-stiilis laud on paigaldatud vastupidavale terasraamile. X-kujuline intarsia lauaplaat on valmistatud tugevast valgest tammepuidust, millel on selgelt n\u00e4htav looduslik struktuur.<\/p>\n<p>Indus kollektsiooni kuuluv diivanilaud lisab teie elutuppa industriaalset h\u00f5ngu, \u00fchendades naturaalse tamme soojuse ja tumedate grafiitmetalljalgade modernsuse. Kompaktne disain, m\u00f5\u00f5tmetega 45 cm lai, 45 cm s\u00fcgav ja 50 cm k\u00f5rge, sobib ideaalselt v\u00e4iksematesse ruumidesse v\u00f5i lisalauaks suurematesse elutubadesse. <\/p>\n<p>Omadused:<br \/>\n<strong>Materjal:<\/strong> Tammepuidust lauaplaat ja metallist jalad.<br \/>\n<strong>V\u00e4rv:<\/strong> Naturaalne tamme toon lauaplaadil ja tumedad grafiitv\u00e4rvi jalad.<br \/>\n<strong>M\u00f5\u00f5tmed:<\/strong> Laius 45 cm, s\u00fcgavus 45 cm, k\u00f5rgus 50 cm.<br \/>\n<strong>T\u00e4iendavad detailid:<\/strong> Industriaalne stiil ja intarsia lauaplaat.<br \/>\n<strong>Kokkupanek:<\/strong> Kokkupandud, ei vaja paigaldust. S\u00e4\u00e4stab aega ja vaeva.<\/p>\n<p>&nbsp;<\/p>\n","protected":false},"excerpt":{"rendered":"<p>Indus IN04-0 diivanilaud elutuppa. See k\u00f5rgekvaliteediline tume grafiitv\u00e4rvi loft-stiilis laud on paigaldatud vastupidavale terasraamile. X-kujuline intarsia lauaplaat on valmistatud tugevast valgest tammepuidust, millel on selgelt n\u00e4htav looduslik struktuur. Indus kollektsiooni kuuluv diivanilaud lisab teie elutuppa industriaalset h\u00f5ngu, \u00fchendades naturaalse tamme soojuse ja tumedate grafiitmetalljalgade modernsuse. Kompaktne disain, m\u00f5\u00f5tmetega 45 cm lai, 45 cm s\u00fcgav ja [&hellip;]<\/p>\n","protected":false},"featured_media":6736,"comment_status":"open","ping_status":"closed","template":"","meta":[],"product_brand":[],"product_cat":[145],"product_tag":[],"class_list":{"0":"post-6735","1":"product","2":"type-product","3":"status-publish","4":"has-post-thumbnail","6":"product_cat-lisalauad","7":"product_shipping_class-livin-hill","8":"pa_kollektsioon-indus","9":"pa_materjal-tammepuu","10":"pa_varv-pruun","11":"pa_varv-must","13":"first","14":"instock","15":"sale","16":"taxable","17":"shipping-taxable","18":"purchasable","19":"product-type-simple"},"_links":{"self":[{"href":"https:\/\/blankpage.ee\/_ruumist-ruumi\/wp-json\/wp\/v2\/product\/6735","targetHints":{"allow":["GET"]}}],"collection":[{"href":"https:\/\/blankpage.ee\/_ruumist-ruumi\/wp-json\/wp\/v2\/product"}],"about":[{"href":"https:\/\/blankpage.ee\/_ruumist-ruumi\/wp-json\/wp\/v2\/types\/product"}],"replies":[{"embeddable":true,"href":"https:\/\/blankpage.ee\/_ruumist-ruumi\/wp-json\/wp\/v2\/comments?post=6735"}],"wp:featuredmedia":[{"embeddable":true,"href":"https:\/\/blankpage.ee\/_ruumist-ruumi\/wp-json\/wp\/v2\/media\/6736"}],"wp:attachment":[{"href":"https:\/\/blankpage.ee\/_ruumist-ruumi\/wp-json\/wp\/v2\/media?parent=6735"}],"wp:term":[{"taxonomy":"product_brand","embeddable":true,"href":"https:\/\/blankpage.ee\/_ruumist-ruumi\/wp-json\/wp\/v2\/product_brand?post=6735"},{"taxonomy":"product_cat","embeddable":true,"href":"https:\/\/blankpage.ee\/_ruumist-ruumi\/wp-json\/wp\/v2\/product_cat?post=6735"},{"taxonomy":"product_tag","embeddable":true,"href":"https:\/\/blankpage.ee\/_ruumist-ruumi\/wp-json\/wp\/v2\/product_tag?post=6735"}],"curies":[{"name":"wp","href":"https:\/\/api.w.org\/{rel}","templated":true}]}}