{"id":6749,"date":"2024-11-01T12:08:44","date_gmt":"2024-11-01T12:08:44","guid":{"rendered":"https:\/\/ruumistruumi.ee\/pood\/beez-ookapp-avola-av675-22-akatsiapuust-ja-mdf-st\/"},"modified":"2025-04-10T11:57:46","modified_gmt":"2025-04-10T11:57:46","slug":"beez-ookapp-avola-av675-22-akatsiapuust-ja-mdf-st","status":"publish","type":"product","link":"https:\/\/blankpage.ee\/_ruumist-ruumi\/pood\/beez-ookapp-avola-av675-22-akatsiapuust-ja-mdf-st\/","title":{"rendered":"Bee\u017e \u00f6\u00f6kapp Avola AV675-22, akaatsiapuidust"},"content":{"rendered":"<p>Avola AV675-22 \u00f6\u00f6kapp magamistuppa. See klassikaline kreemjas \u00f6\u00f6kapp on valmistatud akaatsiapuidust, millel on n\u00e4htav struktuur, ning MDF-ist. Tootel on klaasuksed dekoratiivsete liistudega ja \u00fcks sahtel, millel on freesitud servad ja esik\u00fcljel dekoratiivne l\u00f5ige.<\/p>\n<p>Avola kollektsiooni kuuluv \u00f6\u00f6kapp lisab magamistoale elegantsi ja praktilisust. Metallist k\u00e4epidemed annavad kapile kaasaegse puudutuse, samas kui klaasuksed v\u00f5imaldavad h\u00f5lpsasti n\u00e4ha, mis sees on. Sahtel ja kapiosa pakuvad piisavalt hoiuruumi vajalike esemete jaoks, hoides magamistoa korras ja organiseerituna. Lisaks on \u00f6\u00f6kapp varustatud toiteplokiga, millel on kaks pistikupesa ja kaks USB-porti, mis muudavad seadmete laadimise mugavaks ja lihtsaks.<\/p>\n<p>Omadused:<br \/>\n<strong>Materjal:<\/strong> Akaatsiapuit ja MDF.<br \/>\n<strong>V\u00e4rv:<\/strong> Kreemjas.<br \/>\n<strong>M\u00f5\u00f5tmed:<\/strong> Laius 41 cm, s\u00fcgavus 56 cm, k\u00f5rgus 64 cm.<br \/>\n<strong>T\u00e4iendavad detailid:<\/strong> Sahtli m\u00f5\u00f5tmed 24,5 x 28,5 x 5,5 cm; uste m\u00f5\u00f5tmed 30,5 x 39,5 cm; kapiosa m\u00f5\u00f5tmed 30,5 x 49,5 x 39,5 cm; tugev pind ilma klapitava osata 40,5 x 44,5 cm.<br \/>\n<strong>Kokkupanek:<\/strong> Kokkupandud, ei vaja paigaldust. S\u00e4\u00e4stab aega ja vaeva.<\/p>\n<p>&nbsp;<\/p>\n","protected":false},"excerpt":{"rendered":"<p>Avola AV675-22 \u00f6\u00f6kapp magamistuppa. See klassikaline kreemjas \u00f6\u00f6kapp on valmistatud akaatsiapuidust, millel on n\u00e4htav struktuur, ning MDF-ist. Tootel on klaasuksed dekoratiivsete liistudega ja \u00fcks sahtel, millel on freesitud servad ja esik\u00fcljel dekoratiivne l\u00f5ige. Avola kollektsiooni kuuluv \u00f6\u00f6kapp lisab magamistoale elegantsi ja praktilisust. Metallist k\u00e4epidemed annavad kapile kaasaegse puudutuse, samas kui klaasuksed v\u00f5imaldavad h\u00f5lpsasti n\u00e4ha, mis [&hellip;]<\/p>\n","protected":false},"featured_media":6750,"comment_status":"open","ping_status":"closed","template":"","meta":[],"product_brand":[],"product_cat":[92],"product_tag":[],"class_list":{"0":"post-6749","1":"product","2":"type-product","3":"status-publish","4":"has-post-thumbnail","6":"product_cat-ookapid","7":"product_shipping_class-livin-hill","8":"pa_kaepidemed-metall","9":"pa_kollektsioon-avola","10":"pa_materjal-akaatsiapuit","11":"pa_sahtlite-arv-87","12":"pa_uste-arv-88","13":"pa_varv-beez","15":"first","16":"instock","17":"sale","18":"taxable","19":"shipping-taxable","20":"purchasable","21":"product-type-simple"},"_links":{"self":[{"href":"https:\/\/blankpage.ee\/_ruumist-ruumi\/wp-json\/wp\/v2\/product\/6749","targetHints":{"allow":["GET"]}}],"collection":[{"href":"https:\/\/blankpage.ee\/_ruumist-ruumi\/wp-json\/wp\/v2\/product"}],"about":[{"href":"https:\/\/blankpage.ee\/_ruumist-ruumi\/wp-json\/wp\/v2\/types\/product"}],"replies":[{"embeddable":true,"href":"https:\/\/blankpage.ee\/_ruumist-ruumi\/wp-json\/wp\/v2\/comments?post=6749"}],"wp:featuredmedia":[{"embeddable":true,"href":"https:\/\/blankpage.ee\/_ruumist-ruumi\/wp-json\/wp\/v2\/media\/6750"}],"wp:attachment":[{"href":"https:\/\/blankpage.ee\/_ruumist-ruumi\/wp-json\/wp\/v2\/media?parent=6749"}],"wp:term":[{"taxonomy":"product_brand","embeddable":true,"href":"https:\/\/blankpage.ee\/_ruumist-ruumi\/wp-json\/wp\/v2\/product_brand?post=6749"},{"taxonomy":"product_cat","embeddable":true,"href":"https:\/\/blankpage.ee\/_ruumist-ruumi\/wp-json\/wp\/v2\/product_cat?post=6749"},{"taxonomy":"product_tag","embeddable":true,"href":"https:\/\/blankpage.ee\/_ruumist-ruumi\/wp-json\/wp\/v2\/product_tag?post=6749"}],"curies":[{"name":"wp","href":"https:\/\/api.w.org\/{rel}","templated":true}]}}