{"id":6762,"date":"2024-11-01T12:09:19","date_gmt":"2024-11-01T12:09:19","guid":{"rendered":"https:\/\/ruumistruumi.ee\/pood\/turkiissinine-ja-mundiroheline-vitriinkapp-avola-av1615-32-akatsiapuust-ja-vineerist\/"},"modified":"2025-07-15T18:42:06","modified_gmt":"2025-07-15T18:42:06","slug":"mundiroheline-avola-av1615-32-korge-kummut-akaatsiapuidust","status":"publish","type":"product","link":"https:\/\/blankpage.ee\/_ruumist-ruumi\/pood\/mundiroheline-avola-av1615-32-korge-kummut-akaatsiapuidust\/","title":{"rendered":"M\u00fcndiroheline Avola AV1615-32 k\u00f5rge kummut, akaatsiapuidust"},"content":{"rendered":"<p>Avola AV1615-32 k\u00f5rge kapp elutuppa. See rustikaalne kapp, millel on t\u00fcrkiissinised ja m\u00fcndirohelised toonid, toob ruumi iseloomulikku vananemist ja dekoratiivseid liiste. Avola kollektsiooni kuuluv kapp on valmistatud kvaliteetsest akaatsiapuidust ja vineerist, mis tagab vastupidavuse ja ajatu ilu.<\/p>\n<p>Kapp on varustatud kahe uksega, mille taga on reguleeritav riiul, pakkudes mitmek\u00fclgseid hoiustamisv\u00f5imalusi. Kapi m\u00f5\u00f5tmed on 82 cm lai, 38 cm s\u00fcgav ja 106,5 cm k\u00f5rge, mis teeb sellest ideaalse valiku nii v\u00e4iksematesse kui ka suurematesse elutubadesse. Kapi sisem\u00f5\u00f5tmed on 61 x 81,5 cm ja riiuli m\u00f5\u00f5tmed 70 x 29 cm, v\u00f5imaldades mugavat hoiustamist.<\/p>\n<p>Kapi puidust k\u00e4epidemed lisavad sellele maal\u00e4hedast v\u00f5lu, samas kui k\u00e4sitsi v\u00e4rvitud shabby chic viimistlus toob esile selle ainulaadse iseloomu. Kapp on osaliselt kokku pandud, mis s\u00e4\u00e4stab aega ja vaeva paigaldamisel.<\/p>\n<p>Omadused:<br \/>\n<strong>Materjal:<\/strong> Akaatsiapuit ja vineer.<br \/>\n<strong>V\u00e4rv:<\/strong> T\u00fcrkiissinine ja m\u00fcndiroheline.<br \/>\n<strong>M\u00f5\u00f5tmed:<\/strong> Laius 82 cm, s\u00fcgavus 38 cm, k\u00f5rgus 106,5 cm.<br \/>\n<strong>T\u00e4iendavad detailid:<\/strong> Reguleeritav sisemine riiul ja k\u00e4sitsi v\u00e4rvitud viimistlus.<br \/>\n<strong>Kokkupanek:<\/strong> Osaliselt kokku pandud, ei vaja paigaldust. S\u00e4\u00e4stab aega ja vaeva.<\/p>\n<p>&nbsp;<\/p>\n","protected":false},"excerpt":{"rendered":"<p>Avola AV1615-32 k\u00f5rge kapp elutuppa. See rustikaalne kapp, millel on t\u00fcrkiissinised ja m\u00fcndirohelised toonid, toob ruumi iseloomulikku vananemist ja dekoratiivseid liiste. Avola kollektsiooni kuuluv kapp on valmistatud kvaliteetsest akaatsiapuidust ja vineerist, mis tagab vastupidavuse ja ajatu ilu. Kapp on varustatud kahe uksega, mille taga on reguleeritav riiul, pakkudes mitmek\u00fclgseid hoiustamisv\u00f5imalusi. Kapi m\u00f5\u00f5tmed on 82 cm [&hellip;]<\/p>\n","protected":false},"featured_media":6763,"comment_status":"open","ping_status":"closed","template":"","meta":[],"product_brand":[],"product_cat":[81],"product_tag":[],"class_list":{"0":"post-6762","1":"product","2":"type-product","3":"status-publish","4":"has-post-thumbnail","6":"product_cat-kapid-riiulid-ja-kummutid","7":"product_shipping_class-livin-hill","8":"pa_kaepidemed-puitunud","9":"pa_kollektsioon-avola","10":"pa_materjal-akaatsiapuit","11":"pa_riiulite-arv-99","12":"pa_uste-arv-94","13":"pa_varv-roheline","15":"first","16":"outofstock","17":"sale","18":"taxable","19":"shipping-taxable","20":"purchasable","21":"product-type-simple"},"_links":{"self":[{"href":"https:\/\/blankpage.ee\/_ruumist-ruumi\/wp-json\/wp\/v2\/product\/6762","targetHints":{"allow":["GET"]}}],"collection":[{"href":"https:\/\/blankpage.ee\/_ruumist-ruumi\/wp-json\/wp\/v2\/product"}],"about":[{"href":"https:\/\/blankpage.ee\/_ruumist-ruumi\/wp-json\/wp\/v2\/types\/product"}],"replies":[{"embeddable":true,"href":"https:\/\/blankpage.ee\/_ruumist-ruumi\/wp-json\/wp\/v2\/comments?post=6762"}],"wp:featuredmedia":[{"embeddable":true,"href":"https:\/\/blankpage.ee\/_ruumist-ruumi\/wp-json\/wp\/v2\/media\/6763"}],"wp:attachment":[{"href":"https:\/\/blankpage.ee\/_ruumist-ruumi\/wp-json\/wp\/v2\/media?parent=6762"}],"wp:term":[{"taxonomy":"product_brand","embeddable":true,"href":"https:\/\/blankpage.ee\/_ruumist-ruumi\/wp-json\/wp\/v2\/product_brand?post=6762"},{"taxonomy":"product_cat","embeddable":true,"href":"https:\/\/blankpage.ee\/_ruumist-ruumi\/wp-json\/wp\/v2\/product_cat?post=6762"},{"taxonomy":"product_tag","embeddable":true,"href":"https:\/\/blankpage.ee\/_ruumist-ruumi\/wp-json\/wp\/v2\/product_tag?post=6762"}],"curies":[{"name":"wp","href":"https:\/\/api.w.org\/{rel}","templated":true}]}}