{"id":6769,"date":"2024-11-01T12:09:51","date_gmt":"2024-11-01T12:09:51","guid":{"rendered":"https:\/\/ruumistruumi.ee\/pood\/turkiissinine-ja-mundiroheline-kummut-avola-av1615-70-akatsiapuust-ja-vineerist\/"},"modified":"2025-04-10T11:57:46","modified_gmt":"2025-04-10T11:57:46","slug":"mundiroheline-avola-av1615-70-vitriinkapp-akaatsiapuidust","status":"publish","type":"product","link":"https:\/\/blankpage.ee\/_ruumist-ruumi\/pood\/mundiroheline-avola-av1615-70-vitriinkapp-akaatsiapuidust\/","title":{"rendered":"M\u00fcndiroheline Avola AV1615-70 vitriinkapp, akaatsiapuidust"},"content":{"rendered":"<p>Avola AV1615-70 k\u00f5rge kapp elutuppa. See rustikaalne k\u00f5rge kapp toob esile maal\u00e4hedase v\u00f5lu oma t\u00fcrkiissinise ja mintrohelise v\u00e4rviga, mis on kaunistatud iseloomulike vananemisj\u00e4lgede ja dekoratiivsete liistudega. See on ideaalne valik, et lisada teie elutuppa isikup\u00e4ra ja stiili.<\/p>\n<p>Omadused:<br \/>\n<strong>Materjal:<\/strong> Akaatsiapuit ja vineer.<br \/>\n<strong>V\u00e4rv:<\/strong> T\u00fcrkiissinine ja mintroheline.<br \/>\n<strong>M\u00f5\u00f5tmed:<\/strong> Laius 178 cm, s\u00fcgavus 38 cm, k\u00f5rgus 106,5 cm.<br \/>\n<strong>T\u00e4iendavad detailid:<\/strong> 6 ust ja 3 riiulit, reguleeritav sisemine riiul, k\u00e4sitsi v\u00e4rvitud kulutatud viimistlus.<br \/>\n<strong>Kokkupanek:<\/strong> Kokkupandud, ei vaja paigaldust. S\u00e4\u00e4stab aega ja vaeva.<\/p>\n<p>&nbsp;<\/p>\n","protected":false},"excerpt":{"rendered":"<p>Avola AV1615-70 k\u00f5rge kapp elutuppa. See rustikaalne k\u00f5rge kapp toob esile maal\u00e4hedase v\u00f5lu oma t\u00fcrkiissinise ja mintrohelise v\u00e4rviga, mis on kaunistatud iseloomulike vananemisj\u00e4lgede ja dekoratiivsete liistudega. See on ideaalne valik, et lisada teie elutuppa isikup\u00e4ra ja stiili. Omadused: Materjal: Akaatsiapuit ja vineer. V\u00e4rv: T\u00fcrkiissinine ja mintroheline. M\u00f5\u00f5tmed: Laius 178 cm, s\u00fcgavus 38 cm, k\u00f5rgus 106,5 [&hellip;]<\/p>\n","protected":false},"featured_media":6770,"comment_status":"open","ping_status":"closed","template":"","meta":[],"product_brand":[],"product_cat":[81],"product_tag":[],"class_list":{"0":"post-6769","1":"product","2":"type-product","3":"status-publish","4":"has-post-thumbnail","6":"product_cat-kapid-riiulid-ja-kummutid","7":"product_shipping_class-livin-hill","8":"pa_kaepidemed-puitunud","9":"pa_kollektsioon-avola","10":"pa_materjal-akaatsiapuit","11":"pa_riiulite-arv-89","12":"pa_uste-arv-241","13":"pa_varv-roheline","15":"first","16":"instock","17":"sale","18":"taxable","19":"shipping-taxable","20":"purchasable","21":"product-type-simple"},"_links":{"self":[{"href":"https:\/\/blankpage.ee\/_ruumist-ruumi\/wp-json\/wp\/v2\/product\/6769","targetHints":{"allow":["GET"]}}],"collection":[{"href":"https:\/\/blankpage.ee\/_ruumist-ruumi\/wp-json\/wp\/v2\/product"}],"about":[{"href":"https:\/\/blankpage.ee\/_ruumist-ruumi\/wp-json\/wp\/v2\/types\/product"}],"replies":[{"embeddable":true,"href":"https:\/\/blankpage.ee\/_ruumist-ruumi\/wp-json\/wp\/v2\/comments?post=6769"}],"wp:featuredmedia":[{"embeddable":true,"href":"https:\/\/blankpage.ee\/_ruumist-ruumi\/wp-json\/wp\/v2\/media\/6770"}],"wp:attachment":[{"href":"https:\/\/blankpage.ee\/_ruumist-ruumi\/wp-json\/wp\/v2\/media?parent=6769"}],"wp:term":[{"taxonomy":"product_brand","embeddable":true,"href":"https:\/\/blankpage.ee\/_ruumist-ruumi\/wp-json\/wp\/v2\/product_brand?post=6769"},{"taxonomy":"product_cat","embeddable":true,"href":"https:\/\/blankpage.ee\/_ruumist-ruumi\/wp-json\/wp\/v2\/product_cat?post=6769"},{"taxonomy":"product_tag","embeddable":true,"href":"https:\/\/blankpage.ee\/_ruumist-ruumi\/wp-json\/wp\/v2\/product_tag?post=6769"}],"curies":[{"name":"wp","href":"https:\/\/api.w.org\/{rel}","templated":true}]}}