{"id":6852,"date":"2024-11-01T12:15:13","date_gmt":"2024-11-01T12:15:13","guid":{"rendered":"https:\/\/ruumistruumi.ee\/pood\/tumepruun-konsoollaud-avola-av1932-3-akatsiapuust-ja-vineerist\/"},"modified":"2025-06-17T08:57:44","modified_gmt":"2025-06-17T08:57:44","slug":"tumepruun-korvallaud-avola-av1932-3-akaatsiapuidust","status":"publish","type":"product","link":"https:\/\/blankpage.ee\/_ruumist-ruumi\/pood\/tumepruun-korvallaud-avola-av1932-3-akaatsiapuidust\/","title":{"rendered":"Tumepruun k\u00f5rvallaud Avola AV1932-3, akaatsiapuidust"},"content":{"rendered":"<p>Avola AV1932-3 diivanilaud elutuppa. See elegantne Provencali stiilis diivanilaud lisab teie elutuppa klassikalist v\u00f5lu. Tugevast akaatsiapuidust ja vineerist valmistatud laud on tumeda tamme tooniga, mis r\u00f5hutab selle ajatut ilu. \u00dcmarate ristjalgadega disain ja massiivne pealispind, millel on kalasabamustriline intarsia, loovad ainulaadse ja pilkup\u00fc\u00fcdva v\u00e4limuse. Laudade pealispinna n\u00e4htav puidustruktuur lisab sellele loomulikku ilu ja iseloomu.<\/p>\n<p>Laud on osaliselt kokkupandud, mis teeb selle paigaldamise lihtsaks ja mugavaks. Avola kollektsiooni kuuluv diivanilaud on suurep\u00e4rane valik neile, kes hindavad kvaliteetset k\u00e4sit\u00f6\u00f6d ja klassikalist disaini. Selle laua m\u00f5\u00f5tmed on 61 cm lai, 61 cm s\u00fcgav ja 61 cm k\u00f5rge, pakkudes piisavalt ruumi dekoratiivesemete v\u00f5i kohvitassi jaoks.<\/p>\n<p>Omadused:<br \/>\n<strong>Materjal:<\/strong> Akaatsiapuit ja vineer.<br \/>\n<strong>V\u00e4rv:<\/strong> Tumepruun.<br \/>\n<strong>M\u00f5\u00f5tmed:<\/strong> Laius 61 cm, s\u00fcgavus 61 cm, k\u00f5rgus 61 cm.<br \/>\n<strong>T\u00e4iendavad detailid:<\/strong> Kalasabamustriline intarsia pealispind ja n\u00e4htav puidustruktuur.<br \/>\n<strong>Kokkupanek:<\/strong> Osaliselt kokku pandud, h\u00f5lbustamaks paigaldamist.<\/p>\n<p>&nbsp;<\/p>\n","protected":false},"excerpt":{"rendered":"<p>Avola AV1932-3 diivanilaud elutuppa. See elegantne Provencali stiilis diivanilaud lisab teie elutuppa klassikalist v\u00f5lu. Tugevast akaatsiapuidust ja vineerist valmistatud laud on tumeda tamme tooniga, mis r\u00f5hutab selle ajatut ilu. \u00dcmarate ristjalgadega disain ja massiivne pealispind, millel on kalasabamustriline intarsia, loovad ainulaadse ja pilkup\u00fc\u00fcdva v\u00e4limuse. Laudade pealispinna n\u00e4htav puidustruktuur lisab sellele loomulikku ilu ja iseloomu. Laud [&hellip;]<\/p>\n","protected":false},"featured_media":6853,"comment_status":"open","ping_status":"closed","template":"","meta":[],"product_brand":[],"product_cat":[145],"product_tag":[],"class_list":{"0":"post-6852","1":"product","2":"type-product","3":"status-publish","4":"has-post-thumbnail","6":"product_cat-lisalauad","7":"product_shipping_class-livin-hill","8":"pa_kollektsioon-avola","9":"pa_materjal-akaatsiapuit","10":"pa_varv-tumepruun","12":"first","13":"instock","14":"sale","15":"taxable","16":"shipping-taxable","17":"purchasable","18":"product-type-simple"},"_links":{"self":[{"href":"https:\/\/blankpage.ee\/_ruumist-ruumi\/wp-json\/wp\/v2\/product\/6852","targetHints":{"allow":["GET"]}}],"collection":[{"href":"https:\/\/blankpage.ee\/_ruumist-ruumi\/wp-json\/wp\/v2\/product"}],"about":[{"href":"https:\/\/blankpage.ee\/_ruumist-ruumi\/wp-json\/wp\/v2\/types\/product"}],"replies":[{"embeddable":true,"href":"https:\/\/blankpage.ee\/_ruumist-ruumi\/wp-json\/wp\/v2\/comments?post=6852"}],"wp:featuredmedia":[{"embeddable":true,"href":"https:\/\/blankpage.ee\/_ruumist-ruumi\/wp-json\/wp\/v2\/media\/6853"}],"wp:attachment":[{"href":"https:\/\/blankpage.ee\/_ruumist-ruumi\/wp-json\/wp\/v2\/media?parent=6852"}],"wp:term":[{"taxonomy":"product_brand","embeddable":true,"href":"https:\/\/blankpage.ee\/_ruumist-ruumi\/wp-json\/wp\/v2\/product_brand?post=6852"},{"taxonomy":"product_cat","embeddable":true,"href":"https:\/\/blankpage.ee\/_ruumist-ruumi\/wp-json\/wp\/v2\/product_cat?post=6852"},{"taxonomy":"product_tag","embeddable":true,"href":"https:\/\/blankpage.ee\/_ruumist-ruumi\/wp-json\/wp\/v2\/product_tag?post=6852"}],"curies":[{"name":"wp","href":"https:\/\/api.w.org\/{rel}","templated":true}]}}