{"id":6872,"date":"2024-11-01T12:16:34","date_gmt":"2024-11-01T12:16:34","guid":{"rendered":"https:\/\/ruumistruumi.ee\/pood\/valge-kummut-hudson-h04-korglaikega-mdf-ja-roostevabast-terasest-jalad\/"},"modified":"2025-06-17T08:57:44","modified_gmt":"2025-06-17T08:57:44","slug":"valge-korglaikega-hudson-h04-kummut-pulbervarvitud-mdf","status":"publish","type":"product","link":"https:\/\/blankpage.ee\/_ruumist-ruumi\/pood\/valge-korglaikega-hudson-h04-kummut-pulbervarvitud-mdf\/","title":{"rendered":"Valge k\u00f5rgl\u00e4ikega Hudson H04 kummut, pulberv\u00e4rvitud MDF"},"content":{"rendered":"<p>Hudson H04 kummut elutuppa. See modernse klassikalise stiiliga valge kummut on t\u00f5eline pilgup\u00fc\u00fcdja, mille parameterrilised esipaneelid annavad lihtsale kujule unikaalse iseloomu. Kummutil on roostevabast terasest jalad ja kolm pehme sulgumise s\u00fcsteemiga hingedega ust, mis lisavad kasutusmugavust ja elegantsi.<\/p>\n<p>Hudson H04 kummut on loodud pakkuma praktilisust ja stiili igasse elutuppa. Selle k\u00f5rgl\u00e4ikega pulberv\u00e4rvitud MDF pind on kaetud anti-fingerprint kihiga, mis v\u00e4hendab s\u00f5rmej\u00e4lgede n\u00e4htavust, hoides kummuti alati puhtana. Kummuti laius on 180 cm, s\u00fcgavus 49 cm ja k\u00f5rgus 73 cm, pakkudes piisavalt ruumi igap\u00e4evaste esemete hoiustamiseks.<\/p>\n<p>Omadused:<br \/>\n<strong>Materjal:<\/strong> K\u00f5rgl\u00e4ikega pulberv\u00e4rvitud MDF ja roostevabast terasest jalad.<br \/>\n<strong>V\u00e4rv:<\/strong> Valge, k\u00f5rgl\u00e4ige.<br \/>\n<strong>M\u00f5\u00f5tmed:<\/strong> Laius 180 cm, s\u00fcgavus 49 cm, k\u00f5rgus 73 cm.<br \/>\n<strong>T\u00e4iendavad detailid:<\/strong> Anti-fingerprint pind; pehme sulgumise s\u00fcsteem.<br \/>\n<strong>Kokkupanek:<\/strong> Kokkupandud, ei vaja paigaldust. S\u00e4\u00e4stab aega ja vaeva.<\/p>\n<p>&nbsp;<\/p>\n","protected":false},"excerpt":{"rendered":"<p>Hudson H04 kummut elutuppa. See modernse klassikalise stiiliga valge kummut on t\u00f5eline pilgup\u00fc\u00fcdja, mille parameterrilised esipaneelid annavad lihtsale kujule unikaalse iseloomu. Kummutil on roostevabast terasest jalad ja kolm pehme sulgumise s\u00fcsteemiga hingedega ust, mis lisavad kasutusmugavust ja elegantsi. Hudson H04 kummut on loodud pakkuma praktilisust ja stiili igasse elutuppa. Selle k\u00f5rgl\u00e4ikega pulberv\u00e4rvitud MDF pind on [&hellip;]<\/p>\n","protected":false},"featured_media":6873,"comment_status":"open","ping_status":"closed","template":"","meta":[],"product_brand":[],"product_cat":[81],"product_tag":[],"class_list":{"0":"post-6872","1":"product","2":"type-product","3":"status-publish","4":"has-post-thumbnail","6":"product_cat-kapid-riiulid-ja-kummutid","7":"product_shipping_class-livin-hill","8":"pa_kollektsioon-hudson","9":"pa_materjal-kuldne","10":"pa_varv-valge","12":"first","13":"instock","14":"sale","15":"taxable","16":"shipping-taxable","17":"purchasable","18":"product-type-simple"},"_links":{"self":[{"href":"https:\/\/blankpage.ee\/_ruumist-ruumi\/wp-json\/wp\/v2\/product\/6872","targetHints":{"allow":["GET"]}}],"collection":[{"href":"https:\/\/blankpage.ee\/_ruumist-ruumi\/wp-json\/wp\/v2\/product"}],"about":[{"href":"https:\/\/blankpage.ee\/_ruumist-ruumi\/wp-json\/wp\/v2\/types\/product"}],"replies":[{"embeddable":true,"href":"https:\/\/blankpage.ee\/_ruumist-ruumi\/wp-json\/wp\/v2\/comments?post=6872"}],"wp:featuredmedia":[{"embeddable":true,"href":"https:\/\/blankpage.ee\/_ruumist-ruumi\/wp-json\/wp\/v2\/media\/6873"}],"wp:attachment":[{"href":"https:\/\/blankpage.ee\/_ruumist-ruumi\/wp-json\/wp\/v2\/media?parent=6872"}],"wp:term":[{"taxonomy":"product_brand","embeddable":true,"href":"https:\/\/blankpage.ee\/_ruumist-ruumi\/wp-json\/wp\/v2\/product_brand?post=6872"},{"taxonomy":"product_cat","embeddable":true,"href":"https:\/\/blankpage.ee\/_ruumist-ruumi\/wp-json\/wp\/v2\/product_cat?post=6872"},{"taxonomy":"product_tag","embeddable":true,"href":"https:\/\/blankpage.ee\/_ruumist-ruumi\/wp-json\/wp\/v2\/product_tag?post=6872"}],"curies":[{"name":"wp","href":"https:\/\/api.w.org\/{rel}","templated":true}]}}