{"id":6878,"date":"2024-11-01T12:17:03","date_gmt":"2024-11-01T12:17:03","guid":{"rendered":"https:\/\/ruumistruumi.ee\/pood\/cementroheline-kummut-rose-hill-rh01-korglaikega-mdf\/"},"modified":"2025-04-10T11:57:49","modified_gmt":"2025-04-10T11:57:49","slug":"roheline-korglaikega-kummut-rose-hill-rh01-pulbervarvitud-mdf","status":"publish","type":"product","link":"https:\/\/blankpage.ee\/_ruumist-ruumi\/pood\/roheline-korglaikega-kummut-rose-hill-rh01-pulbervarvitud-mdf\/","title":{"rendered":"Roheline k\u00f5rgl\u00e4ikega kummut Rose Hill RH01, pulberv\u00e4rvitud MDF"},"content":{"rendered":"<p>Rose Hill RH01 kummut elutuppa. See modernne klassikaline kummut on elegantne t\u00e4iendus igasse elutuppa. Kummuti tsemendiroheline v\u00e4rv koos kuldsete roostevabast terasest jalgadega loob silmapaistva kontrasti, mis lisab ruumile isikup\u00e4ra. Kummuti korpus on valmistatud k\u00f5rgl\u00e4ikega MDF-plaadist, millel on iseloomulikud 3D-esipaneelid, mis koos minimalistliku kujundusega loovad harmoonilise terviku.<\/p>\n<p>Kummuti neli ust ja neli riiulit pakuvad rohkelt hoiustamisv\u00f5imalusi, hoides elutoa korras ja stiilsena. Pehme sulgumisega hinged tagavad sujuva ja vaikse kasutamise, lisades igap\u00e4evasele mugavusele luksuslikku tunnet. Kummuti m\u00f5\u00f5tmed on 180 cm lai, 39,5 cm s\u00fcgav ja 75 cm k\u00f5rge, mis teeb sellest praktilise valiku nii v\u00e4iksematesse kui ka avaramatesse eluruumidesse.<\/p>\n<p>Omadused:<br \/>\n<strong>Materjal:<\/strong> K\u00f5rgl\u00e4ikega pulberv\u00e4rvitud MDF ja roostevabast terasest jalad.<br \/>\n<strong>V\u00e4rv:<\/strong> Tsemendiroheline k\u00f5rgl\u00e4ige, kuldsed jalad.<br \/>\n<strong>M\u00f5\u00f5tmed:<\/strong> Laius 180 cm, s\u00fcgavus 39,5 cm, k\u00f5rgus 75 cm.<br \/>\n<strong>T\u00e4iendavad detailid:<\/strong> Pehme sulgumisega hinged, 165\u00b0 avamisnurk.<br \/>\n<strong>Kokkupanek:<\/strong> T\u00e4ielikult kokkupandud, ei vaja paigaldust. S\u00e4\u00e4stab aega ja vaeva.<\/p>\n<p>&nbsp;<\/p>\n","protected":false},"excerpt":{"rendered":"<p>Rose Hill RH01 kummut elutuppa. See modernne klassikaline kummut on elegantne t\u00e4iendus igasse elutuppa. Kummuti tsemendiroheline v\u00e4rv koos kuldsete roostevabast terasest jalgadega loob silmapaistva kontrasti, mis lisab ruumile isikup\u00e4ra. Kummuti korpus on valmistatud k\u00f5rgl\u00e4ikega MDF-plaadist, millel on iseloomulikud 3D-esipaneelid, mis koos minimalistliku kujundusega loovad harmoonilise terviku. Kummuti neli ust ja neli riiulit pakuvad rohkelt hoiustamisv\u00f5imalusi, [&hellip;]<\/p>\n","protected":false},"featured_media":6879,"comment_status":"open","ping_status":"closed","template":"","meta":[],"product_brand":[],"product_cat":[81],"product_tag":[],"class_list":{"0":"post-6878","1":"product","2":"type-product","3":"status-publish","4":"has-post-thumbnail","6":"product_cat-kapid-riiulid-ja-kummutid","7":"product_shipping_class-livin-hill","8":"pa_kollektsioon-rose-hill","9":"pa_materjal-kuldne","10":"pa_riiulite-arv-110","11":"pa_uste-arv-75","12":"pa_varv-roheline","14":"first","15":"instock","16":"sale","17":"taxable","18":"shipping-taxable","19":"purchasable","20":"product-type-simple"},"_links":{"self":[{"href":"https:\/\/blankpage.ee\/_ruumist-ruumi\/wp-json\/wp\/v2\/product\/6878","targetHints":{"allow":["GET"]}}],"collection":[{"href":"https:\/\/blankpage.ee\/_ruumist-ruumi\/wp-json\/wp\/v2\/product"}],"about":[{"href":"https:\/\/blankpage.ee\/_ruumist-ruumi\/wp-json\/wp\/v2\/types\/product"}],"replies":[{"embeddable":true,"href":"https:\/\/blankpage.ee\/_ruumist-ruumi\/wp-json\/wp\/v2\/comments?post=6878"}],"wp:featuredmedia":[{"embeddable":true,"href":"https:\/\/blankpage.ee\/_ruumist-ruumi\/wp-json\/wp\/v2\/media\/6879"}],"wp:attachment":[{"href":"https:\/\/blankpage.ee\/_ruumist-ruumi\/wp-json\/wp\/v2\/media?parent=6878"}],"wp:term":[{"taxonomy":"product_brand","embeddable":true,"href":"https:\/\/blankpage.ee\/_ruumist-ruumi\/wp-json\/wp\/v2\/product_brand?post=6878"},{"taxonomy":"product_cat","embeddable":true,"href":"https:\/\/blankpage.ee\/_ruumist-ruumi\/wp-json\/wp\/v2\/product_cat?post=6878"},{"taxonomy":"product_tag","embeddable":true,"href":"https:\/\/blankpage.ee\/_ruumist-ruumi\/wp-json\/wp\/v2\/product_tag?post=6878"}],"curies":[{"name":"wp","href":"https:\/\/api.w.org\/{rel}","templated":true}]}}