{"id":6883,"date":"2024-11-01T12:17:31","date_gmt":"2024-11-01T12:17:31","guid":{"rendered":"https:\/\/ruumistruumi.ee\/pood\/liivakarva-hudson-h01-kummut-korglaikega-mdf-ja-roostevabast-terasest-jalad\/"},"modified":"2025-04-10T11:57:50","modified_gmt":"2025-04-10T11:57:50","slug":"beez-korglaikega-kummut-hudson-h01-pulbervarvitud-mdf","status":"publish","type":"product","link":"https:\/\/blankpage.ee\/_ruumist-ruumi\/pood\/beez-korglaikega-kummut-hudson-h01-pulbervarvitud-mdf\/","title":{"rendered":"Bee\u017e k\u00f5rgl\u00e4ikega kummut Hudson H01, pulberv\u00e4rvitud MDF"},"content":{"rendered":"<p>Hudson H01 kummut elutuppa. See modernne liivakarva kummut on ideaalne valik, et lisada teie elutuppa peent elegantsi. Kummuti kaks avanevat ust ja kolm sahtlit on varustatud pehme sulgumise s\u00fcsteemiga, mis tagab sujuva ja vaikse kasutamise. Kroomitud aktsendid ja roostevabast terasest jalad lisavad sellele lihtsale vormile ainulaadset stiili.<\/p>\n<p>Kummuti k\u00f5rgl\u00e4ikega pulberv\u00e4rvitud MDF-pind on varustatud s\u00f5rmej\u00e4ljekaitsega, mis hoiab selle puhtana ja hooldatuna. See on praktiline ja stiilne m\u00f6\u00f6bliese, mis sobib suurep\u00e4raselt kaasaegsesse interj\u00f6\u00f6ri, pakkudes samal ajal piisavalt hoiuruumi.<\/p>\n<p>Omadused:<br \/>\n<strong>Materjal:<\/strong> K\u00f5rgl\u00e4ikega pulberv\u00e4rvitud MDF ja roostevabast terasest jalad.<br \/>\n<strong>V\u00e4rv:<\/strong> Liivakarva k\u00f5rgl\u00e4ige, kroomitud jalad.<br \/>\n<strong>M\u00f5\u00f5tmed:<\/strong> Laius 180 cm, s\u00fcgavus 42 cm, k\u00f5rgus 85 cm.<br \/>\n<strong>T\u00e4iendavad detailid:<\/strong> S\u00f5rmej\u00e4ljekaitsega pind, pehme sulgumise s\u00fcsteem.<br \/>\n<strong>Kokkupanek:<\/strong> Kokkupandud, ei vaja paigaldust. S\u00e4\u00e4stab aega ja vaeva.<\/p>\n<p>&nbsp;<\/p>\n","protected":false},"excerpt":{"rendered":"<p>Hudson H01 kummut elutuppa. See modernne liivakarva kummut on ideaalne valik, et lisada teie elutuppa peent elegantsi. Kummuti kaks avanevat ust ja kolm sahtlit on varustatud pehme sulgumise s\u00fcsteemiga, mis tagab sujuva ja vaikse kasutamise. Kroomitud aktsendid ja roostevabast terasest jalad lisavad sellele lihtsale vormile ainulaadset stiili. Kummuti k\u00f5rgl\u00e4ikega pulberv\u00e4rvitud MDF-pind on varustatud s\u00f5rmej\u00e4ljekaitsega, mis [&hellip;]<\/p>\n","protected":false},"featured_media":6884,"comment_status":"open","ping_status":"closed","template":"","meta":[],"product_brand":[],"product_cat":[81],"product_tag":[],"class_list":{"0":"post-6883","1":"product","2":"type-product","3":"status-publish","4":"has-post-thumbnail","6":"product_cat-kapid-riiulid-ja-kummutid","7":"product_shipping_class-livin-hill","8":"pa_kollektsioon-hudson","9":"pa_materjal-kuldne","10":"pa_varv-beez","12":"first","13":"instock","14":"sale","15":"taxable","16":"shipping-taxable","17":"purchasable","18":"product-type-simple"},"_links":{"self":[{"href":"https:\/\/blankpage.ee\/_ruumist-ruumi\/wp-json\/wp\/v2\/product\/6883","targetHints":{"allow":["GET"]}}],"collection":[{"href":"https:\/\/blankpage.ee\/_ruumist-ruumi\/wp-json\/wp\/v2\/product"}],"about":[{"href":"https:\/\/blankpage.ee\/_ruumist-ruumi\/wp-json\/wp\/v2\/types\/product"}],"replies":[{"embeddable":true,"href":"https:\/\/blankpage.ee\/_ruumist-ruumi\/wp-json\/wp\/v2\/comments?post=6883"}],"wp:featuredmedia":[{"embeddable":true,"href":"https:\/\/blankpage.ee\/_ruumist-ruumi\/wp-json\/wp\/v2\/media\/6884"}],"wp:attachment":[{"href":"https:\/\/blankpage.ee\/_ruumist-ruumi\/wp-json\/wp\/v2\/media?parent=6883"}],"wp:term":[{"taxonomy":"product_brand","embeddable":true,"href":"https:\/\/blankpage.ee\/_ruumist-ruumi\/wp-json\/wp\/v2\/product_brand?post=6883"},{"taxonomy":"product_cat","embeddable":true,"href":"https:\/\/blankpage.ee\/_ruumist-ruumi\/wp-json\/wp\/v2\/product_cat?post=6883"},{"taxonomy":"product_tag","embeddable":true,"href":"https:\/\/blankpage.ee\/_ruumist-ruumi\/wp-json\/wp\/v2\/product_tag?post=6883"}],"curies":[{"name":"wp","href":"https:\/\/api.w.org\/{rel}","templated":true}]}}