{"id":6889,"date":"2024-11-01T12:18:01","date_gmt":"2024-11-01T12:18:01","guid":{"rendered":"https:\/\/ruumistruumi.ee\/pood\/must-tamme-kummut-hudson-h02-musta-tamme-vineerist\/"},"modified":"2025-04-10T11:57:50","modified_gmt":"2025-04-10T11:57:50","slug":"must-kummut-hudson-h02-tammevineer-mdf","status":"publish","type":"product","link":"https:\/\/blankpage.ee\/_ruumist-ruumi\/pood\/must-kummut-hudson-h02-tammevineer-mdf\/","title":{"rendered":"Must kummut Hudson H02, tammevineer, MDF"},"content":{"rendered":"<p>Hudson H02 puhvetkapp elutuppa. See modernne must puhvetkapp \u00fchendab endas musta tamme spooni ja roosakuldsete toonidega jalad. Kapi korpus paistab silma n\u00e4htava puidustruktuuriga ning sahtlite k\u00e4epidemed on elegantselt kapi aluse tasapinnaga \u00fchtlustatud. Tootel on neli sahtlit, mis on varustatud pehme sulgemise s\u00fcsteemiga, pakkudes vaikset ja sujuvat kasutuskogemust.<\/p>\n<p>Hudson H02 puhvetkapp on ideaalne valik neile, kes hindavad kaasaegset disaini ja funktsionaalsust. Musta tamme spooni ja roosakuldsete jalgade kombinatsioon loob luksusliku ja ajatu v\u00e4limuse, mis t\u00e4iendab suurep\u00e4raselt igat elutoa interj\u00f6\u00f6ri. Kapi neli sahtlit pakuvad rohkelt hoiuruumi, hoides teie elutoa korras ja organiseerituna.<\/p>\n<p>Omadused:<br \/>\n<strong>Materjal:<\/strong> Musta tamme spoon, MDF, roostevabast terasest jalad.<br \/>\n<strong>V\u00e4rv:<\/strong> Must tamm, roosakuldsete toonidega jalad.<br \/>\n<strong>M\u00f5\u00f5tmed:<\/strong> Laius 180 cm, s\u00fcgavus 43 cm, k\u00f5rgus 90 cm.<br \/>\n<strong>T\u00e4iendavad detailid:<\/strong> Pehme sulgemise s\u00fcsteem sahtlites.<br \/>\n<strong>Kokkupanek:<\/strong> Kokkupandud, ei vaja paigaldust. S\u00e4\u00e4stab aega ja vaeva.<\/p>\n<p>&nbsp;<\/p>\n","protected":false},"excerpt":{"rendered":"<p>Hudson H02 puhvetkapp elutuppa. See modernne must puhvetkapp \u00fchendab endas musta tamme spooni ja roosakuldsete toonidega jalad. Kapi korpus paistab silma n\u00e4htava puidustruktuuriga ning sahtlite k\u00e4epidemed on elegantselt kapi aluse tasapinnaga \u00fchtlustatud. Tootel on neli sahtlit, mis on varustatud pehme sulgemise s\u00fcsteemiga, pakkudes vaikset ja sujuvat kasutuskogemust. Hudson H02 puhvetkapp on ideaalne valik neile, kes [&hellip;]<\/p>\n","protected":false},"featured_media":6890,"comment_status":"open","ping_status":"closed","template":"","meta":[],"product_brand":[],"product_cat":[81],"product_tag":[],"class_list":{"0":"post-6889","1":"product","2":"type-product","3":"status-publish","4":"has-post-thumbnail","6":"product_cat-kapid-riiulid-ja-kummutid","7":"product_shipping_class-livin-hill","8":"pa_kollektsioon-hudson","9":"pa_materjal-must-tammivineer","10":"pa_varv-must","12":"first","13":"instock","14":"sale","15":"taxable","16":"shipping-taxable","17":"purchasable","18":"product-type-simple"},"_links":{"self":[{"href":"https:\/\/blankpage.ee\/_ruumist-ruumi\/wp-json\/wp\/v2\/product\/6889","targetHints":{"allow":["GET"]}}],"collection":[{"href":"https:\/\/blankpage.ee\/_ruumist-ruumi\/wp-json\/wp\/v2\/product"}],"about":[{"href":"https:\/\/blankpage.ee\/_ruumist-ruumi\/wp-json\/wp\/v2\/types\/product"}],"replies":[{"embeddable":true,"href":"https:\/\/blankpage.ee\/_ruumist-ruumi\/wp-json\/wp\/v2\/comments?post=6889"}],"wp:featuredmedia":[{"embeddable":true,"href":"https:\/\/blankpage.ee\/_ruumist-ruumi\/wp-json\/wp\/v2\/media\/6890"}],"wp:attachment":[{"href":"https:\/\/blankpage.ee\/_ruumist-ruumi\/wp-json\/wp\/v2\/media?parent=6889"}],"wp:term":[{"taxonomy":"product_brand","embeddable":true,"href":"https:\/\/blankpage.ee\/_ruumist-ruumi\/wp-json\/wp\/v2\/product_brand?post=6889"},{"taxonomy":"product_cat","embeddable":true,"href":"https:\/\/blankpage.ee\/_ruumist-ruumi\/wp-json\/wp\/v2\/product_cat?post=6889"},{"taxonomy":"product_tag","embeddable":true,"href":"https:\/\/blankpage.ee\/_ruumist-ruumi\/wp-json\/wp\/v2\/product_tag?post=6889"}],"curies":[{"name":"wp","href":"https:\/\/api.w.org\/{rel}","templated":true}]}}