{"id":6895,"date":"2024-11-01T12:18:30","date_gmt":"2024-11-01T12:18:30","guid":{"rendered":"https:\/\/ruumistruumi.ee\/pood\/valge-tv-alus-hudson-h11-korglaikega-mdf-ja-roostevabast-terasest-jalad\/"},"modified":"2025-04-10T11:57:50","modified_gmt":"2025-04-10T11:57:50","slug":"valge-korglaikega-tv-alus-hudson-h11-pulbervarvitud-mdf","status":"publish","type":"product","link":"https:\/\/blankpage.ee\/_ruumist-ruumi\/pood\/valge-korglaikega-tv-alus-hudson-h11-pulbervarvitud-mdf\/","title":{"rendered":"Valge k\u00f5rgl\u00e4ikega TV-alus Hudson H11, pulberv\u00e4rvitud MDF"},"content":{"rendered":"<p>Hudson H11 TV-alus elutuppa. See elegantne ja kaasaegne TV-alus lisab teie elutuppa rafineeritud stiili. Valmistatud valgest k\u00f5rgl\u00e4ikega pulberv\u00e4rvitud MDF-ist, mille parameterrindel on ainulaadne iseloom, mis muudab lihtsa vormi silmapaistvaks. Roostevabast terasest jalad ja kolm pehme sulgumisega sahtlit pakuvad nii esteetilist naudingut kui ka praktilisust.<\/p>\n<p>Hudson H11 TV-aluse omadused on t\u00f5eliselt muljetavaldavad. Selle anti-s\u00f5rmej\u00e4lgede pinnat\u00f6\u00f6tlus tagab, et pind j\u00e4\u00e4b puhtaks ja hooldatud v\u00e4limusega. Pehme sulgumisega sahtlid lisavad kasutusmugavust, v\u00f5imaldades sujuvat ja vaikset sahtlite sulgemist. See TV-alus on suurep\u00e4rane valik neile, kes hindavad nii funktsionaalsust kui ka disaini.<\/p>\n<p>Omadused:<br \/>\n<strong>Materjal:<\/strong> K\u00f5rgl\u00e4ikega pulberv\u00e4rvitud MDF ja roostevabast terasest jalad.<br \/>\n<strong>V\u00e4rv:<\/strong> Valge k\u00f5rgl\u00e4ige.<br \/>\n<strong>M\u00f5\u00f5tmed:<\/strong> Laius 180 cm, s\u00fcgavus 49 cm, k\u00f5rgus 50 cm.<br \/>\n<strong>T\u00e4iendavad detailid:<\/strong> Anti-s\u00f5rmej\u00e4lgede pind, pehme sulgumisega sahtlid.<br \/>\n<strong>Kokkupanek:<\/strong> T\u00e4ielik kokkupanek, ei vaja paigaldust. S\u00e4\u00e4stab aega ja vaeva.<\/p>\n<p>&nbsp;<\/p>\n","protected":false},"excerpt":{"rendered":"<p>Hudson H11 TV-alus elutuppa. See elegantne ja kaasaegne TV-alus lisab teie elutuppa rafineeritud stiili. Valmistatud valgest k\u00f5rgl\u00e4ikega pulberv\u00e4rvitud MDF-ist, mille parameterrindel on ainulaadne iseloom, mis muudab lihtsa vormi silmapaistvaks. Roostevabast terasest jalad ja kolm pehme sulgumisega sahtlit pakuvad nii esteetilist naudingut kui ka praktilisust. Hudson H11 TV-aluse omadused on t\u00f5eliselt muljetavaldavad. Selle anti-s\u00f5rmej\u00e4lgede pinnat\u00f6\u00f6tlus tagab, [&hellip;]<\/p>\n","protected":false},"featured_media":6896,"comment_status":"open","ping_status":"closed","template":"","meta":[],"product_brand":[],"product_cat":[85],"product_tag":[],"class_list":{"0":"post-6895","1":"product","2":"type-product","3":"status-publish","4":"has-post-thumbnail","6":"product_cat-tv-alused","7":"product_shipping_class-livin-hill","8":"pa_kollektsioon-hudson","9":"pa_materjal-kuldne","10":"pa_varv-valge","12":"first","13":"instock","14":"sale","15":"taxable","16":"shipping-taxable","17":"purchasable","18":"product-type-simple"},"_links":{"self":[{"href":"https:\/\/blankpage.ee\/_ruumist-ruumi\/wp-json\/wp\/v2\/product\/6895","targetHints":{"allow":["GET"]}}],"collection":[{"href":"https:\/\/blankpage.ee\/_ruumist-ruumi\/wp-json\/wp\/v2\/product"}],"about":[{"href":"https:\/\/blankpage.ee\/_ruumist-ruumi\/wp-json\/wp\/v2\/types\/product"}],"replies":[{"embeddable":true,"href":"https:\/\/blankpage.ee\/_ruumist-ruumi\/wp-json\/wp\/v2\/comments?post=6895"}],"wp:featuredmedia":[{"embeddable":true,"href":"https:\/\/blankpage.ee\/_ruumist-ruumi\/wp-json\/wp\/v2\/media\/6896"}],"wp:attachment":[{"href":"https:\/\/blankpage.ee\/_ruumist-ruumi\/wp-json\/wp\/v2\/media?parent=6895"}],"wp:term":[{"taxonomy":"product_brand","embeddable":true,"href":"https:\/\/blankpage.ee\/_ruumist-ruumi\/wp-json\/wp\/v2\/product_brand?post=6895"},{"taxonomy":"product_cat","embeddable":true,"href":"https:\/\/blankpage.ee\/_ruumist-ruumi\/wp-json\/wp\/v2\/product_cat?post=6895"},{"taxonomy":"product_tag","embeddable":true,"href":"https:\/\/blankpage.ee\/_ruumist-ruumi\/wp-json\/wp\/v2\/product_tag?post=6895"}],"curies":[{"name":"wp","href":"https:\/\/api.w.org\/{rel}","templated":true}]}}